{"id":12263,"date":"2024-05-04T18:00:32","date_gmt":"2024-05-04T16:00:32","guid":{"rendered":"https:\/\/piyola.shop\/?post_type=product&#038;p=12263"},"modified":"2024-05-12T17:56:32","modified_gmt":"2024-05-12T15:56:32","slug":"sorish-uchun-tabletkalarlutschtabletten","status":"publish","type":"product","link":"https:\/\/piyola.shop\/uz\/mahsulot\/sorish-uchun-tabletkalarlutschtabletten\/","title":{"rendered":"S\u00f6rish uchun tabletkalar(Lutschtabletten)"},"content":{"rendered":"<p>Sanostol pastillari vitaminlar va kaltsiyning kombinatsiyasini o&#8217;z ichiga oladi. Pastillar shakarsiz va glyutensizdir. Multivitaminli preparat butun oila uchun mo&#8217;ljallangan va uni 4 yoshdan katta bolalar qabul qilishi mumkin.<\/p>\n<p>Tavsiya etilgan dozasi: 4 yoshdan 7 yoshgacha bo&#8217;lgan bolalar kuniga 2 tabletkadan, 7 yoshdan katta bolalarga, o&#8217;smirlar va kattalarga 3 tabletkadan so&#8217;riladi. Tavsiya etilgan sutkalik dozadan oshib ketmaslik kerak. Mahsulot tarkibida A vitamini mavjud. Homilador ayollar va homiladorlikni istisno qilib bo&#8217;lmaydigan ayollar iste&#8217;mol qilishni boshlashdan oldin shifokor bilan maslahatlashishlari kerak. Ortiqcha iste&#8217;mol qilinsa, laksatif ta&#8217;sir ko&#8217;rsatishi mumkin. Fenilalaninni o&#8217;z ichiga oladi.<\/p>\n<p>Tarkibi: totlantiruvchi sorbitol, kaltsiy karbonat, kislotalashtiruvchi limon kislotasi, natriy vodorod karbonat, vitamin C, A vitamini, B1 vitamini, B2 vitamini, B6 vitamini, B12 vitamini, D vitamini, E vitamini, pantotenik kislota, niatsin, foliy kislotasi, biotin, pishishiga qarshi vosita yog&#8217; kislotalarining magniy tuzlari, tatlar, tatland\u0131r\u0131c\u0131lar (aspartam, asesulfam K)<\/p>\n<p>Kundalik doza uchun tarkibi* % NRV**<br \/>\nBiotin 13 mkg 27%<br \/>\nKaltsiy 200 mg 25%<br \/>\nFolik kislota 200 mkg 100%<br \/>\nNiatsin 8 mg 50%<br \/>\nPantotenik kislota 3,3 mg 56%<br \/>\nVitamin B2, riboflavin 0,73 mg 52%<br \/>\nA vitamini 533 mkg 67%<br \/>\nVitamin B 1, tiamin 0,67 mg 61%<br \/>\nVitamin B 12 1,2 mkg 48%<br \/>\nVitamin B 6 0,46 mg 33%<br \/>\nS vitamini 53 mg 67%<br \/>\nD vitamini 3,3 mkg 67%<br \/>\nE vitamini 6,7 mg 56%<br \/>\n*2 bo&#8217;lakka to&#8217;g&#8217;ri keladi<br \/>\n** Oziq-ovqat ma&#039;lumotlarini to&#039;g&#039;ridan-to&#039;g&#039;ri iste&#039;mol qilish uchun qulay ma&#039;lumot narxlari (NRV).<\/p>\n<p>Dr. Kade Pharmazeutische Fabrik GmbH Rigistra\u00dfe 2, 12277 Berlin<\/p>","protected":false},"excerpt":{"rendered":"<p>Sanostol pastillari vitaminlar va kaltsiyning kombinatsiyasini o&#8217;z ichiga oladi. Pastillar&hellip;<\/p>\n<p> <a class=\"more-link\" href=\"https:\/\/piyola.shop\/uz\/mahsulot\/sorish-uchun-tabletkalarlutschtabletten\/\">Ko&#039;proq o&#039;qish<\/a><\/p>","protected":false},"featured_media":13376,"comment_status":"open","ping_status":"closed","template":"","meta":{"om_disable_all_campaigns":false},"product_brand":[],"product_cat":[131],"product_tag":[],"class_list":{"0":"post-12263","1":"product","2":"type-product","3":"status-publish","4":"has-post-thumbnail","6":"product_cat-vitaminlar","8":"first","9":"instock","10":"shipping-taxable","11":"purchasable","12":"product-type-simple"},"aioseo_notices":[],"jetpack_sharing_enabled":true,"builder_content":"","_links":{"self":[{"href":"https:\/\/piyola.shop\/uz\/wp-json\/wp\/v2\/product\/12263","targetHints":{"allow":["GET"]}}],"collection":[{"href":"https:\/\/piyola.shop\/uz\/wp-json\/wp\/v2\/product"}],"about":[{"href":"https:\/\/piyola.shop\/uz\/wp-json\/wp\/v2\/types\/product"}],"replies":[{"embeddable":true,"href":"https:\/\/piyola.shop\/uz\/wp-json\/wp\/v2\/comments?post=12263"}],"wp:featuredmedia":[{"embeddable":true,"href":"https:\/\/piyola.shop\/uz\/wp-json\/wp\/v2\/media\/13376"}],"wp:attachment":[{"href":"https:\/\/piyola.shop\/uz\/wp-json\/wp\/v2\/media?parent=12263"}],"wp:term":[{"taxonomy":"product_brand","embeddable":true,"href":"https:\/\/piyola.shop\/uz\/wp-json\/wp\/v2\/product_brand?post=12263"},{"taxonomy":"product_cat","embeddable":true,"href":"https:\/\/piyola.shop\/uz\/wp-json\/wp\/v2\/product_cat?post=12263"},{"taxonomy":"product_tag","embeddable":true,"href":"https:\/\/piyola.shop\/uz\/wp-json\/wp\/v2\/product_tag?post=12263"}],"curies":[{"name":"wp","href":"https:\/\/api.w.org\/{rel}","templated":true}]}}