{"id":12286,"date":"2024-05-04T21:43:13","date_gmt":"2024-05-04T19:43:13","guid":{"rendered":"https:\/\/piyola.shop\/?post_type=product&#038;p=12286"},"modified":"2024-05-12T13:35:56","modified_gmt":"2024-05-12T11:35:56","slug":"shakar-qoshilmagan-multivitaminlar-230-ml","status":"publish","type":"product","link":"https:\/\/piyola.shop\/uz\/mahsulot\/shakar-qoshilmagan-multivitaminlar-230-ml\/","title":{"rendered":"Shakar qo&#039;shilmagan multivitaminlar, 230 ml"},"content":{"rendered":"<p>Mahsulot tavsifi<br \/>\n9 ta vitamin bilan<br \/>\n3 yosh va undan katta bolalar uchun javob beradi<br \/>\nMazali apelsin ta&#039;mi bilan<br \/>\nShakar qo&#039;shilmaydi (tabiy ravish shakar mavjud)<br \/>\nShakar qo&#039;shmagan Sanostol multivitaminlari uch yosh va undan katta bolalar uchun, bog&#039;liq, butun oila uchun javob beradi. Sanostol Multi-Vitaminlari tarkibida 9 ta vitamin mavjud bo&#039;lib, ular ayniqsa mazali ta&#039;mga ega. Tarkibidagi A, D, B6 yordami va S yordami immuniteti normal zararga hissa qo&#039;shishi mumkin.<\/p>\n<p>Tavsiya qilingan dozasi: 3 yosh undan katta bolalar uchun 10 ml dan qabul qilish (qo&#039;shimcha bo&#039;limiga doza). quyidagi shu doz o&#039;smirlar va kattalar uchun ko&#039;rsatkich. Tavsiya qilingan sutkalik dozadan oshib ketmas kerak. Qo&#039;shimcha turmushlarini muvozanatli va xilma-xil ovqatlanish va sog&#039;lom tarzi o&#039;rniga ishlatmas kerak. mahsulotlar A vitamini mavjud. Homila ayollar iste&#039;mol boshlashdan oldin bilan maslahatlashishlari kerak. A vitamini o&#039;z ichiga olgan boshqa oziq-ovqat qo&#039;shimchalarini olishdan saqlaning. Ortiqcha iste&#039;mol qilinsa, laksatif ta&#039;sir ko&#039;rsatishi mumkin.<\/p>\n<p>Mahsulotning aniq nomi:<br \/>\nDiyetik qo&#039;shimchalar<\/p>\n<p>Tarkibi: suv, quyuq suyuqlik sorbitol, apelsin sharbati konsentrati, solod ekstrakti (ARPAdan), tatland\u0131r\u0131c\u0131 asesulfam K, greyfurt sharbati konsentrati, S vitamini, quyuq suyuqlik ksantan saqich, kislotali limon kislotasi, apelsin yog&#039;i, kungaboqar yog&#039;i, konservant natriy benzoat, niatsin, pantonik kislota, E vitamini, emulsifikator polisorbat 80, vitamin B2, vitamin B1, vitamin B6, vitamin A, vitamin D.<\/p>","protected":false},"excerpt":{"rendered":"<p>Mahsulot tavsifi 9 ta vitamin bilan 3 yosh va undan&hellip;<\/p>\n<p> <a class=\"more-link\" href=\"https:\/\/piyola.shop\/uz\/mahsulot\/shakar-qoshilmagan-multivitaminlar-230-ml\/\">Ko&#039;proq o&#039;qish<\/a><\/p>","protected":false},"featured_media":13356,"comment_status":"open","ping_status":"closed","template":"","meta":{"om_disable_all_campaigns":false},"product_brand":[],"product_cat":[131],"product_tag":[],"class_list":{"0":"post-12286","1":"product","2":"type-product","3":"status-publish","4":"has-post-thumbnail","6":"product_cat-vitaminlar","8":"first","9":"instock","10":"shipping-taxable","11":"purchasable","12":"product-type-simple"},"aioseo_notices":[],"jetpack_sharing_enabled":true,"builder_content":"","_links":{"self":[{"href":"https:\/\/piyola.shop\/uz\/wp-json\/wp\/v2\/product\/12286","targetHints":{"allow":["GET"]}}],"collection":[{"href":"https:\/\/piyola.shop\/uz\/wp-json\/wp\/v2\/product"}],"about":[{"href":"https:\/\/piyola.shop\/uz\/wp-json\/wp\/v2\/types\/product"}],"replies":[{"embeddable":true,"href":"https:\/\/piyola.shop\/uz\/wp-json\/wp\/v2\/comments?post=12286"}],"wp:featuredmedia":[{"embeddable":true,"href":"https:\/\/piyola.shop\/uz\/wp-json\/wp\/v2\/media\/13356"}],"wp:attachment":[{"href":"https:\/\/piyola.shop\/uz\/wp-json\/wp\/v2\/media?parent=12286"}],"wp:term":[{"taxonomy":"product_brand","embeddable":true,"href":"https:\/\/piyola.shop\/uz\/wp-json\/wp\/v2\/product_brand?post=12286"},{"taxonomy":"product_cat","embeddable":true,"href":"https:\/\/piyola.shop\/uz\/wp-json\/wp\/v2\/product_cat?post=12286"},{"taxonomy":"product_tag","embeddable":true,"href":"https:\/\/piyola.shop\/uz\/wp-json\/wp\/v2\/product_tag?post=12286"}],"curies":[{"name":"wp","href":"https:\/\/api.w.org\/{rel}","templated":true}]}}