{"id":12305,"date":"2024-05-04T22:29:35","date_gmt":"2024-05-04T20:29:35","guid":{"rendered":"https:\/\/piyola.shop\/?post_type=product&#038;p=12305"},"modified":"2024-05-12T13:33:50","modified_gmt":"2024-05-12T11:33:50","slug":"kop-vitaminli-ayiqlar-60-dona-120-g","status":"publish","type":"product","link":"https:\/\/piyola.shop\/uz\/mahsulot\/kop-vitaminli-ayiqlar-60-dona-120-g\/","title":{"rendered":"Ko&#039;p vitaminli ayiqlar 60 dona, 120 gr"},"content":{"rendered":"<p>9 xil vitamin bilan<br \/>\nShakarsiz<br \/>\nSanostoldan olingan bu multivitaminli ayiqlar tarkibida C va D mahsuloti mavjud. Ushba yordam tufayli kichik ayiqlar immunitet normal yordamga hissa qo&#039;shadi.<\/p>\n<p>Foydalanish: Tavsiya qilingan iste&#039;mol: 4 yosh va undan katta bolalar kuniga 1 ayiq, kattalar 2 ayiq<\/p>\n<p>Mahsulotning aniq nomi:<br \/>\nVitaminlar va tatland\u0131r\u0131c\u0131lar bilan takviyeleri<\/p>\n<p>Tarkibi: maltitol, o&#039;zgartirilgan kraxmal, S vitamini, kislotali suyuqlik limon kislotasi, niatsin, oziq-ovqat bo&#039;yoqlari konsentratlari (sabzi, olma, qora smorodina, olcha), E vitamini, tabiiy apelsin ta&#039;mi, tabiiy lazzatlar, o&#039; o&#039;simlik moylari (kokos, kol), vitamin B6 , tatland\u0131r\u0131c\u0131 Sukraloza, samarali agenti karnauba mumi, A vitamini, foliy kislotasi biotin, D vitamini, B12 vitamini.<\/p>\n<p>Salqin (&lt;25 \u00b0C) va quruq joyda saqlang. Yopiq va kichik bolalar qo&#039;li etmaydigan joyda saqlanadi.<\/p>","protected":false},"excerpt":{"rendered":"<p>9 xil vitamin bilan Shakarsiz Sanostoldan olingan bu multivitaminli ayiqlar&hellip;<\/p>\n<p> <a class=\"more-link\" href=\"https:\/\/piyola.shop\/uz\/mahsulot\/kop-vitaminli-ayiqlar-60-dona-120-g\/\">Ko&#039;proq o&#039;qish<\/a><\/p>","protected":false},"featured_media":13342,"comment_status":"open","ping_status":"closed","template":"","meta":{"om_disable_all_campaigns":false},"product_brand":[],"product_cat":[131],"product_tag":[],"class_list":{"0":"post-12305","1":"product","2":"type-product","3":"status-publish","4":"has-post-thumbnail","6":"product_cat-vitaminlar","8":"first","9":"instock","10":"shipping-taxable","11":"purchasable","12":"product-type-simple"},"aioseo_notices":[],"jetpack_sharing_enabled":true,"builder_content":"","_links":{"self":[{"href":"https:\/\/piyola.shop\/uz\/wp-json\/wp\/v2\/product\/12305","targetHints":{"allow":["GET"]}}],"collection":[{"href":"https:\/\/piyola.shop\/uz\/wp-json\/wp\/v2\/product"}],"about":[{"href":"https:\/\/piyola.shop\/uz\/wp-json\/wp\/v2\/types\/product"}],"replies":[{"embeddable":true,"href":"https:\/\/piyola.shop\/uz\/wp-json\/wp\/v2\/comments?post=12305"}],"wp:featuredmedia":[{"embeddable":true,"href":"https:\/\/piyola.shop\/uz\/wp-json\/wp\/v2\/media\/13342"}],"wp:attachment":[{"href":"https:\/\/piyola.shop\/uz\/wp-json\/wp\/v2\/media?parent=12305"}],"wp:term":[{"taxonomy":"product_brand","embeddable":true,"href":"https:\/\/piyola.shop\/uz\/wp-json\/wp\/v2\/product_brand?post=12305"},{"taxonomy":"product_cat","embeddable":true,"href":"https:\/\/piyola.shop\/uz\/wp-json\/wp\/v2\/product_cat?post=12305"},{"taxonomy":"product_tag","embeddable":true,"href":"https:\/\/piyola.shop\/uz\/wp-json\/wp\/v2\/product_tag?post=12305"}],"curies":[{"name":"wp","href":"https:\/\/api.w.org\/{rel}","templated":true}]}}