{"id":12328,"date":"2024-05-05T10:58:12","date_gmt":"2024-05-05T08:58:12","guid":{"rendered":"https:\/\/piyola.shop\/?post_type=product&#038;p=12328"},"modified":"2024-05-12T13:31:07","modified_gmt":"2024-05-12T11:31:07","slug":"multivitaminlar-va-temir-460-ml","status":"publish","type":"product","link":"https:\/\/piyola.shop\/uz\/mahsulot\/multivitaminlar-va-temir-460-ml\/","title":{"rendered":"Multivitaminlar va temir, 460 ml"},"content":{"rendered":"<p>Vitaminlar va temir bilan oziqlantiruvchi takviyeleri<br \/>\nTa&#039;mi apelsga o&#039;xshaydi<br \/>\nA, B6, C va D yordami bilan<br \/>\nSanostolning multivitaminli va temir sharbati apelsinning yoqimli ta&#039;miga ega va to&#039;qqizta vitamin va temirning kombinatini o&#039;z ichiga oladi. Undagi temir tanadagi kislorodning normal tashilishiga va charchoqni tarkibiga yordam beradi. Bundan, qo&#039;llab-quvvatlash A, B6, C va D immuniteti immunitetni normal qo&#039;llab-quvvatlashi mumkin. Vegetarian tuzilmasi tufayli xun takviyesi vegetarian parhezni qabul qilish uchun idealdir.<\/p>\n<p>Tavsiya qilingan iste&#039;mol: 6 yosh undan katta bolalar, o&#039;smirlar va kattalar kuniga 10 ml (1 o&#039;lchov qoshiq) oladi. Tavsiya qilingan sutkalik dozadan oshib ketmas kerak. mahsulotlar A vitamini mavjud. Homilador ayollar va yuvishni istisno qilib bo&#039;lmaydigan ayollar iste&#039;mol qilishdan oldin bilan maslahatlashishlari kerak. Ortiqcha iste&#039;mol qilinsa, laksatif ta&#039;sir ko&#039;rsatishi mumkin.<\/p>\n<p>Diyetik qo&#039;shimchalar<\/p>\n<p>Tarkibi: suv, quyuq issiqlik sorbitol, apelsin sharbati konsentrati, solod ekstrakti (ARPAdan), tatland\u0131r\u0131c\u0131 asesulfam K, greyfurt sharbati konsentrati, S vitamini, quyuq suyuqlik ksantan saqich, kislotali limon kislotasi, apelsin yog&#039;i, kungaboqar yog&#039;i, temir glyukonat, konservant. natriy benzoat, niatsin, pantotenik kislota, E vitamini, polisorbat 80 emulsifikator, B2 vitamini, B1 vitamini, B6 vitamini, A vitamini, D vitamini<\/p>","protected":false},"excerpt":{"rendered":"<p>Vitaminlar va temir bilan oziqlantiruvchi takviyeleri Ta&#8217;mi apelsinga o&#8217;xshaydi A,&hellip;<\/p>\n<p> <a class=\"more-link\" href=\"https:\/\/piyola.shop\/uz\/mahsulot\/multivitaminlar-va-temir-460-ml\/\">Ko&#039;proq o&#039;qish<\/a><\/p>","protected":false},"featured_media":13322,"comment_status":"open","ping_status":"closed","template":"","meta":{"om_disable_all_campaigns":false},"product_brand":[],"product_cat":[131],"product_tag":[],"class_list":{"0":"post-12328","1":"product","2":"type-product","3":"status-publish","4":"has-post-thumbnail","6":"product_cat-vitaminlar","8":"first","9":"instock","10":"shipping-taxable","11":"purchasable","12":"product-type-simple"},"aioseo_notices":[],"jetpack_sharing_enabled":true,"builder_content":"","_links":{"self":[{"href":"https:\/\/piyola.shop\/uz\/wp-json\/wp\/v2\/product\/12328","targetHints":{"allow":["GET"]}}],"collection":[{"href":"https:\/\/piyola.shop\/uz\/wp-json\/wp\/v2\/product"}],"about":[{"href":"https:\/\/piyola.shop\/uz\/wp-json\/wp\/v2\/types\/product"}],"replies":[{"embeddable":true,"href":"https:\/\/piyola.shop\/uz\/wp-json\/wp\/v2\/comments?post=12328"}],"wp:featuredmedia":[{"embeddable":true,"href":"https:\/\/piyola.shop\/uz\/wp-json\/wp\/v2\/media\/13322"}],"wp:attachment":[{"href":"https:\/\/piyola.shop\/uz\/wp-json\/wp\/v2\/media?parent=12328"}],"wp:term":[{"taxonomy":"product_brand","embeddable":true,"href":"https:\/\/piyola.shop\/uz\/wp-json\/wp\/v2\/product_brand?post=12328"},{"taxonomy":"product_cat","embeddable":true,"href":"https:\/\/piyola.shop\/uz\/wp-json\/wp\/v2\/product_cat?post=12328"},{"taxonomy":"product_tag","embeddable":true,"href":"https:\/\/piyola.shop\/uz\/wp-json\/wp\/v2\/product_tag?post=12328"}],"curies":[{"name":"wp","href":"https:\/\/api.w.org\/{rel}","templated":true}]}}