{"id":12426,"date":"2024-05-05T12:57:29","date_gmt":"2024-05-05T10:57:29","guid":{"rendered":"https:\/\/piyola.shop\/?post_type=product&#038;p=12426"},"modified":"2024-05-12T12:42:43","modified_gmt":"2024-05-12T10:42:43","slug":"mama-plus-kapseln-120-st-1536-g","status":"publish","type":"product","link":"https:\/\/piyola.shop\/uz\/mahsulot\/mama-plus-kapseln-120-st-1536-g\/","title":{"rendered":"Mama plus Kapseln 120 St, 153,6 g"},"content":{"rendered":"<p>Tarkibida 12 ta vitamin va 5 ta mineral va mikroelementlar mavjud<br \/>\nFarzandli bo&#8217;lishni xohlaydigan ayollar uchun, shuningdek, homiladorlik va emizish davrida<br \/>\nDoppelherzdan 120 dona Mama plus kapsulalarida 12 vitamin, shuningdek, ortib borayotgan ehtiyojlar uchun 5 mineral va iz elementlar mavjud. Kundalik dozada 200 mg omega-3 yog &#8216;kislotasi DHA bilan. Folik kislota hujayra bo&#8217;linish funktsiyasiga ega va homiladorlik paytida ona to&#8217;qimalarining o&#8217;sishiga hissa qo&#8217;shadi. Farzandli bo&#8217;lishni istagan barcha ayollar kontseptsiyadan kamida to&#8217;rt hafta oldin etarli miqdorda foliy kislotasini olishlarini ta&#8217;minlashlari tavsiya etiladi.<\/p>\n<p>SEEFISCH\u00d6L, Calciumcarbonat, Gelatine (Rind), Kokos\u00f6l, Magnesiumoxid, Vitamin C, Feuchthaltemittel Glycerin, SOJA\u00d6L, Eisenfumarat, Emulgator Mono- und Diglyceride von Speisefetts\u00e4uren, Emulgator Lecithine (SOJA), Feuchthaltemittel Sorbit, Vitamin E, Niacin, Zinkoxid, Pantothens\u00e4ure, Farbstoff Eisenoxide und Eisenhydroxide, Vitamin B6, Vitamin A (Beta-Carotin), Vitamin B2, Vitamin B1, Fols\u00e4ure, Kaliumiodid, Biotin, Vitamin D, Vitamin B12<\/p>\n<p>Alergiya:<\/p>\n<p>Baliq va baliq hosilalarini o&#8217;z ichiga oladi<br \/>\nSoya va soya hosilalarini o&#8217;z ichiga oladi<\/p>","protected":false},"excerpt":{"rendered":"<p>Tarkibida 12 ta vitamin va 5 ta mineral va mikroelementlar&hellip;<\/p>\n<p> <a class=\"more-link\" href=\"https:\/\/piyola.shop\/uz\/mahsulot\/mama-plus-kapseln-120-st-1536-g\/\">Ko&#039;proq o&#039;qish<\/a><\/p>","protected":false},"featured_media":13248,"comment_status":"open","ping_status":"closed","template":"","meta":{"om_disable_all_campaigns":false},"product_brand":[],"product_cat":[131],"product_tag":[],"class_list":{"0":"post-12426","1":"product","2":"type-product","3":"status-publish","4":"has-post-thumbnail","6":"product_cat-vitaminlar","8":"first","9":"instock","10":"shipping-taxable","11":"purchasable","12":"product-type-simple"},"aioseo_notices":[],"jetpack_sharing_enabled":true,"builder_content":"","_links":{"self":[{"href":"https:\/\/piyola.shop\/uz\/wp-json\/wp\/v2\/product\/12426","targetHints":{"allow":["GET"]}}],"collection":[{"href":"https:\/\/piyola.shop\/uz\/wp-json\/wp\/v2\/product"}],"about":[{"href":"https:\/\/piyola.shop\/uz\/wp-json\/wp\/v2\/types\/product"}],"replies":[{"embeddable":true,"href":"https:\/\/piyola.shop\/uz\/wp-json\/wp\/v2\/comments?post=12426"}],"wp:featuredmedia":[{"embeddable":true,"href":"https:\/\/piyola.shop\/uz\/wp-json\/wp\/v2\/media\/13248"}],"wp:attachment":[{"href":"https:\/\/piyola.shop\/uz\/wp-json\/wp\/v2\/media?parent=12426"}],"wp:term":[{"taxonomy":"product_brand","embeddable":true,"href":"https:\/\/piyola.shop\/uz\/wp-json\/wp\/v2\/product_brand?post=12426"},{"taxonomy":"product_cat","embeddable":true,"href":"https:\/\/piyola.shop\/uz\/wp-json\/wp\/v2\/product_cat?post=12426"},{"taxonomy":"product_tag","embeddable":true,"href":"https:\/\/piyola.shop\/uz\/wp-json\/wp\/v2\/product_tag?post=12426"}],"curies":[{"name":"wp","href":"https:\/\/api.w.org\/{rel}","templated":true}]}}