{"id":12447,"date":"2024-05-05T16:14:20","date_gmt":"2024-05-05T14:14:20","guid":{"rendered":"https:\/\/piyola.shop\/?post_type=product&#038;p=12447"},"modified":"2024-05-12T12:40:19","modified_gmt":"2024-05-12T10:40:19","slug":"vitamin-c-1000-d3-selenium-deposi-30-dona-42-g","status":"publish","type":"product","link":"https:\/\/piyola.shop\/uz\/mahsulot\/vitamin-c-1000-d3-selenium-deposi-30-dona-42-g\/","title":{"rendered":"Vitamin C 1000 + D3 + Selen deposi 30 dona, 42 g"},"content":{"rendered":"<p>Vitamin C, D3 va selen immunitet tizimining normal ishlashiga hissa qo&#8217;shadi<br \/>\nhar bir tabletkada 1000 mg S vitamini bilan<br \/>\nkuniga 1 marta<br \/>\nUzoq saqlash bilan depo effekti<br \/>\nMivolis Vitamin C 1000 + D3 + Selenium Depot butun yil davomida tanani immunitet tizimi uchun ozuqa moddalari bilan ta&#8217;minlash uchun vitamin C, vitamin D3 va selenni o&#8217;z ichiga oladi. Vitamin C, D vitamini va selen immunitet tizimining normal ishlashiga hissa qo&#8217;shadi. S vitamini tanamizdagi turli vazifalarni bajarish uchun zarurdir. Bu charchoq va charchoqni kamaytirishga, shuningdek, normal energiya almashinuviga hissa qo&#8217;shadi. Vitamin D3 &#8211; &#8220;quyosh vitamini&#8221; deb ham ataladi &#8211; quyosh nurlari etarli darajada teriga tushgandagina organizm tomonidan ishlab chiqarilishi mumkin. Ayniqsa, qorong&#8217;u qish oylarida yoki ochiq havoda etarli vaqt o&#8217;tkazmasangiz, o&#8217;zingizning ishlab chiqarishingiz etarli bo&#8217;lmasligi va qo&#8217;shimcha ma&#8217;noga ega bo&#8217;lishi mumkin. D3 vitaminidan farqli o&#8217;laroq, organizm selen mikroelementini o&#8217;zi ishlab chiqara olmaydi, shuning uchun uni dietangiz orqali olish kerak. S vitamini singari, u hujayralarni oksidlovchi stressdan himoya qilishga yordam beradi. Depo texnologiyasi ingrediyentlarning vaqtini kechiktirish va shu tariqa vitamin C, vitamin D3 va selenni uzoqroq muddatga yetkazib berish imkonini beradi.<\/p>\n<p>Kuniga 1 tabletkadan suyuqlik bilan (masalan, \u00bd stakan suv) oling. Kundalik iste&#8217;mol miqdori oshib ketmasligi kerak.<\/p>\n<p>Zutaten: L-Ascorbins\u00e4ure (Vitamin C), F\u00fcllstoff Hydroxypropylmethylcellulose, F\u00fcllstoff mikrokristalline Cellulose, Maltodextrin, F\u00fcllstoff Hydroxypropylcellulose, ganz geh\u00e4rtetes pflanzliches Fett (Raps), Trennmittel Siliciumdioxid, Trennmittel Magnesiumsalze der Speisefetts\u00e4uren, Natriumselenit, Cholecalciferol (Vitamin D).<\/p>","protected":false},"excerpt":{"rendered":"<p>Vitamin C, D3 va selen immunitet tizimining normal ishlashiga hissa&hellip;<\/p>\n<p> <a class=\"more-link\" href=\"https:\/\/piyola.shop\/uz\/mahsulot\/vitamin-c-1000-d3-selenium-deposi-30-dona-42-g\/\">Ko&#039;proq o&#039;qish<\/a><\/p>","protected":false},"featured_media":13227,"comment_status":"open","ping_status":"closed","template":"","meta":{"om_disable_all_campaigns":false},"product_brand":[],"product_cat":[131],"product_tag":[],"class_list":{"0":"post-12447","1":"product","2":"type-product","3":"status-publish","4":"has-post-thumbnail","6":"product_cat-vitaminlar","8":"first","9":"instock","10":"shipping-taxable","11":"purchasable","12":"product-type-simple"},"aioseo_notices":[],"jetpack_sharing_enabled":true,"builder_content":"","_links":{"self":[{"href":"https:\/\/piyola.shop\/uz\/wp-json\/wp\/v2\/product\/12447","targetHints":{"allow":["GET"]}}],"collection":[{"href":"https:\/\/piyola.shop\/uz\/wp-json\/wp\/v2\/product"}],"about":[{"href":"https:\/\/piyola.shop\/uz\/wp-json\/wp\/v2\/types\/product"}],"replies":[{"embeddable":true,"href":"https:\/\/piyola.shop\/uz\/wp-json\/wp\/v2\/comments?post=12447"}],"wp:featuredmedia":[{"embeddable":true,"href":"https:\/\/piyola.shop\/uz\/wp-json\/wp\/v2\/media\/13227"}],"wp:attachment":[{"href":"https:\/\/piyola.shop\/uz\/wp-json\/wp\/v2\/media?parent=12447"}],"wp:term":[{"taxonomy":"product_brand","embeddable":true,"href":"https:\/\/piyola.shop\/uz\/wp-json\/wp\/v2\/product_brand?post=12447"},{"taxonomy":"product_cat","embeddable":true,"href":"https:\/\/piyola.shop\/uz\/wp-json\/wp\/v2\/product_cat?post=12447"},{"taxonomy":"product_tag","embeddable":true,"href":"https:\/\/piyola.shop\/uz\/wp-json\/wp\/v2\/product_tag?post=12447"}],"curies":[{"name":"wp","href":"https:\/\/api.w.org\/{rel}","templated":true}]}}