{"id":12453,"date":"2024-05-05T16:18:13","date_gmt":"2024-05-05T14:18:13","guid":{"rendered":"https:\/\/piyola.shop\/?post_type=product&#038;p=12453"},"modified":"2024-05-12T21:58:53","modified_gmt":"2024-05-12T19:58:53","slug":"baxt-hissi-tabletkalari-20-dona-11-g","status":"publish","type":"product","link":"https:\/\/piyola.shop\/uz\/mahsulot\/baxt-hissi-tabletkalari-20-dona-11-g\/","title":{"rendered":"Baxt hissi tabletkalari 20 dona, 11 g"},"content":{"rendered":"<p>100 mg L-triptofan bilan<br \/>\nPsixika uchun B yordami va magniy<br \/>\nTinch beradi limon balzam bilan<\/p>\n<p>Sanotakt baxt tabletkalari tarkibidagi B mahsuloti va magniy psixikani qo&#039;llab- qabul qilish. Niat, B12, B6 va magniy normal tibbiy funktsiyaga, asab tizimining normal ishlashiga va charchoqsin yordam beradi. Ba&#039;zi oziq-ovqat mahsulotlarini ishlab chiqarish mumkin emas yoki uzoq vaqt davomida saqlanishi mumkin emas. Ular oziq-ovqat bilan muntazam ravish iste&#039;mol qilish kerak. Bularga L-triptofan aminokislotalari, B6, B12 tavsiyai, niatsin va magniy kiradi.#<\/p>\n<p>Kuniga 1 tabletkadan oling.<\/p>\n<p>Tarkibi: Melissenbl\u00e4tterextrakt, L-Triptofan, Magneziumoxid, F\u00fcllstoff (Hidroksipropilmetilsel\u00fcloza, mikrokristalin tsellyuloza), \u00dcberzugsmittel gidroksipropilmetilsel\u00fcloza, Nikotinamid (Niasin), Trennmittel (Magnezium dermatitsi), iridoksinhidroklorid (B6 vitamini), Farbstoff eyzenoksidi va eyzengidroksidi, siyanokobalamin ( B12 vitamini).<\/p>\n<p>25 \u00b0 C dan past haroratda, quruq va yorug&#039;likdan saqlangan joyda saqlang.<\/p>","protected":false},"excerpt":{"rendered":"<p>100 mg L-triptofan bilan Psixika uchun B vitaminlari va magniy&hellip;<\/p>\n<p> <a class=\"more-link\" href=\"https:\/\/piyola.shop\/uz\/mahsulot\/baxt-hissi-tabletkalari-20-dona-11-g\/\">Ko&#039;proq o&#039;qish<\/a><\/p>","protected":false},"featured_media":13404,"comment_status":"open","ping_status":"closed","template":"","meta":{"om_disable_all_campaigns":false},"product_brand":[],"product_cat":[131],"product_tag":[],"class_list":{"0":"post-12453","1":"product","2":"type-product","3":"status-publish","4":"has-post-thumbnail","6":"product_cat-vitaminlar","8":"first","9":"instock","10":"shipping-taxable","11":"purchasable","12":"product-type-simple"},"aioseo_notices":[],"jetpack_sharing_enabled":true,"builder_content":"","_links":{"self":[{"href":"https:\/\/piyola.shop\/uz\/wp-json\/wp\/v2\/product\/12453","targetHints":{"allow":["GET"]}}],"collection":[{"href":"https:\/\/piyola.shop\/uz\/wp-json\/wp\/v2\/product"}],"about":[{"href":"https:\/\/piyola.shop\/uz\/wp-json\/wp\/v2\/types\/product"}],"replies":[{"embeddable":true,"href":"https:\/\/piyola.shop\/uz\/wp-json\/wp\/v2\/comments?post=12453"}],"wp:featuredmedia":[{"embeddable":true,"href":"https:\/\/piyola.shop\/uz\/wp-json\/wp\/v2\/media\/13404"}],"wp:attachment":[{"href":"https:\/\/piyola.shop\/uz\/wp-json\/wp\/v2\/media?parent=12453"}],"wp:term":[{"taxonomy":"product_brand","embeddable":true,"href":"https:\/\/piyola.shop\/uz\/wp-json\/wp\/v2\/product_brand?post=12453"},{"taxonomy":"product_cat","embeddable":true,"href":"https:\/\/piyola.shop\/uz\/wp-json\/wp\/v2\/product_cat?post=12453"},{"taxonomy":"product_tag","embeddable":true,"href":"https:\/\/piyola.shop\/uz\/wp-json\/wp\/v2\/product_tag?post=12453"}],"curies":[{"name":"wp","href":"https:\/\/api.w.org\/{rel}","templated":true}]}}