{"id":12460,"date":"2024-05-05T16:22:36","date_gmt":"2024-05-05T14:22:36","guid":{"rendered":"https:\/\/piyola.shop\/?post_type=product&#038;p=12460"},"modified":"2024-05-12T12:38:50","modified_gmt":"2024-05-12T10:38:50","slug":"folik-kislota-800-b-vitaminlari-planshetlar-60-dona-19-g","status":"publish","type":"product","link":"https:\/\/piyola.shop\/uz\/mahsulot\/folik-kislota-800-b-vitaminlari-planshetlar-60-dona-19-g\/","title":{"rendered":"Folik kislota 800 + B yordami, planshetlar 60 dona, 19 g"},"content":{"rendered":"<p>Folik kislota qon shakllanishi va hujayra bo&#8217;linishini qo&#8217;llab-quvvatlaydi<br \/>\nOddiy homosistein metabolizmi uchun foliy kislotasi<br \/>\nOddiy yurak faoliyatini qo&#8217;llab-quvvatlash uchun B1 vitamini bilan<br \/>\nkuniga 1 marta<br \/>\nMivolis foliy kislotasi 800 + B vitaminlari foliy kislotasi va B1, B6 va B12 vitaminlari foliy kislotasi uchun foydali qo&#8217;shimcha bo&#8217;lib, B 6 va B 12 vitaminlari immunitet tizimining normal ishlashini qo&#8217;llab-quvvatlaydi. B1 va B6 vitaminlari asab tizimining normal ishlashiga hissa qo&#8217;shadi va B1 vitamini yurakning normal ishlashini ham qo&#8217;llab-quvvatlaydi. B6 va B12 vitaminlari qondagi kislorodni turli organlarga tashish uchun mas&#8217;ul bo&#8217;lgan qizil qon hujayralarining shakllanishiga yordam beradi. Folik kislota normal homosistein almashinuviga yordam beradi. B12 vitamini va foliy kislotasi hujayra bo&#8217;linishida rol o&#8217;ynaydi. Bundan tashqari, vitamin B6, vitamin B12 va foliy kislotasi immunitet tizimining normal ishlashiga hissa qo&#8217;shadi.<\/p>\n<p>Kuniga 1 tabletkadan suyuqlik bilan (masalan, \u00bd stakan suv) oling. Tavsiya etilgan sutkalik dozadan oshib ketmaslik kerak. Folat kislotasini o&#8217;z ichiga olgan boshqa oziq-ovqat qo&#8217;shimchalarini iste&#8217;mol qilish tavsiya etilmaydi. Xun qo&#8217;shimchalarini muvozanatli va xilma-xil ovqatlanish yoki sog&#8217;lom turmush tarzi o&#8217;rniga ishlatmaslik kerak. <strong>18 yoshgacha bo&#8217;lgan bolalar va yoshlar uchun mos emas.<\/strong><\/p>\n<p>F\u00fcllstoffe mikrokristalline Cellulose und Hydroxypropylmethylcellulose | Pyridoxinhydrochlorid (Vitamin B6) | Thiaminhydrochlorid (Vitamin B1) | Trennmittel Polyvinylpyrrolidon und Magnesiumsalze der Speisefetts\u00e4uren | Pteroylmonoglutamins\u00e4ure (Fols\u00e4ure) | Cyanocobalamin (Vitamin B12).<\/p>\n<p>25 \u00b0 C dan past haroratda, quruq va yorug&#039;likdan saqlangan joyda saqlang. Kichik bolalar qo&#039;li etmaydigan joyda saqlanadi.<\/p>","protected":false},"excerpt":{"rendered":"<p>Folik kislota qon shakllanishi va hujayra bo&#8217;linishini qo&#8217;llab-quvvatlaydi Oddiy homosistein&hellip;<\/p>\n<p> <a class=\"more-link\" href=\"https:\/\/piyola.shop\/uz\/mahsulot\/folik-kislota-800-b-vitaminlari-planshetlar-60-dona-19-g\/\">Ko&#039;proq o&#039;qish<\/a><\/p>","protected":false},"featured_media":13217,"comment_status":"open","ping_status":"closed","template":"","meta":{"om_disable_all_campaigns":false},"product_brand":[],"product_cat":[131],"product_tag":[],"class_list":{"0":"post-12460","1":"product","2":"type-product","3":"status-publish","4":"has-post-thumbnail","6":"product_cat-vitaminlar","8":"first","9":"instock","10":"shipping-taxable","11":"purchasable","12":"product-type-simple"},"aioseo_notices":[],"jetpack_sharing_enabled":true,"builder_content":"","_links":{"self":[{"href":"https:\/\/piyola.shop\/uz\/wp-json\/wp\/v2\/product\/12460","targetHints":{"allow":["GET"]}}],"collection":[{"href":"https:\/\/piyola.shop\/uz\/wp-json\/wp\/v2\/product"}],"about":[{"href":"https:\/\/piyola.shop\/uz\/wp-json\/wp\/v2\/types\/product"}],"replies":[{"embeddable":true,"href":"https:\/\/piyola.shop\/uz\/wp-json\/wp\/v2\/comments?post=12460"}],"wp:featuredmedia":[{"embeddable":true,"href":"https:\/\/piyola.shop\/uz\/wp-json\/wp\/v2\/media\/13217"}],"wp:attachment":[{"href":"https:\/\/piyola.shop\/uz\/wp-json\/wp\/v2\/media?parent=12460"}],"wp:term":[{"taxonomy":"product_brand","embeddable":true,"href":"https:\/\/piyola.shop\/uz\/wp-json\/wp\/v2\/product_brand?post=12460"},{"taxonomy":"product_cat","embeddable":true,"href":"https:\/\/piyola.shop\/uz\/wp-json\/wp\/v2\/product_cat?post=12460"},{"taxonomy":"product_tag","embeddable":true,"href":"https:\/\/piyola.shop\/uz\/wp-json\/wp\/v2\/product_tag?post=12460"}],"curies":[{"name":"wp","href":"https:\/\/api.w.org\/{rel}","templated":true}]}}