{"id":12466,"date":"2024-05-05T16:26:42","date_gmt":"2024-05-05T14:26:42","guid":{"rendered":"https:\/\/piyola.shop\/?post_type=product&#038;p=12466"},"modified":"2024-05-12T12:38:11","modified_gmt":"2024-05-12T10:38:11","slug":"vitamin-d-3000-iu-togridan-togri-tayoqlar-20-dona-36-g","status":"publish","type":"product","link":"https:\/\/piyola.shop\/uz\/mahsulot\/vitamin-d-3000-iu-togridan-togri-tayoqlar-20-dona-36-g\/","title":{"rendered":"Vitamin D 3000 IU to&#039;g&#039;ridan-to&#039;g&#039;ri tayoqlar 20 dona, 36 g"},"content":{"rendered":"<p>Tayoqchalar shaklida<br \/>\nTa&#8217;mi: apelsin<br \/>\nSuvsiz ichish mumkin<br \/>\nTeteseptdan olingan Vitamin D 3000 to&#8217;g&#8217;ridan-to&#8217;g&#8217;ri tayoqlari D3 vitaminining yuqori dozalarini o&#8217;z ichiga oladi. Uning tarkibidagi D3 vitamini normal suyaklar va tishlarni saqlashga, shuningdek, mushaklarning normal ishlashiga yordam beradi. D3 vitamini immunitet tizimining normal ishlashiga ham hissa qo&#8217;shishi mumkin. Tayoqlar, ayniqsa, yo&#8217;lda ishlash uchun amaliydir. Apelsin ta&#8217;miga ega mikrogranulalarni suvsiz olish mumkin.<\/p>\n<p>Tavsiya etilgan iste&#8217;mol: kuniga bir marta bitta\u00a0 iste&#8217;mol qiling. Tavsiya etilgan kunlik iste&#8217;mol miqdori oshib ketmasligi kerak. D vitamini o&#8217;z ichiga olgan boshqa preparatlarni iste&#8217;mol qilmang. Kattalar uchun<\/p>\n<p>ZUTATEN: S\u00fc\u00dfungsmittel: Sorbitol; S\u00e4uerungsmittel: Citronens\u00e4ure; Maltodextrin; St\u00e4rke; Trennmittel: Magnesiumsalz der Speisefetts\u00e4ure; Saccharose; Aroma: Orange; F\u00fcllstoff: Gummi Arabicum; Aroma: Mango; Cholecalciferol (Vitamin D3); Antioxidationsmittel: Ascorbins\u00e4ure; Trennmittel: Siliziumdioxid.<\/p>","protected":false},"excerpt":{"rendered":"<p>Tayoqchalar shaklida Ta&#8217;mi: apelsin Suvsiz ichish mumkin Teteseptdan olingan Vitamin&hellip;<\/p>\n<p> <a class=\"more-link\" href=\"https:\/\/piyola.shop\/uz\/mahsulot\/vitamin-d-3000-iu-togridan-togri-tayoqlar-20-dona-36-g\/\">Ko&#039;proq o&#039;qish<\/a><\/p>","protected":false},"featured_media":13213,"comment_status":"open","ping_status":"closed","template":"","meta":{"om_disable_all_campaigns":false},"product_brand":[],"product_cat":[131],"product_tag":[],"class_list":{"0":"post-12466","1":"product","2":"type-product","3":"status-publish","4":"has-post-thumbnail","6":"product_cat-vitaminlar","8":"first","9":"instock","10":"shipping-taxable","11":"purchasable","12":"product-type-simple"},"aioseo_notices":[],"jetpack_sharing_enabled":true,"builder_content":"","_links":{"self":[{"href":"https:\/\/piyola.shop\/uz\/wp-json\/wp\/v2\/product\/12466","targetHints":{"allow":["GET"]}}],"collection":[{"href":"https:\/\/piyola.shop\/uz\/wp-json\/wp\/v2\/product"}],"about":[{"href":"https:\/\/piyola.shop\/uz\/wp-json\/wp\/v2\/types\/product"}],"replies":[{"embeddable":true,"href":"https:\/\/piyola.shop\/uz\/wp-json\/wp\/v2\/comments?post=12466"}],"wp:featuredmedia":[{"embeddable":true,"href":"https:\/\/piyola.shop\/uz\/wp-json\/wp\/v2\/media\/13213"}],"wp:attachment":[{"href":"https:\/\/piyola.shop\/uz\/wp-json\/wp\/v2\/media?parent=12466"}],"wp:term":[{"taxonomy":"product_brand","embeddable":true,"href":"https:\/\/piyola.shop\/uz\/wp-json\/wp\/v2\/product_brand?post=12466"},{"taxonomy":"product_cat","embeddable":true,"href":"https:\/\/piyola.shop\/uz\/wp-json\/wp\/v2\/product_cat?post=12466"},{"taxonomy":"product_tag","embeddable":true,"href":"https:\/\/piyola.shop\/uz\/wp-json\/wp\/v2\/product_tag?post=12466"}],"curies":[{"name":"wp","href":"https:\/\/api.w.org\/{rel}","templated":true}]}}