{"id":12477,"date":"2024-05-05T16:49:34","date_gmt":"2024-05-05T14:49:34","guid":{"rendered":"https:\/\/piyola.shop\/?post_type=product&#038;p=12477"},"modified":"2024-05-12T12:36:36","modified_gmt":"2024-05-12T10:36:36","slug":"eye-vital-kunduzi-va-tungi-kapsulalari-30-dona-203-g","status":"publish","type":"product","link":"https:\/\/piyola.shop\/uz\/mahsulot\/eye-vital-kunduzi-va-tungi-kapsulalari-30-dona-203-g\/","title":{"rendered":"Eye Vital kunduzi va tungi kapsulalari 30 dona, 20,3 g"},"content":{"rendered":"<p>Abtei Augen Vital Day &amp; Night tarkibida tananing o&#8217;zi ishlab chiqara olmaydigan ma&#8217;lum ozuqa moddalari, jumladan, yorug&#8217;lik va qorong&#8217;ulikni ko&#8217;rish kabi vizual jarayonlar uchun zarur bo&#8217;lgan A vitamini mavjud. Lutein va zeaksantin yuqori konsentratsiyalarda ko&#8217;rishning eng aniq qismida joylashgan.<\/p>\n<p>Zutaten: Gelatine; Calcium-L-ascorbat; pflanzliches \u00d6l (Distel, Sonnenblumen); Omega-3-Konzentrat gewonnen aus FISCH\u00d6L (14%); SOJA\u00d6L; Feuchthaltemittel Glycerin; Verdickungsmittel Bienenwachs, weiss und gelb; Lutein; Zeaxanthin; Vitamin E; Zinkoxid; Vitamin A; Vitamin B2; Kupfersulfat; Natriumselenit; Emulgator SOJALECITHINE; Farbstoff Eisenoxide und Eisenhydroxide.<\/p>\n<table class=\"t es v ab b mv mw\" data-designsystem=\"true\">\n<thead>\n<tr>\n<th class=\"t es v bi mx my mz na nb nc nd\">Zusammensetzung<\/th>\n<th class=\"t es v bi mx my mz na nb nc nd\">Pro Tagesdosis*<\/th>\n<th class=\"t es v bi mx my mz na nb nc\">% NRV**<\/th>\n<\/tr>\n<\/thead>\n<tbody>\n<tr>\n<td class=\"t es v ab mx my ne nf nd\">Kupfer<\/td>\n<td class=\"t es v ab mx my ne nf nd\">300 mkg<\/td>\n<td class=\"t es v ab mx my ne nf\">30 %<\/td>\n<\/tr>\n<tr>\n<td class=\"t es v ab mx my ne nf nd\">Vitamin B 2, Riboflavin<\/td>\n<td class=\"t es v ab mx my ne nf nd\">1,4 mg<\/td>\n<td class=\"t es v ab mx my ne nf\">100 %<\/td>\n<\/tr>\n<tr>\n<td class=\"t es v ab mx my ne nf nd\">Selen<\/td>\n<td class=\"t es v ab mx my ne nf nd\">55 \u00b5g<\/td>\n<td class=\"t es v ab mx my ne nf\">100 %<\/td>\n<\/tr>\n<tr>\n<td class=\"t es v ab mx my ne nf nd\">A vitamini<\/td>\n<td class=\"t es v ab mx my ne nf nd\">800 mkg<\/td>\n<td class=\"t es v ab mx my ne nf\">100 %<\/td>\n<\/tr>\n<tr>\n<td class=\"t es v ab mx my ne nf nd\">S vitamini<\/td>\n<td class=\"t es v ab mx my ne nf nd\">80 mg<\/td>\n<td class=\"t es v ab mx my ne nf\">100 %<\/td>\n<\/tr>\n<tr>\n<td class=\"t es v ab mx my ne nf nd\">E vitamini<\/td>\n<td class=\"t es v ab mx my ne nf nd\">12 mg<\/td>\n<td class=\"t es v ab mx my ne nf\">100 %<\/td>\n<\/tr>\n<tr>\n<td class=\"t es v ab mx my ne nf nd\">Sink<\/td>\n<td class=\"t es v ab mx my ne nf nd\">10 mg<\/td>\n<td class=\"t es v ab mx my ne nf\">100 %<\/td>\n<\/tr>\n<\/tbody>\n<\/table>","protected":false},"excerpt":{"rendered":"<p>Abtei Augen Vital Day &amp; Night tarkibida tananing o&#8217;zi ishlab&hellip;<\/p>\n<p> <a class=\"more-link\" href=\"https:\/\/piyola.shop\/uz\/mahsulot\/eye-vital-kunduzi-va-tungi-kapsulalari-30-dona-203-g\/\">Ko&#039;proq o&#039;qish<\/a><\/p>","protected":false},"featured_media":13203,"comment_status":"open","ping_status":"closed","template":"","meta":{"om_disable_all_campaigns":false},"product_brand":[],"product_cat":[131],"product_tag":[],"class_list":{"0":"post-12477","1":"product","2":"type-product","3":"status-publish","4":"has-post-thumbnail","6":"product_cat-vitaminlar","8":"first","9":"instock","10":"shipping-taxable","11":"purchasable","12":"product-type-simple"},"aioseo_notices":[],"jetpack_sharing_enabled":true,"builder_content":"","_links":{"self":[{"href":"https:\/\/piyola.shop\/uz\/wp-json\/wp\/v2\/product\/12477","targetHints":{"allow":["GET"]}}],"collection":[{"href":"https:\/\/piyola.shop\/uz\/wp-json\/wp\/v2\/product"}],"about":[{"href":"https:\/\/piyola.shop\/uz\/wp-json\/wp\/v2\/types\/product"}],"replies":[{"embeddable":true,"href":"https:\/\/piyola.shop\/uz\/wp-json\/wp\/v2\/comments?post=12477"}],"wp:featuredmedia":[{"embeddable":true,"href":"https:\/\/piyola.shop\/uz\/wp-json\/wp\/v2\/media\/13203"}],"wp:attachment":[{"href":"https:\/\/piyola.shop\/uz\/wp-json\/wp\/v2\/media?parent=12477"}],"wp:term":[{"taxonomy":"product_brand","embeddable":true,"href":"https:\/\/piyola.shop\/uz\/wp-json\/wp\/v2\/product_brand?post=12477"},{"taxonomy":"product_cat","embeddable":true,"href":"https:\/\/piyola.shop\/uz\/wp-json\/wp\/v2\/product_cat?post=12477"},{"taxonomy":"product_tag","embeddable":true,"href":"https:\/\/piyola.shop\/uz\/wp-json\/wp\/v2\/product_tag?post=12477"}],"curies":[{"name":"wp","href":"https:\/\/api.w.org\/{rel}","templated":true}]}}