{"id":12488,"date":"2024-05-05T16:53:14","date_gmt":"2024-05-05T14:53:14","guid":{"rendered":"https:\/\/piyola.shop\/?post_type=product&#038;p=12488"},"modified":"2024-05-12T12:35:59","modified_gmt":"2024-05-12T10:35:59","slug":"vitamin-k2-d3-tabletten-30-st-92-g","status":"publish","type":"product","link":"https:\/\/piyola.shop\/uz\/mahsulot\/vitamin-k2-d3-tabletten-30-st-92-g\/","title":{"rendered":"Vitamin K2 + D3 Tabletka 30 St, 9,2 g"},"content":{"rendered":"<p>Kuniga 1 marta yuqori dozalarda<br \/>\nK2 vitaminiga bo&#039;lgan kunlik TP 1001T qoplaydi<br \/>\nVegetarian<br \/>\nTetesept vitamin K2 + D3 tabletkalari to&#039;plami 2500 dona 30 donadan iborat bo&#039;lib, ishonchli parhez qo&#039;shimchasi olinadi.<\/p>\n<p>Tavsiya qilingan dozasi: 1 tabletka kunigadan marta, chaynamasdan, bir yutuq bilan oling. Uni ovqat bilan birga foydalanish mumkin. Tavsiya qilingan kunlik iste&#039;mol miqdori oshib ketmasligi kerak. Kattalar uchun. Bundan tashqari, D vitamini o&#039;z ichiga olgan boshqa dorilarni iste&#039;mol qiladi. Antikoagulyant dori-darmonlarni qabul qilish kerak.<\/p>\n<p>Zutaten: F\u00fcllstoff: Mikrokristalin tsellyuloza; St\u00e4rke; saxaroza; F\u00fcllstoff: Gummi arabicum; maltodekstrin; \u00d6l, pflanzlich (Kokosnuss, Palmkern); Uberzugsmittel: gidroksipropilsel\u00fcloza, gidroksipropilmetilsel\u00fcloza; Trennmittel: Magneziumsalz der Speisefetts\u00e4uren, Trikalsiyumfosfat; Farbstoff: kaltsiy karbonat; Trennmittel: Talkum, Speisefetts\u00e4ure; Menaxinon-7 (K2 vitamini); Xolekalsiferol (vitamin D3); Farbstoff: Eisenoxid gelb<\/p>","protected":false},"excerpt":{"rendered":"<p>Kuniga 1 marta yuqori dozalarda K2 vitaminiga bo&#8217;lgan kunlik ehtiyojni&hellip;<\/p>\n<p> <a class=\"more-link\" href=\"https:\/\/piyola.shop\/uz\/mahsulot\/vitamin-k2-d3-tabletten-30-st-92-g\/\">Ko&#039;proq o&#039;qish<\/a><\/p>","protected":false},"featured_media":13199,"comment_status":"open","ping_status":"closed","template":"","meta":{"om_disable_all_campaigns":false},"product_brand":[],"product_cat":[131],"product_tag":[],"class_list":{"0":"post-12488","1":"product","2":"type-product","3":"status-publish","4":"has-post-thumbnail","6":"product_cat-vitaminlar","8":"first","9":"instock","10":"shipping-taxable","11":"purchasable","12":"product-type-simple"},"aioseo_notices":[],"jetpack_sharing_enabled":true,"builder_content":"","_links":{"self":[{"href":"https:\/\/piyola.shop\/uz\/wp-json\/wp\/v2\/product\/12488","targetHints":{"allow":["GET"]}}],"collection":[{"href":"https:\/\/piyola.shop\/uz\/wp-json\/wp\/v2\/product"}],"about":[{"href":"https:\/\/piyola.shop\/uz\/wp-json\/wp\/v2\/types\/product"}],"replies":[{"embeddable":true,"href":"https:\/\/piyola.shop\/uz\/wp-json\/wp\/v2\/comments?post=12488"}],"wp:featuredmedia":[{"embeddable":true,"href":"https:\/\/piyola.shop\/uz\/wp-json\/wp\/v2\/media\/13199"}],"wp:attachment":[{"href":"https:\/\/piyola.shop\/uz\/wp-json\/wp\/v2\/media?parent=12488"}],"wp:term":[{"taxonomy":"product_brand","embeddable":true,"href":"https:\/\/piyola.shop\/uz\/wp-json\/wp\/v2\/product_brand?post=12488"},{"taxonomy":"product_cat","embeddable":true,"href":"https:\/\/piyola.shop\/uz\/wp-json\/wp\/v2\/product_cat?post=12488"},{"taxonomy":"product_tag","embeddable":true,"href":"https:\/\/piyola.shop\/uz\/wp-json\/wp\/v2\/product_tag?post=12488"}],"curies":[{"name":"wp","href":"https:\/\/api.w.org\/{rel}","templated":true}]}}