{"id":12493,"date":"2024-05-05T16:57:51","date_gmt":"2024-05-05T14:57:51","guid":{"rendered":"https:\/\/piyola.shop\/?post_type=product&#038;p=12493"},"modified":"2024-05-12T12:35:16","modified_gmt":"2024-05-12T10:35:16","slug":"koz-uchun-kapsulalar","status":"publish","type":"product","link":"https:\/\/piyola.shop\/uz\/mahsulot\/koz-uchun-kapsulalar\/","title":{"rendered":"Ko&#039;z uchun kapsulalar"},"content":{"rendered":"<p>Ko&#8217;rishni saqlash uchun ozuqa moddalari &#8211; kechayu kunduz<br \/>\nVitamin C, E va selen orqali antioks ta&#8217;siri<br \/>\nSink normal A vitamini metabolizmini qo&#8217;llab-quvvatlaydi<br \/>\nLutein va zeaksantin karotinoidlari bilan to&#8217;ldiriladi<br \/>\nBizning ko&#8217;zlarimiz ko&#8217;pincha juda ko&#8217;p zo&#8217;riqishlarga duchor bo&#8217;ladi &#8211; kompyuterda ishlash, doimiy uyali telefonga qarash, uzoq avtomobil sayohatlari, televizor ko&#8217;rish, quruq havo va boshqalar. Bundan tashqari, ko&#8217;rish yoshi o&#8217;sib borishi bilan kamayishi mumkin. A, B2 vitaminlari va rux bilan taksofit ko&#8217;rish qobiliyatini saqlashga yordam beradi va antioksidantlar vitamin C, E va selen hujayralarni oksidlovchi stressdan himoya qiladi. Qo&#8217;shilgan lutein va zeaksantin ham karotenoidlarga tegishli va tananing o&#8217;zi tomonidan ishlab chiqarilmaydi.<\/p>\n<p>#Zutaten: pflanzliche \u00d6le (Distel, SOJA, Kokos, Sonnenblumen), L-Ascorbins\u00e4ure (Vitamin C), Gelatine (Rind), Feuchthaltemittel Glycerin, nat\u00fcrliches Lutein, nat\u00fcrliches Vitamin E (D-alpha-Tocopherol), pflanzliches Fett (SOJA, ganz geh\u00e4rtet), Zinkoxid, Emulgator SOJAlecithine, Riboflavin (Vitamin B2), Retinylpalmitat, nat\u00fcrliches Zeaxanthin, Natriumselenat, Farbstoff Eisenoxide und Eisenhydroxide.<\/p>\n<p>Soya va soya hosilalarini o&#8217;z ichiga oladi<\/p>\n<table class=\"t es v ab b of og\" data-designsystem=\"true\">\n<thead>\n<tr>\n<th class=\"t es v bi oh oi oj ok ol om on\">Zusammensetzung<\/th>\n<th class=\"t es v bi oh oi oj ok ol om on\">Pro Tagesdosis*<\/th>\n<th class=\"t es v bi oh oi oj ok ol om\">% NRV**<\/th>\n<\/tr>\n<\/thead>\n<tbody>\n<tr>\n<td class=\"t es v ab oh oi oo op on\">Vitamin B 2, Riboflavin<\/td>\n<td class=\"t es v ab oh oi oo op on\">1,4 mg<\/td>\n<td class=\"t es v ab oh oi oo op\">100 %<\/td>\n<\/tr>\n<tr>\n<td class=\"t es v ab oh oi oo op on\">Selen<\/td>\n<td class=\"t es v ab oh oi oo op on\">55 \u00b5g<\/td>\n<td class=\"t es v ab oh oi oo op\">100 %<\/td>\n<\/tr>\n<tr>\n<td class=\"t es v ab oh oi oo op on\">A vitamini<\/td>\n<td class=\"t es v ab oh oi oo op on\">800 mkg<\/td>\n<td class=\"t es v ab oh oi oo op\">100 %<\/td>\n<\/tr>\n<tr>\n<td class=\"t es v ab oh oi oo op on\">S vitamini<\/td>\n<td class=\"t es v ab oh oi oo op on\">80 mg<\/td>\n<td class=\"t es v ab oh oi oo op\">100 %<\/td>\n<\/tr>\n<tr>\n<td class=\"t es v ab oh oi oo op on\">E vitamini<\/td>\n<td class=\"t es v ab oh oi oo op on\">12 mg<\/td>\n<td class=\"t es v ab oh oi oo op\">100 %<\/td>\n<\/tr>\n<tr>\n<td class=\"t es v ab oh oi oo op on\">Sink<\/td>\n<td class=\"t es v ab oh oi oo op on\">6 mg<\/td>\n<td class=\"t es v ab oh oi oo op\">60 %<\/td>\n<\/tr>\n<tr>\n<td class=\"t es v ab oh oi oo op on\">Lutein<\/td>\n<td class=\"t es v ab oh oi oo op on\">25 mg<\/td>\n<td class=\"t es v ab oh oi oo op\">****<\/td>\n<\/tr>\n<tr>\n<td class=\"t es v ab oh oi oo op on\">Zeaxanthin<\/td>\n<td class=\"t es v ab oh oi oo op on\">1.250 \u00b5g<\/td>\n<td class=\"t es v ab oh oi oo op\">****<\/td>\n<\/tr>\n<\/tbody>\n<\/table>\n<p>Iltimos, quruq joyda va 25 \u00b0 C dan yuqori bo&#8217;lmagan haroratda saqlang<\/p>","protected":false},"excerpt":{"rendered":"<p>Ko&#8217;rishni saqlash uchun ozuqa moddalari &#8211; kechayu kunduz Vitamin C,&hellip;<\/p>\n<p> <a class=\"more-link\" href=\"https:\/\/piyola.shop\/uz\/mahsulot\/koz-uchun-kapsulalar\/\">Ko&#039;proq o&#039;qish<\/a><\/p>","protected":false},"featured_media":13195,"comment_status":"open","ping_status":"closed","template":"","meta":{"om_disable_all_campaigns":false},"product_brand":[],"product_cat":[131],"product_tag":[],"class_list":{"0":"post-12493","1":"product","2":"type-product","3":"status-publish","4":"has-post-thumbnail","6":"product_cat-vitaminlar","8":"first","9":"instock","10":"shipping-taxable","11":"purchasable","12":"product-type-simple"},"aioseo_notices":[],"jetpack_sharing_enabled":true,"builder_content":"","_links":{"self":[{"href":"https:\/\/piyola.shop\/uz\/wp-json\/wp\/v2\/product\/12493","targetHints":{"allow":["GET"]}}],"collection":[{"href":"https:\/\/piyola.shop\/uz\/wp-json\/wp\/v2\/product"}],"about":[{"href":"https:\/\/piyola.shop\/uz\/wp-json\/wp\/v2\/types\/product"}],"replies":[{"embeddable":true,"href":"https:\/\/piyola.shop\/uz\/wp-json\/wp\/v2\/comments?post=12493"}],"wp:featuredmedia":[{"embeddable":true,"href":"https:\/\/piyola.shop\/uz\/wp-json\/wp\/v2\/media\/13195"}],"wp:attachment":[{"href":"https:\/\/piyola.shop\/uz\/wp-json\/wp\/v2\/media?parent=12493"}],"wp:term":[{"taxonomy":"product_brand","embeddable":true,"href":"https:\/\/piyola.shop\/uz\/wp-json\/wp\/v2\/product_brand?post=12493"},{"taxonomy":"product_cat","embeddable":true,"href":"https:\/\/piyola.shop\/uz\/wp-json\/wp\/v2\/product_cat?post=12493"},{"taxonomy":"product_tag","embeddable":true,"href":"https:\/\/piyola.shop\/uz\/wp-json\/wp\/v2\/product_tag?post=12493"}],"curies":[{"name":"wp","href":"https:\/\/api.w.org\/{rel}","templated":true}]}}