{"id":12498,"date":"2024-05-05T17:03:08","date_gmt":"2024-05-05T15:03:08","guid":{"rendered":"https:\/\/piyola.shop\/?post_type=product&#038;p=12498"},"modified":"2024-05-12T12:34:34","modified_gmt":"2024-05-12T10:34:34","slug":"a-z-depot-tabletten-120-st-1788-g","status":"publish","type":"product","link":"https:\/\/piyola.shop\/uz\/mahsulot\/a-z-depot-tabletten-120-st-1788-g\/","title":{"rendered":"AZ Depot Tabletten 120 St, 178,8 g"},"content":{"rendered":"<p>Diyetik qo&#039;shimchalar<br \/>\nLavabo, D3 vitamini va S vitamini bilan<br \/>\nShu depo effekti<br \/>\nDoppelherz Aktiv AZ Depot planshetlari alifboning o&#039;zidan oxirigacha nazorat qilish, minerallar va mikroelementlarni o&#039;z ichiga oladi. Depo effekti tufayli takviyasining qismlari tanaga kechikish bilan belgilanadi, ular kun ular bilan ta&#039;minlanadi.<\/p>\n<p>Etarli ovqat bilan ovqatdan so&#039;ng chayna kuniga 1 tabletka oling. Agar kerak bo&#039;lsa, planshetlar ham ikkiga bo&#039;linishi mumkin.<\/p>\n<p>Dikalsiyumfosfat, F\u00fcllstoff mikrokristalin tsellyuloza, Vitamin C, F\u00fcllstoff gidroksipropilmetilsel\u00fcloz, F\u00fcllstoff lsomalt, magniyoksid, modifikator St\u00e4rke, Trennmittel Speisefetts\u00e4uren, Niacin, Vitamin E, Trenfosfatlar , St\u00e4rke, Vitamin B6, Eisensulfat, Vitamin B1, Vitamin B2, Trennmittel Talkum, Trennmittel Siliciumdioxid, Kupfersulfat, Tricalciumphosphat, Farbstoff Eisenoxide va Eisenhydroxide, Feuchthaltemittel Glitserin, Lutein aus Studentenblumen, Vitamin A, Fols\u00e4ure, Biotin, Kaliumiodid, Vitamin-(11I) Vitamin, Nalotrium D vitamini, B12<\/p>\n<table class=\"t es v ab b nv nw\" style=\"height: 727px;\" width=\"620\" data-designsystem=\"true\">\n<thead>\n<tr>\n<th class=\"t es v bi nx ny nz oa ob oc od\">Zusammensetzung<\/th>\n<th class=\"t es v bi nx ny nz oa ob oc od\">Pro Tagesdosis*<\/th>\n<th class=\"t es v bi nx ny nz oa ob oc\">% NRV**<\/th>\n<\/tr>\n<\/thead>\n<tbody>\n<tr>\n<td class=\"t es v ab nx ny oe of od\">Biotin<\/td>\n<td class=\"t es v ab nx ny oe of od\">300 mkg<\/td>\n<td class=\"t es v ab nx ny oe of\">600 %<\/td>\n<\/tr>\n<tr>\n<td class=\"t es v ab nx ny oe of od\">Kaltsiy<\/td>\n<td class=\"t es v ab nx ny oe of od\">140 mg<\/td>\n<td class=\"t es v ab nx ny oe of\">18 %<\/td>\n<\/tr>\n<tr>\n<td class=\"t es v ab nx ny oe of od\">Chrom<\/td>\n<td class=\"t es v ab nx ny oe of od\">25 mkg<\/td>\n<td class=\"t es v ab nx ny oe of\">63 %<\/td>\n<\/tr>\n<tr>\n<td class=\"t es v ab nx ny oe of od\">Eyzen<\/td>\n<td class=\"t es v ab nx ny oe of od\">2,1 mg<\/td>\n<td class=\"t es v ab nx ny oe of\">15 %<\/td>\n<\/tr>\n<tr>\n<td class=\"t es v ab nx ny oe of od\">Fols\u00e4ure<\/td>\n<td class=\"t es v ab nx ny oe of od\">450 mkg<\/td>\n<td class=\"t es v ab nx ny oe of\">225 %<\/td>\n<\/tr>\n<tr>\n<td class=\"t es v ab nx ny oe of od\">Jod<\/td>\n<td class=\"t es v ab nx ny oe of od\">100 mkg<\/td>\n<td class=\"t es v ab nx ny oe of\">67 %<\/td>\n<\/tr>\n<tr>\n<td class=\"t es v ab nx ny oe of od\">Kupfer<\/td>\n<td class=\"t es v ab nx ny oe of od\">0,9 mg<\/td>\n<td class=\"t es v ab nx ny oe of\">90 %<\/td>\n<\/tr>\n<tr>\n<td class=\"t es v ab nx ny oe of od\">Magniy<\/td>\n<td class=\"t es v ab nx ny oe of od\">56,3 mg<\/td>\n<td class=\"t es v ab nx ny oe of\">15 %<\/td>\n<\/tr>\n<tr>\n<td class=\"t es v ab nx ny oe of od\">Molibdan<\/td>\n<td class=\"t es v ab nx ny oe of od\">20 mkg<\/td>\n<td class=\"t es v ab nx ny oe of\">40 %<\/td>\n<\/tr>\n<tr>\n<td class=\"t es v ab nx ny oe of od\">Niatsin<\/td>\n<td class=\"t es v ab nx ny oe of od\">18 mg<\/td>\n<td class=\"t es v ab nx ny oe of\">113 %<\/td>\n<\/tr>\n<tr>\n<td class=\"t es v ab nx ny oe of od\">Pantotenza<\/td>\n<td class=\"t es v ab nx ny oe of od\">12 mg<\/td>\n<td class=\"t es v ab nx ny oe of\">200 %<\/td>\n<\/tr>\n<tr>\n<td class=\"t es v ab nx ny oe of od\">Fosfor<\/td>\n<td class=\"t es v ab nx ny oe of od\">105 mg<\/td>\n<td class=\"t es v ab nx ny oe of\">15 %<\/td>\n<\/tr>\n<tr>\n<td class=\"t es v ab nx ny oe of od\">Vitamin B 2, Riboflavin<\/td>\n<td class=\"t es v ab nx ny oe of od\">4 mg<\/td>\n<td class=\"t es v ab nx ny oe of\">286 %<\/td>\n<\/tr>\n<tr>\n<td class=\"t es v ab nx ny oe of od\">Selen<\/td>\n<td class=\"t es v ab nx ny oe of od\">10 mkg<\/td>\n<td class=\"t es v ab nx ny oe of\">18 %<\/td>\n<\/tr>\n<tr>\n<td class=\"t es v ab nx ny oe of od\">A vitamini<\/td>\n<td class=\"t es v ab nx ny oe of od\">400 mkg<\/td>\n<td class=\"t es v ab nx ny oe of\">50 %<\/td>\n<\/tr>\n<tr>\n<td class=\"t es v ab nx ny oe of od\">Vitamin B 1, tiamin<\/td>\n<td class=\"t es v ab nx ny oe of od\">3,5 mg<\/td>\n<td class=\"t es v ab nx ny oe of\">318 %<\/td>\n<\/tr>\n<tr>\n<td class=\"t es v ab nx ny oe of od\">Vitamin B 12<\/td>\n<td class=\"t es v ab nx ny oe of od\">2,5 mkg<\/td>\n<td class=\"t es v ab nx ny oe of\">100 %<\/td>\n<\/tr>\n<tr>\n<td class=\"t es v ab nx ny oe of od\">Vitamin B 6<\/td>\n<td class=\"t es v ab nx ny oe of od\">5 mg<\/td>\n<td class=\"t es v ab nx ny oe of\">357 %<\/td>\n<\/tr>\n<tr>\n<td class=\"t es v ab nx ny oe of od\">S vitamini<\/td>\n<td class=\"t es v ab nx ny oe of od\">150 mg<\/td>\n<td class=\"t es v ab nx ny oe of\">188 %<\/td>\n<\/tr>\n<tr>\n<td class=\"t es v ab nx ny oe of od\">D vitamini<\/td>\n<td class=\"t es v ab nx ny oe of od\">5 mkg<\/td>\n<td class=\"t es v ab nx ny oe of\">100 %<\/td>\n<\/tr>\n<tr>\n<td class=\"t es v ab nx ny oe of od\">E vitamini<\/td>\n<td class=\"t es v ab nx ny oe of od\">100 mg<\/td>\n<td class=\"t es v ab nx ny oe of\">83 %<\/td>\n<\/tr>\n<tr>\n<td class=\"t es v ab nx ny oe of od\">K vitamini<\/td>\n<td class=\"t es v ab nx ny oe of od\">20 mkg<\/td>\n<td class=\"t es v ab nx ny oe of\">27 %<\/td>\n<\/tr>\n<tr>\n<td class=\"t es v ab nx ny oe of od\">Sink<\/td>\n<td class=\"t es v ab nx ny oe of od\">5 mg<\/td>\n<td class=\"t es v ab nx ny oe of\">50 %<\/td>\n<\/tr>\n<tr>\n<td class=\"t es v ab nx ny oe of od\">Lutein<\/td>\n<td class=\"t es v ab nx ny oe of od\">1,500 mkg<\/td>\n<td class=\"t es v ab nx ny oe of\">****<\/td>\n<\/tr>\n<\/tbody>\n<\/table>","protected":false},"excerpt":{"rendered":"<p>Diyetik qo&#8217;shimchalar Sink, D3 vitamini va S vitamini bilan Shu&hellip;<\/p>\n<p> <a class=\"more-link\" href=\"https:\/\/piyola.shop\/uz\/mahsulot\/a-z-depot-tabletten-120-st-1788-g\/\">Ko&#039;proq o&#039;qish<\/a><\/p>","protected":false},"featured_media":13191,"comment_status":"open","ping_status":"closed","template":"","meta":{"om_disable_all_campaigns":false},"product_brand":[],"product_cat":[131],"product_tag":[],"class_list":{"0":"post-12498","1":"product","2":"type-product","3":"status-publish","4":"has-post-thumbnail","6":"product_cat-vitaminlar","8":"first","9":"instock","10":"shipping-taxable","11":"purchasable","12":"product-type-simple"},"aioseo_notices":[],"jetpack_sharing_enabled":true,"builder_content":"","_links":{"self":[{"href":"https:\/\/piyola.shop\/uz\/wp-json\/wp\/v2\/product\/12498","targetHints":{"allow":["GET"]}}],"collection":[{"href":"https:\/\/piyola.shop\/uz\/wp-json\/wp\/v2\/product"}],"about":[{"href":"https:\/\/piyola.shop\/uz\/wp-json\/wp\/v2\/types\/product"}],"replies":[{"embeddable":true,"href":"https:\/\/piyola.shop\/uz\/wp-json\/wp\/v2\/comments?post=12498"}],"wp:featuredmedia":[{"embeddable":true,"href":"https:\/\/piyola.shop\/uz\/wp-json\/wp\/v2\/media\/13191"}],"wp:attachment":[{"href":"https:\/\/piyola.shop\/uz\/wp-json\/wp\/v2\/media?parent=12498"}],"wp:term":[{"taxonomy":"product_brand","embeddable":true,"href":"https:\/\/piyola.shop\/uz\/wp-json\/wp\/v2\/product_brand?post=12498"},{"taxonomy":"product_cat","embeddable":true,"href":"https:\/\/piyola.shop\/uz\/wp-json\/wp\/v2\/product_cat?post=12498"},{"taxonomy":"product_tag","embeddable":true,"href":"https:\/\/piyola.shop\/uz\/wp-json\/wp\/v2\/product_tag?post=12498"}],"curies":[{"name":"wp","href":"https:\/\/api.w.org\/{rel}","templated":true}]}}