{"id":12503,"date":"2024-05-05T17:07:30","date_gmt":"2024-05-05T15:07:30","guid":{"rendered":"https:\/\/piyola.shop\/?post_type=product&#038;p=12503"},"modified":"2024-05-12T12:33:46","modified_gmt":"2024-05-12T10:33:46","slug":"vitamin-c-1300-tabletka-30-dona-569-g","status":"publish","type":"product","link":"https:\/\/piyola.shop\/uz\/mahsulot\/vitamin-c-1300-tabletka-30-dona-569-g\/","title":{"rendered":"Vitamin C 1300 tabletka 30 dona, 56,9 g"},"content":{"rendered":"<p>Yuqori dozali ozuqlantiruvchi modda<br \/>\nS vitamini bilan<br \/>\nShu depo effekti<br \/>\nTaksofitdan olingan S vitamini tabletkalari S vitaminining yuqori dozalarini o&#8217;z ichiga oladi, bu nafaqat immunitet tizimining normal ishlashiga hissa qo&#8217;shishi, balki charchoqni kamaytirishga yordam beradi. Shuningdek, uzoq muddatli depo ta&#8217;sirini ham o&#8217;z ichiga oladi.<\/p>\n<p>Zutaten: L-Ascorbins\u00e4ure (Vitamin C), F\u00fcllstoffe (Cellulose, Calciumphosphate), Geliermittel Hydroxypropylmethylcellulose, Trennmittel (Fetts\u00e4uren, Magnesiumsalze der Speisefetts\u00e4uren, Siliciumdioxid), Raps\u00f6l ganz geh\u00e4rtet.<\/p>","protected":false},"excerpt":{"rendered":"<p>Yuqori dozali ozuqlantiruvchi modda S vitamini bilan Shu jumladan depo&hellip;<\/p>\n<p> <a class=\"more-link\" href=\"https:\/\/piyola.shop\/uz\/mahsulot\/vitamin-c-1300-tabletka-30-dona-569-g\/\">Ko&#039;proq o&#039;qish<\/a><\/p>","protected":false},"featured_media":13187,"comment_status":"open","ping_status":"closed","template":"","meta":{"om_disable_all_campaigns":false},"product_brand":[],"product_cat":[131],"product_tag":[],"class_list":{"0":"post-12503","1":"product","2":"type-product","3":"status-publish","4":"has-post-thumbnail","6":"product_cat-vitaminlar","8":"first","9":"instock","10":"shipping-taxable","11":"purchasable","12":"product-type-simple"},"aioseo_notices":[],"jetpack_sharing_enabled":true,"builder_content":"","_links":{"self":[{"href":"https:\/\/piyola.shop\/uz\/wp-json\/wp\/v2\/product\/12503","targetHints":{"allow":["GET"]}}],"collection":[{"href":"https:\/\/piyola.shop\/uz\/wp-json\/wp\/v2\/product"}],"about":[{"href":"https:\/\/piyola.shop\/uz\/wp-json\/wp\/v2\/types\/product"}],"replies":[{"embeddable":true,"href":"https:\/\/piyola.shop\/uz\/wp-json\/wp\/v2\/comments?post=12503"}],"wp:featuredmedia":[{"embeddable":true,"href":"https:\/\/piyola.shop\/uz\/wp-json\/wp\/v2\/media\/13187"}],"wp:attachment":[{"href":"https:\/\/piyola.shop\/uz\/wp-json\/wp\/v2\/media?parent=12503"}],"wp:term":[{"taxonomy":"product_brand","embeddable":true,"href":"https:\/\/piyola.shop\/uz\/wp-json\/wp\/v2\/product_brand?post=12503"},{"taxonomy":"product_cat","embeddable":true,"href":"https:\/\/piyola.shop\/uz\/wp-json\/wp\/v2\/product_cat?post=12503"},{"taxonomy":"product_tag","embeddable":true,"href":"https:\/\/piyola.shop\/uz\/wp-json\/wp\/v2\/product_tag?post=12503"}],"curies":[{"name":"wp","href":"https:\/\/api.w.org\/{rel}","templated":true}]}}