{"id":12504,"date":"2024-05-05T17:12:26","date_gmt":"2024-05-05T15:12:26","guid":{"rendered":"https:\/\/piyola.shop\/?post_type=product&#038;p=12504"},"modified":"2024-05-12T12:32:48","modified_gmt":"2024-05-12T10:32:48","slug":"magniy-kaltsiy-d3-tabletkalari-45-dona-94-g","status":"publish","type":"product","link":"https:\/\/piyola.shop\/uz\/mahsulot\/magniy-kaltsiy-d3-tabletkalari-45-dona-94-g\/","title":{"rendered":"Magniy + Kaltsiy + D3 tabletkalari 45 dona, 94 g"},"content":{"rendered":"<p>Fiziologik jihatdan muvozanatli 2:1 dozalash nisbatida: 500 mg kaltsiy + 250 mg magniy<br \/>\n10 mkg D3 vitamini bilan<br \/>\nmushak funktsiyasini va suyakni saqlashni qo&#8217;llab-quvvatlaydi *<br \/>\nOg&#8217;ir jismoniy zo&#8217;riqish paytida tana magniy va kaltsiy minerallarining ko&#8217;p miqdorini talab qiladi. Agar ular tanada etarli bo&#8217;lmasa, bu tananing ishlashiga salbiy ta&#8217;sir qiladi. *Mivolis Magnezium + Kaltsiy + D3 kundalik mineral ehtiyojlaringizni qondirishga hissa qo&#8217;shadi va shu bilan mushaklar, nervlar va suyaklarni qo&#8217;llab-quvvatlaydi.<br \/>\n&#8211; Magniy mushaklar va nervlarning normal ishlashiga va suyaklarning normal ishlashiga hissa qo&#8217;shadi.<br \/>\n&#8211; Kaltsiy suyaklarni sog&#8217;lom saqlash uchun zarur va mushaklarning normal ishlashiga hissa qo&#8217;shadi.<br \/>\n&#8211; Vitamin D3 kaltsiyning normal so&#8217;rilishi va ishlatilishiga, suyaklar va tishlarning normal ishlashiga yordam beradi.<\/p>\n<p>Ushbu mahsulot bolalar va o&#8217;smirlar uchun mos emas. Tavsiya etilgan sutkalik dozadan oshib ketmaslik kerak. Laksatif ta&#8217;sirga ega bo&#8217;lishi mumkin. Agar buyrak funktsiyasi buzilgan bo&#8217;lsa, iste&#8217;mol qilishdan oldin shifokor bilan maslahatlashing kerak. Magniyning boshqa manbalaridan yoki magniy bilan boyitilgan ovqatlardan saqlaning. Kaltsiy o&#8217;z ichiga olgan boshqa oziq-ovqat qo&#8217;shimchalarini qabul qilishdan saqlaning, kuniga 1 tabletkadan suyuqlik bilan (masalan, 1\/2 stakan suv) oling.<\/p>\n<p>Zutaten: Calciumcarbonat, Magnesiumoxid, Magnesiumcarbonat, F\u00fcllstoff mikrokristalline Cellulose, Trennmittel Magnesiumsalze der Speisefetts\u00e4uren, Polyethylenglycol und Talkum; F\u00fcllstoff Sorbit, \u00dcberzugsmittel Hydroxypropylmethylcellulose, Cholecalciferol (Vitamin D3), Stabilisator Hydroxypropylcellulose, modifizierte St\u00e4rke, pflanzliches \u00d6l (Kokos).<\/p>","protected":false},"excerpt":{"rendered":"<p>Fiziologik jihatdan muvozanatli 2:1 dozalash nisbatida: 500 mg kaltsiy +&hellip;<\/p>\n<p> <a class=\"more-link\" href=\"https:\/\/piyola.shop\/uz\/mahsulot\/magniy-kaltsiy-d3-tabletkalari-45-dona-94-g\/\">Ko&#039;proq o&#039;qish<\/a><\/p>","protected":false},"featured_media":13182,"comment_status":"open","ping_status":"closed","template":"","meta":{"om_disable_all_campaigns":false},"product_brand":[],"product_cat":[131],"product_tag":[],"class_list":{"0":"post-12504","1":"product","2":"type-product","3":"status-publish","4":"has-post-thumbnail","6":"product_cat-vitaminlar","8":"first","9":"instock","10":"shipping-taxable","11":"purchasable","12":"product-type-simple"},"aioseo_notices":[],"jetpack_sharing_enabled":true,"builder_content":"","_links":{"self":[{"href":"https:\/\/piyola.shop\/uz\/wp-json\/wp\/v2\/product\/12504","targetHints":{"allow":["GET"]}}],"collection":[{"href":"https:\/\/piyola.shop\/uz\/wp-json\/wp\/v2\/product"}],"about":[{"href":"https:\/\/piyola.shop\/uz\/wp-json\/wp\/v2\/types\/product"}],"replies":[{"embeddable":true,"href":"https:\/\/piyola.shop\/uz\/wp-json\/wp\/v2\/comments?post=12504"}],"wp:featuredmedia":[{"embeddable":true,"href":"https:\/\/piyola.shop\/uz\/wp-json\/wp\/v2\/media\/13182"}],"wp:attachment":[{"href":"https:\/\/piyola.shop\/uz\/wp-json\/wp\/v2\/media?parent=12504"}],"wp:term":[{"taxonomy":"product_brand","embeddable":true,"href":"https:\/\/piyola.shop\/uz\/wp-json\/wp\/v2\/product_brand?post=12504"},{"taxonomy":"product_cat","embeddable":true,"href":"https:\/\/piyola.shop\/uz\/wp-json\/wp\/v2\/product_cat?post=12504"},{"taxonomy":"product_tag","embeddable":true,"href":"https:\/\/piyola.shop\/uz\/wp-json\/wp\/v2\/product_tag?post=12504"}],"curies":[{"name":"wp","href":"https:\/\/api.w.org\/{rel}","templated":true}]}}