{"id":12515,"date":"2024-05-05T17:18:46","date_gmt":"2024-05-05T15:18:46","guid":{"rendered":"https:\/\/piyola.shop\/?post_type=product&#038;p=12515"},"modified":"2024-05-12T12:19:13","modified_gmt":"2024-05-12T10:19:13","slug":"magniy-vitamin-c-vitamin-b6-b12-pastilalar-30-dona-45-g","status":"publish","type":"product","link":"https:\/\/piyola.shop\/uz\/mahsulot\/magniy-vitamin-c-vitamin-b6-b12-pastilalar-30-dona-45-g\/","title":{"rendered":"Magniy + Vitamin C + Vitamin B6 + B12, pastilalar, 30 dona, 45 g"},"content":{"rendered":"<p>Vitamin C, B6 + B12 bilan<br \/>\nMagniy mushaklarning normal ishlashiga hissa qo&#8217;shadi<br \/>\nApelsin ta&#039;mi bilan<br \/>\nMivolis Magnezium + Vitamin C + Vitamin B6 + B12 pastillari organizm o&#8217;zi ishlab chiqara olmaydigan muhim oziq moddalarni o&#8217;z ichiga oladi. Eng ko&#8217;p qirrali minerallardan biri bo&#8217;lgan magniy mushaklar va asablarning normal ishlashiga va suyaklarning normal ishlashiga hissa qo&#8217;shadi. Bundan tashqari, magniy normal energiya almashinuviga hissa qo&#8217;shadi. Muayyan ovqatlanish odatlari yoki hayotiy vaziyatlarni hisobga olgan holda, magniyga bo&#8217;lgan ehtiyoj har doim ham oziq-ovqat orqali qondirilmaydi. C, B6 va B12 vitaminlari tanadagi turli vazifalarni bajaradi; Masalan, magniy bilan birgalikda ular asab tizimini qo&#8217;llab-quvvatlaydi#<\/p>\n<p>Kuniga 1 tabletka. Agar sizda magniyga bo&#8217;lgan ehtiyoj ortib borayotgan bo&#8217;lsa, kun davomida 2 tabletkadan oling. Kundalik iste&#8217;mol miqdori oshib ketmasligi kerak. Diyetik qo&#8217;shimchalar turli xil va muvozanatli ovqatlanish yoki sog&#8217;lom turmush tarzi o&#8217;rnini bosa olmaydi. Magniy laksatif ta&#8217;sirga ega bo&#8217;lishi mumkin. Agar buyrak funktsiyasi buzilgan bo&#8217;lsa, iste&#8217;mol qilishdan oldin shifokor bilan maslahatlashing kerak. Magniyning boshqa manbalaridan yoki magniy bilan boyitilgan ovqatlardan saqlaning. Sobit ortiqcha iste&#8217;mol qilinsa, laksatif ta&#8217;sir ko&#8217;rsatishi mumkin. Ushbu mahsulot bolalar va o&#8217;smirlar uchun mos emas.<\/p>\n<p>S\u00fc\u00dfungsmittel Sorbit, Magnesiumcarbonat, Magnesiumoxid, ganz geh\u00e4rtetes Pflanzenfett (Raps), L-Ascorbins\u00e4ure (Vitamin C), S\u00e4uerungsmittel Citronens\u00e4ure, Aroma, Trennmittel Magnesiumsalze von Speisefetts\u00e4uren (Palm), Pyridoxinhydrochlorid (Vitamin B6), Cyanocobalamin (Vitamin B12).<\/p>","protected":false},"excerpt":{"rendered":"<p>Vitamin C, B6 + B12 bilan Magniy mushaklarning normal ishlashiga&hellip;<\/p>\n<p> <a class=\"more-link\" href=\"https:\/\/piyola.shop\/uz\/mahsulot\/magniy-vitamin-c-vitamin-b6-b12-pastilalar-30-dona-45-g\/\">Ko&#039;proq o&#039;qish<\/a><\/p>","protected":false},"featured_media":13174,"comment_status":"open","ping_status":"closed","template":"","meta":{"om_disable_all_campaigns":false},"product_brand":[],"product_cat":[131],"product_tag":[],"class_list":{"0":"post-12515","1":"product","2":"type-product","3":"status-publish","4":"has-post-thumbnail","6":"product_cat-vitaminlar","8":"first","9":"instock","10":"shipping-taxable","11":"purchasable","12":"product-type-simple"},"aioseo_notices":[],"jetpack_sharing_enabled":true,"builder_content":"","_links":{"self":[{"href":"https:\/\/piyola.shop\/uz\/wp-json\/wp\/v2\/product\/12515","targetHints":{"allow":["GET"]}}],"collection":[{"href":"https:\/\/piyola.shop\/uz\/wp-json\/wp\/v2\/product"}],"about":[{"href":"https:\/\/piyola.shop\/uz\/wp-json\/wp\/v2\/types\/product"}],"replies":[{"embeddable":true,"href":"https:\/\/piyola.shop\/uz\/wp-json\/wp\/v2\/comments?post=12515"}],"wp:featuredmedia":[{"embeddable":true,"href":"https:\/\/piyola.shop\/uz\/wp-json\/wp\/v2\/media\/13174"}],"wp:attachment":[{"href":"https:\/\/piyola.shop\/uz\/wp-json\/wp\/v2\/media?parent=12515"}],"wp:term":[{"taxonomy":"product_brand","embeddable":true,"href":"https:\/\/piyola.shop\/uz\/wp-json\/wp\/v2\/product_brand?post=12515"},{"taxonomy":"product_cat","embeddable":true,"href":"https:\/\/piyola.shop\/uz\/wp-json\/wp\/v2\/product_cat?post=12515"},{"taxonomy":"product_tag","embeddable":true,"href":"https:\/\/piyola.shop\/uz\/wp-json\/wp\/v2\/product_tag?post=12515"}],"curies":[{"name":"wp","href":"https:\/\/api.w.org\/{rel}","templated":true}]}}