{"id":12521,"date":"2024-05-05T17:22:07","date_gmt":"2024-05-05T15:22:07","guid":{"rendered":"https:\/\/piyola.shop\/?post_type=product&#038;p=12521"},"modified":"2024-05-12T12:17:34","modified_gmt":"2024-05-12T10:17:34","slug":"vitamin-b12-d3-duo-active-ichimlik-shishasi-8-dona-911-g","status":"publish","type":"product","link":"https:\/\/piyola.shop\/uz\/mahsulot\/vitamin-b12-d3-duo-active-ichimlik-shishasi-8-dona-911-g\/","title":{"rendered":"Vitamin B12 + D3 Duo Active ichimlik shishasi 8 dona, 91,1 g"},"content":{"rendered":"<p>Ichimlik shishasiga 350 mkg B12 vitamini yuqori dozada<br \/>\nVitamin B12 charchoq va charchoqni kamaytirishga yordam beradi<br \/>\nBundan tashqari, 3 ta qo&#8217;shimcha B vitaminlari va protein qurilish bloklari L-glutamin va L-serin<br \/>\nQo&#8217;shimcha ravishda 25 mkg vitamin D = 1000 IU (xalqaro birliklar) immunitet tizimining normal faoliyatini qo&#8217;llab-quvvatlash uchun<br \/>\nDoppelherz Vitamin B12+D3 Duo Active immunitet tizimining normal faoliyatini qo&#8217;llab-quvvatlash uchun D vitamini bilan birgalikda energiya almashinuviga hissa sifatida B12 vitaminini o&#8217;z ichiga oladi. Oziq moddalarning etarli darajada ta&#8217;minlanishi salomatlikda muhim rol o&#8217;ynaydi. Ichimlik idishlarida 25 mkg D3 vitamini mavjud. Bu D3 vitaminining 1000 IU (xalqaro birlik) ga to&#8217;g&#8217;ri keladi.<\/p>\n<p>Wasser, Fruktose, Isomaltulose***, L-Glutamin, L-Serin, Inulin, nat\u00fcrliches Aroma, Konservierungsstoff Natriumbenzoat, Konservierungsstoff Kaliumsorbat, Nicotinamid, S\u00e4uerungsmittel Citronens\u00e4ure, Pyridoxinhydrochlorid, Thiaminhydrochlorid, Trennmittel Magnesiumsalze der Speisefetts\u00e4uren, Trennmittel Siliciumdioxid, Cyanocobalamin, Farbstoff Beta-Carotin, Cholecalciferol<\/p>\n<table class=\"t es v ab b nx ny\" data-designsystem=\"true\">\n<thead>\n<tr>\n<th class=\"t es v bi nz oa ob oc od oe of\">Zusammensetzung<\/th>\n<th class=\"t es v bi nz oa ob oc od oe of\">Pro Tagesdosis*<\/th>\n<th class=\"t es v bi nz oa ob oc od oe\">% NRV**<\/th>\n<\/tr>\n<\/thead>\n<tbody>\n<tr>\n<td class=\"t es v ab nz oa og oh of\">Niatsin<\/td>\n<td class=\"t es v ab nz oa og oh of\">8 mg<\/td>\n<td class=\"t es v ab nz oa og oh\">50 %<\/td>\n<\/tr>\n<tr>\n<td class=\"t es v ab nz oa og oh of\">Vitamin B 1, tiamin<\/td>\n<td class=\"t es v ab nz oa og oh of\">0,55 mg<\/td>\n<td class=\"t es v ab nz oa og oh\">50 %<\/td>\n<\/tr>\n<tr>\n<td class=\"t es v ab nz oa og oh of\">Vitamin B 12<\/td>\n<td class=\"t es v ab nz oa og oh of\">350 \u00b5g<\/td>\n<td class=\"t es v ab nz oa og oh\">14.000 %<\/td>\n<\/tr>\n<tr>\n<td class=\"t es v ab nz oa og oh of\">Vitamin B 6<\/td>\n<td class=\"t es v ab nz oa og oh of\">0,7 mg<\/td>\n<td class=\"t es v ab nz oa og oh\">50 %<\/td>\n<\/tr>\n<tr>\n<td class=\"t es v ab nz oa og oh of\">D vitamini<\/td>\n<td class=\"t es v ab nz oa og oh of\">25 mkg<\/td>\n<td class=\"t es v ab nz oa og oh\">500 %<\/td>\n<\/tr>\n<tr>\n<td class=\"t es v ab nz oa og oh of\">Glutamin<\/td>\n<td class=\"t es v ab nz oa og oh of\">45 mg<\/td>\n<td class=\"t es v ab nz oa og oh\">****<\/td>\n<\/tr>\n<tr>\n<td class=\"t es v ab nz oa og oh of\">Serin<\/td>\n<td class=\"t es v ab nz oa og oh of\">40 mg<\/td>\n<td class=\"t es v ab nz oa og oh\">****<\/td>\n<\/tr>\n<\/tbody>\n<\/table>","protected":false},"excerpt":{"rendered":"<p>Ichimlik shishasiga 350 mkg B12 vitamini yuqori dozada Vitamin B12&hellip;<\/p>\n<p> <a class=\"more-link\" href=\"https:\/\/piyola.shop\/uz\/mahsulot\/vitamin-b12-d3-duo-active-ichimlik-shishasi-8-dona-911-g\/\">Ko&#039;proq o&#039;qish<\/a><\/p>","protected":false},"featured_media":13170,"comment_status":"open","ping_status":"closed","template":"","meta":{"om_disable_all_campaigns":false},"product_brand":[],"product_cat":[131],"product_tag":[],"class_list":{"0":"post-12521","1":"product","2":"type-product","3":"status-publish","4":"has-post-thumbnail","6":"product_cat-vitaminlar","8":"first","9":"instock","10":"shipping-taxable","11":"purchasable","12":"product-type-simple"},"aioseo_notices":[],"jetpack_sharing_enabled":true,"builder_content":"","_links":{"self":[{"href":"https:\/\/piyola.shop\/uz\/wp-json\/wp\/v2\/product\/12521","targetHints":{"allow":["GET"]}}],"collection":[{"href":"https:\/\/piyola.shop\/uz\/wp-json\/wp\/v2\/product"}],"about":[{"href":"https:\/\/piyola.shop\/uz\/wp-json\/wp\/v2\/types\/product"}],"replies":[{"embeddable":true,"href":"https:\/\/piyola.shop\/uz\/wp-json\/wp\/v2\/comments?post=12521"}],"wp:featuredmedia":[{"embeddable":true,"href":"https:\/\/piyola.shop\/uz\/wp-json\/wp\/v2\/media\/13170"}],"wp:attachment":[{"href":"https:\/\/piyola.shop\/uz\/wp-json\/wp\/v2\/media?parent=12521"}],"wp:term":[{"taxonomy":"product_brand","embeddable":true,"href":"https:\/\/piyola.shop\/uz\/wp-json\/wp\/v2\/product_brand?post=12521"},{"taxonomy":"product_cat","embeddable":true,"href":"https:\/\/piyola.shop\/uz\/wp-json\/wp\/v2\/product_cat?post=12521"},{"taxonomy":"product_tag","embeddable":true,"href":"https:\/\/piyola.shop\/uz\/wp-json\/wp\/v2\/product_tag?post=12521"}],"curies":[{"name":"wp","href":"https:\/\/api.w.org\/{rel}","templated":true}]}}