{"id":12526,"date":"2024-05-05T17:38:32","date_gmt":"2024-05-05T15:38:32","guid":{"rendered":"https:\/\/piyola.shop\/?post_type=product&#038;p=12526"},"modified":"2024-05-12T12:16:00","modified_gmt":"2024-05-12T10:16:00","slug":"vitamin-b12-energiya-erituvchi-tabletkalar-30-dona-45-g","status":"publish","type":"product","link":"https:\/\/piyola.shop\/uz\/mahsulot\/vitamin-b12-energiya-erituvchi-tabletkalar-30-dona-45-g\/","title":{"rendered":"Vitamin B12 energiya erituvchi tabletkalar 30 dona, 4,5 g"},"content":{"rendered":"<p>Charchoqni kamaytiradi<br \/>\n30 dona<br \/>\nKo&#8217;p vazifalarni bajarish orqali o&#8217;z kasbiy hayotini tartibga soladigan yoki oilani boshqaradigan har bir kishi charchoq, charchoq va zaif immunitetni biladi. Tasofit Energy B12 to&#8217;g&#8217;ridan-to&#8217;g&#8217;ri erituvchi tabletkalari bilan tana tezda B12 vitamini bilan ta&#8217;minlanadi va shu tariqa energiya almashinuvi va immunitet tizimiga hissa qo&#8217;shadi. Og&#8217;iz bo&#8217;shlig&#8217;ida tarqaladigan planshet B12 vitaminini og&#8217;iz bo&#8217;shlig&#8217;i shilliq qavati orqali tez so&#8217;rilishiga imkon beradi.<\/p>\n<p>Zutaten: S\u00fc\u00dfungsmittel (Mannit (aus WEIZEN)), Maisst\u00e4rke, F\u00fcllstoff vernetzte Carboxymethylcellulose, Trennmittel (Magnesiumsalze der Speisefetts\u00e4uren, Polyvinylpolypyrrolidon, Siliciumdioxid), S\u00e4uerungsmittel Weins\u00e4ure, Cyanocobalamin (Vitamin B12), Aroma.<\/p>","protected":false},"excerpt":{"rendered":"<p>Charchoqni kamaytiradi 30 dona Ko&#8217;p vazifalarni bajarish orqali o&#8217;z kasbiy&hellip;<\/p>\n<p> <a class=\"more-link\" href=\"https:\/\/piyola.shop\/uz\/mahsulot\/vitamin-b12-energiya-erituvchi-tabletkalar-30-dona-45-g\/\">Ko&#039;proq o&#039;qish<\/a><\/p>","protected":false},"featured_media":13165,"comment_status":"open","ping_status":"closed","template":"","meta":{"om_disable_all_campaigns":false},"product_brand":[],"product_cat":[131],"product_tag":[],"class_list":{"0":"post-12526","1":"product","2":"type-product","3":"status-publish","4":"has-post-thumbnail","6":"product_cat-vitaminlar","8":"first","9":"instock","10":"shipping-taxable","11":"purchasable","12":"product-type-simple"},"aioseo_notices":[],"jetpack_sharing_enabled":true,"builder_content":"","_links":{"self":[{"href":"https:\/\/piyola.shop\/uz\/wp-json\/wp\/v2\/product\/12526","targetHints":{"allow":["GET"]}}],"collection":[{"href":"https:\/\/piyola.shop\/uz\/wp-json\/wp\/v2\/product"}],"about":[{"href":"https:\/\/piyola.shop\/uz\/wp-json\/wp\/v2\/types\/product"}],"replies":[{"embeddable":true,"href":"https:\/\/piyola.shop\/uz\/wp-json\/wp\/v2\/comments?post=12526"}],"wp:featuredmedia":[{"embeddable":true,"href":"https:\/\/piyola.shop\/uz\/wp-json\/wp\/v2\/media\/13165"}],"wp:attachment":[{"href":"https:\/\/piyola.shop\/uz\/wp-json\/wp\/v2\/media?parent=12526"}],"wp:term":[{"taxonomy":"product_brand","embeddable":true,"href":"https:\/\/piyola.shop\/uz\/wp-json\/wp\/v2\/product_brand?post=12526"},{"taxonomy":"product_cat","embeddable":true,"href":"https:\/\/piyola.shop\/uz\/wp-json\/wp\/v2\/product_cat?post=12526"},{"taxonomy":"product_tag","embeddable":true,"href":"https:\/\/piyola.shop\/uz\/wp-json\/wp\/v2\/product_tag?post=12526"}],"curies":[{"name":"wp","href":"https:\/\/api.w.org\/{rel}","templated":true}]}}