{"id":12532,"date":"2024-05-05T17:41:25","date_gmt":"2024-05-05T15:41:25","guid":{"rendered":"https:\/\/piyola.shop\/?post_type=product&#038;p=12532"},"modified":"2024-05-12T12:14:55","modified_gmt":"2024-05-12T10:14:55","slug":"bolalar-uchun-multivitaminlar-chaynash-tabletkalari-20-dona","status":"publish","type":"product","link":"https:\/\/piyola.shop\/uz\/mahsulot\/bolalar-uchun-multivitaminlar-chaynash-tabletkalari-20-dona\/","title":{"rendered":"Bolalar uchun multivitaminlar, chaynash tabletkalari 20 dona,"},"content":{"rendered":"<p>So&#039;rish va chaynash uchun 20 ta mazali ayiq<br \/>\nApelsin ta&#039;mi bilan<br \/>\nShakarsiz<br \/>\nBolalar uchun Mivolis multivitaminlari so&#039;rish va chaynash uchun mazali ayiqlardir. Ular shakarsiz va mevali apelsin ta&#039;miga ega.<\/p>\n<p>4 yoshdan oshgan bolalar kuniga 2 tabletkadan so&#039;riladi yoki chaynashadi. Tavsiya qilingan sutkalik dozadan oshib ketmas kerak. Xun qo&#039;shimchalarini turli xil va toza ovqatlanish yoki sog&#039;lom turmush tarzi o&#039;rniga ishlatmas kerak. Ortiqcha iste&#039;mol qilinsa, laksatif ta&#039;sir ko&#039;rsatishi mumkin.<\/p>\n<p>Zutaten: f\u00fcllstoff sorbit, l-assambinsulat, SAURTERGEUKUS, SAURTERUGSMITTel Apfeltace, Der Alpha-Tokoper\u00e4ure, TrenlMittsmiteracet, Printerefets\u00e4uren, xushbo&#039;y, panthoth enat ( Panthothens\u00e4ure), S\u00fc\u00dfungsmittel sukraloza, tiaminhidroxlorid (vitamin B1), riboflavin (vitamin B2), piridoksinhidroklorid (vitamin B6), pteroilmonoglutaminzaure (fols\u00e4ure), D-biotin, xolekalsiferol (Vitamin D-biotin), xolekalsiferol (Vitamin Bya32).<\/p>\n<table class=\"t es v ab b nx ny\" data-designsystem=\"true\">\n<thead>\n<tr>\n<th class=\"t es v bi nz oa ob oc od oe of\">Zusammensetzung<\/th>\n<th class=\"t es v bi nz oa ob oc od oe of\">Pro Tagesdosis*<\/th>\n<th class=\"t es v bi nz oa ob oc od oe\">% NRV**<\/th>\n<\/tr>\n<\/thead>\n<tbody>\n<tr>\n<td class=\"t es v ab nz oa og oh of\">Biotin<\/td>\n<td class=\"t es v ab nz oa og oh of\">15 mkg<\/td>\n<td class=\"t es v ab nz oa og oh\">30 %<\/td>\n<\/tr>\n<tr>\n<td class=\"t es v ab nz oa og oh of\">Fols\u00e4ure<\/td>\n<td class=\"t es v ab nz oa og oh of\">140 mkg<\/td>\n<td class=\"t es v ab nz oa og oh\">70 %<\/td>\n<\/tr>\n<tr>\n<td class=\"t es v ab nz oa og oh of\">Niatsin<\/td>\n<td class=\"t es v ab nz oa og oh of\">9 mg<\/td>\n<td class=\"t es v ab nz oa og oh\">56 %<\/td>\n<\/tr>\n<tr>\n<td class=\"t es v ab nz oa og oh of\">Pantotenza<\/td>\n<td class=\"t es v ab nz oa og oh of\">4 mg<\/td>\n<td class=\"t es v ab nz oa og oh\">67 %<\/td>\n<\/tr>\n<tr>\n<td class=\"t es v ab nz oa og oh of\">Vitamin B 2, Riboflavin<\/td>\n<td class=\"t es v ab nz oa og oh of\">0,8 mg<\/td>\n<td class=\"t es v ab nz oa og oh\">57 %<\/td>\n<\/tr>\n<tr>\n<td class=\"t es v ab nz oa og oh of\">Vitamin B 1, tiamin<\/td>\n<td class=\"t es v ab nz oa og oh of\">0,7 mg<\/td>\n<td class=\"t es v ab nz oa og oh\">64 %<\/td>\n<\/tr>\n<tr>\n<td class=\"t es v ab nz oa og oh of\">Vitamin B 12<\/td>\n<td class=\"t es v ab nz oa og oh of\">1,5 mkg<\/td>\n<td class=\"t es v ab nz oa og oh\">60 %<\/td>\n<\/tr>\n<tr>\n<td class=\"t es v ab nz oa og oh of\">Vitamin B 6<\/td>\n<td class=\"t es v ab nz oa og oh of\">0,5 mg<\/td>\n<td class=\"t es v ab nz oa og oh\">36 %<\/td>\n<\/tr>\n<tr>\n<td class=\"t es v ab nz oa og oh of\">S vitamini<\/td>\n<td class=\"t es v ab nz oa og oh of\">30 mg<\/td>\n<td class=\"t es v ab nz oa og oh\">38 %<\/td>\n<\/tr>\n<tr>\n<td class=\"t es v ab nz oa og oh of\">D vitamini<\/td>\n<td class=\"t es v ab nz oa og oh of\">5 mkg<\/td>\n<td class=\"t es v ab nz oa og oh\">100 %<\/td>\n<\/tr>\n<tr>\n<td class=\"t es v ab nz oa og oh of\">E vitamini<\/td>\n<td class=\"t es v ab nz oa og oh of\">8 mg<\/td>\n<td class=\"t es v ab nz oa og oh\">67 %<\/td>\n<\/tr>\n<\/tbody>\n<\/table>","protected":false},"excerpt":{"rendered":"<p>So&#8217;rish va chaynash uchun 20 ta mazali ayiq Apelsin ta&#8217;mi&hellip;<\/p>\n<p> <a class=\"more-link\" href=\"https:\/\/piyola.shop\/uz\/mahsulot\/bolalar-uchun-multivitaminlar-chaynash-tabletkalari-20-dona\/\">Ko&#039;proq o&#039;qish<\/a><\/p>","protected":false},"featured_media":13162,"comment_status":"open","ping_status":"closed","template":"","meta":{"om_disable_all_campaigns":false},"product_brand":[],"product_cat":[131],"product_tag":[],"class_list":{"0":"post-12532","1":"product","2":"type-product","3":"status-publish","4":"has-post-thumbnail","6":"product_cat-vitaminlar","8":"first","9":"instock","10":"shipping-taxable","11":"purchasable","12":"product-type-simple"},"aioseo_notices":[],"jetpack_sharing_enabled":true,"builder_content":"","_links":{"self":[{"href":"https:\/\/piyola.shop\/uz\/wp-json\/wp\/v2\/product\/12532","targetHints":{"allow":["GET"]}}],"collection":[{"href":"https:\/\/piyola.shop\/uz\/wp-json\/wp\/v2\/product"}],"about":[{"href":"https:\/\/piyola.shop\/uz\/wp-json\/wp\/v2\/types\/product"}],"replies":[{"embeddable":true,"href":"https:\/\/piyola.shop\/uz\/wp-json\/wp\/v2\/comments?post=12532"}],"wp:featuredmedia":[{"embeddable":true,"href":"https:\/\/piyola.shop\/uz\/wp-json\/wp\/v2\/media\/13162"}],"wp:attachment":[{"href":"https:\/\/piyola.shop\/uz\/wp-json\/wp\/v2\/media?parent=12532"}],"wp:term":[{"taxonomy":"product_brand","embeddable":true,"href":"https:\/\/piyola.shop\/uz\/wp-json\/wp\/v2\/product_brand?post=12532"},{"taxonomy":"product_cat","embeddable":true,"href":"https:\/\/piyola.shop\/uz\/wp-json\/wp\/v2\/product_cat?post=12532"},{"taxonomy":"product_tag","embeddable":true,"href":"https:\/\/piyola.shop\/uz\/wp-json\/wp\/v2\/product_tag?post=12532"}],"curies":[{"name":"wp","href":"https:\/\/api.w.org\/{rel}","templated":true}]}}