{"id":12537,"date":"2024-05-05T17:44:29","date_gmt":"2024-05-05T15:44:29","guid":{"rendered":"https:\/\/piyola.shop\/?post_type=product&#038;p=12537"},"modified":"2024-05-12T12:14:19","modified_gmt":"2024-05-12T10:14:19","slug":"vitamin-k2-d3-1000ie-tabletkalari-120-dona-524-g","status":"publish","type":"product","link":"https:\/\/piyola.shop\/uz\/mahsulot\/vitamin-k2-d3-1000ie-tabletkalari-120-dona-524-g\/","title":{"rendered":"Vitamin K2 + D3 1000IE tabletkalari 120 dona, 52,4 g"},"content":{"rendered":"<p>K2 va D3 vitaminlari<br \/>\nDoppelherzdan 120 dona vitamin K2 + D3 tabletkalari suyaklarni saqlashga hissa qo&#8217;shadi. Sog&#8217;lom suyaklar har qanday yoshda muhimdir, chunki ular tanamizning asosini tashkil qiladi. K vitamini va D vitamini suyaklarni saqlashda muhim rol o&#8217;ynaydi. D vitamini kaltsiyning normal so&#8217;rilishi va ishlatilishiga yordam beradi. U oziq-ovqatdan so&#8217;rilgan suyak mineral kaltsiy uchun &#8220;qo&#8217;shilish yordami&#8221; bo&#8217;lib xizmat qiladi. Bitta tabletkada menakinon (MK-7) shaklida 100 mkg K vitamini mavjud. Bu yuqori sifatli K2 vitamini bo&#8217;lib, inson tanasi tomonidan oson so&#8217;riladi. Tabletkada 25 mkg D vitamini ham mavjud. Bu 1000 IU (xalqaro e birliklari) ga to&#8217;g&#8217;ri keladi.<\/p>\n<p>F\u00fcllstoff Calciumcarbonat, F\u00fcllstoff mikrokristalline Cellulose, Maltodextrin, \u00dcberzugsmittel Hydroxypropylmethylcellulose, F\u00fcllstoff Isomalt, Trennmittel Magnesiumsalze der Speisefetts\u00e4uren, Mittelkettige Triglyceride, Menachinon, Cholecalciferol, \u00dcberzugsmittel Carnaubawachs<\/p>","protected":false},"excerpt":{"rendered":"<p>K2 va D3 vitaminlari Doppelherzdan 120 dona vitamin K2 +&hellip;<\/p>\n<p> <a class=\"more-link\" href=\"https:\/\/piyola.shop\/uz\/mahsulot\/vitamin-k2-d3-1000ie-tabletkalari-120-dona-524-g\/\">Ko&#039;proq o&#039;qish<\/a><\/p>","protected":false},"featured_media":13158,"comment_status":"open","ping_status":"closed","template":"","meta":{"om_disable_all_campaigns":false},"product_brand":[],"product_cat":[131],"product_tag":[],"class_list":{"0":"post-12537","1":"product","2":"type-product","3":"status-publish","4":"has-post-thumbnail","6":"product_cat-vitaminlar","8":"first","9":"instock","10":"shipping-taxable","11":"purchasable","12":"product-type-simple"},"aioseo_notices":[],"jetpack_sharing_enabled":true,"builder_content":"","_links":{"self":[{"href":"https:\/\/piyola.shop\/uz\/wp-json\/wp\/v2\/product\/12537","targetHints":{"allow":["GET"]}}],"collection":[{"href":"https:\/\/piyola.shop\/uz\/wp-json\/wp\/v2\/product"}],"about":[{"href":"https:\/\/piyola.shop\/uz\/wp-json\/wp\/v2\/types\/product"}],"replies":[{"embeddable":true,"href":"https:\/\/piyola.shop\/uz\/wp-json\/wp\/v2\/comments?post=12537"}],"wp:featuredmedia":[{"embeddable":true,"href":"https:\/\/piyola.shop\/uz\/wp-json\/wp\/v2\/media\/13158"}],"wp:attachment":[{"href":"https:\/\/piyola.shop\/uz\/wp-json\/wp\/v2\/media?parent=12537"}],"wp:term":[{"taxonomy":"product_brand","embeddable":true,"href":"https:\/\/piyola.shop\/uz\/wp-json\/wp\/v2\/product_brand?post=12537"},{"taxonomy":"product_cat","embeddable":true,"href":"https:\/\/piyola.shop\/uz\/wp-json\/wp\/v2\/product_cat?post=12537"},{"taxonomy":"product_tag","embeddable":true,"href":"https:\/\/piyola.shop\/uz\/wp-json\/wp\/v2\/product_tag?post=12537"}],"curies":[{"name":"wp","href":"https:\/\/api.w.org\/{rel}","templated":true}]}}