{"id":12542,"date":"2024-05-05T17:47:54","date_gmt":"2024-05-05T15:47:54","guid":{"rendered":"https:\/\/piyola.shop\/?post_type=product&#038;p=12542"},"modified":"2024-05-12T12:13:41","modified_gmt":"2024-05-12T10:13:41","slug":"vitamin-b12-500-mkg-tayoqchalar-20-dona-36-g","status":"publish","type":"product","link":"https:\/\/piyola.shop\/uz\/mahsulot\/vitamin-b12-500-mkg-tayoqchalar-20-dona-36-g\/","title":{"rendered":"Vitamin B12 500 mkg tayoqchalar 20 dona, 36 gr"},"content":{"rendered":"<p>Kam mustahkamli taom<br \/>\nMalina ta&#8217;mi bilan<br \/>\nLaktozasiz<br \/>\nVegan<br \/>\nTeteseptdan olingan 500 mkg vitamin B12 tayoqlari stress davrida energiya almashinuvini qo&#8217;llab-quvvatlaydigan yuqori dozadagi B12 vitaminini o&#8217;z ichiga oladi.<br \/>\ncharchoq va charchoqni qo&#8217;llab-quvvatlashi va kamaytirish uchun &#8211; tana va ong uchun. B12 vitamini mikrogranula bo&#8217;lib. Ayniqsa, yo\u2018lda va zudlik bilan kerak bo\u2018lganda amaliy.<br \/>\nVitamin B12 normal energiya almashinuviga, charchoq va charchoqni kamaytirishga, asab tizimining normal ishlashiga va immunitet tizimining normal ishlashiga yordam beradi.<br \/>\nIlova: shunchaki paketni yirtib oching va mikrogranulalarni qo&#8217;shing<br \/>\ntilga qo&#8217;ying. U bir necha soniya ichida suvsiz eriydi. Kundalik hayotda yoki ishda to&#8217;liq majburiyat tufayli ortiqcha jismoniy va ruhiy stress ozuqa moddalariga bo&#8217;lgan ehtiyojning oshishiga olib kelishi mumkin. Vitaminlarning etarli darajada ta&#8217;minlanishi<br \/>\nB12 hozir muhim. B12 vitamini vegetarianlar va vegetarianlar uchun ayniqsa muhimdir.<\/p>\n<p>TAVSIYA ETILGAN ISTE&#8217;mol: Kuniga bir marta bitta tayoq tarkibini iste&#8217;mol qiling. Tavsiya etilgan kunlik iste&#8217;mol miqdori oshib ketmasligi kerak. Diyetik qo&#8217;shimchalar turli xil va muvozanatli ovqatlanish o&#8217;rnini bosa olmaydi, bu sog&#8217;lom turmush tarzi bilan bir qatorda muhimdir. B12 vitamini o&#8217;z ichiga olgan boshqa preparatlarni iste&#8217;mol qilmang.<\/p>\n<p>Zutaten: S\u00fc\u00dfungsmittel: Sorbitol; F\u00fcllstoff: Mikrokristalline Cellulose; S\u00e4uerungsmittel: Citronens\u00e4ure Anhydrat; Trennmittel: Calciumsilikat; Cyanocobalamin (Vitamin B12); Aroma: Himbeere, Erdbeere, Schwarze Johannisbeere; Farbstoff: AmmoniumSULFIT-Zuckerkul\u00f6r.<\/p>","protected":false},"excerpt":{"rendered":"<p>Kam oqsilli taom Malina ta&#8217;mi bilan Laktozasiz Vegan Teteseptdan olingan&hellip;<\/p>\n<p> <a class=\"more-link\" href=\"https:\/\/piyola.shop\/uz\/mahsulot\/vitamin-b12-500-mkg-tayoqchalar-20-dona-36-g\/\">Ko&#039;proq o&#039;qish<\/a><\/p>","protected":false},"featured_media":13153,"comment_status":"open","ping_status":"closed","template":"","meta":{"om_disable_all_campaigns":false},"product_brand":[],"product_cat":[131],"product_tag":[],"class_list":{"0":"post-12542","1":"product","2":"type-product","3":"status-publish","4":"has-post-thumbnail","6":"product_cat-vitaminlar","8":"first","9":"instock","10":"shipping-taxable","11":"purchasable","12":"product-type-simple"},"aioseo_notices":[],"jetpack_sharing_enabled":true,"builder_content":"","_links":{"self":[{"href":"https:\/\/piyola.shop\/uz\/wp-json\/wp\/v2\/product\/12542","targetHints":{"allow":["GET"]}}],"collection":[{"href":"https:\/\/piyola.shop\/uz\/wp-json\/wp\/v2\/product"}],"about":[{"href":"https:\/\/piyola.shop\/uz\/wp-json\/wp\/v2\/types\/product"}],"replies":[{"embeddable":true,"href":"https:\/\/piyola.shop\/uz\/wp-json\/wp\/v2\/comments?post=12542"}],"wp:featuredmedia":[{"embeddable":true,"href":"https:\/\/piyola.shop\/uz\/wp-json\/wp\/v2\/media\/13153"}],"wp:attachment":[{"href":"https:\/\/piyola.shop\/uz\/wp-json\/wp\/v2\/media?parent=12542"}],"wp:term":[{"taxonomy":"product_brand","embeddable":true,"href":"https:\/\/piyola.shop\/uz\/wp-json\/wp\/v2\/product_brand?post=12542"},{"taxonomy":"product_cat","embeddable":true,"href":"https:\/\/piyola.shop\/uz\/wp-json\/wp\/v2\/product_cat?post=12542"},{"taxonomy":"product_tag","embeddable":true,"href":"https:\/\/piyola.shop\/uz\/wp-json\/wp\/v2\/product_tag?post=12542"}],"curies":[{"name":"wp","href":"https:\/\/api.w.org\/{rel}","templated":true}]}}