{"id":12547,"date":"2024-05-05T17:50:13","date_gmt":"2024-05-05T15:50:13","guid":{"rendered":"https:\/\/piyola.shop\/?post_type=product&#038;p=12547"},"modified":"2024-05-12T12:12:45","modified_gmt":"2024-05-12T10:12:45","slug":"vitamin-b12-500-tabletka-120-dona-482-g","status":"publish","type":"product","link":"https:\/\/piyola.shop\/uz\/mahsulot\/vitamin-b12-500-tabletka-120-dona-482-g\/","title":{"rendered":"Vitamin B12 500 tabletka 120 don, 48,2 g"},"content":{"rendered":"<p>Mini planshet shaklida<br \/>\nOddiy energiya almashinuviga hissa sifatida<br \/>\nAgar B12 vitaminiga ehtiyoj ortib ketsa<br \/>\nDoppelherzning B12 vitamini tabletkalari normal energiya almashinuviga hissa qo&#8217;shish uchun olinishi mumkin. B12 vitamini charchoq va charchoqni kamaytirishga yordam beradi. Ko&#8217;proq ehtiyojlar yoki muvozanatsiz ovqatlanish uchun ideal.<\/p>\n<p>F\u00fcllstoff Dicalciumphosphat, F\u00fcllstoff mikrokristalline Cellulose, \u00dcberzugsmittel Hydroxypropylmethylcellulose, Trennmittel Siliciumdioxid, F\u00fcllstoff vernetzte Carboxymethylcellulose, Trennmittel Magnesiumsalze der Speisefetts\u00e4uren, Trennmittel Speisefetts\u00e4uren, Farbstoff Eisenoxide und Eisenhydroxide, Trennmittel Talkum, Vitamin B12<\/p>","protected":false},"excerpt":{"rendered":"<p>Mini planshet shaklida Oddiy energiya almashinuviga hissa sifatida Agar B12&hellip;<\/p>\n<p> <a class=\"more-link\" href=\"https:\/\/piyola.shop\/uz\/mahsulot\/vitamin-b12-500-tabletka-120-dona-482-g\/\">Ko&#039;proq o&#039;qish<\/a><\/p>","protected":false},"featured_media":13149,"comment_status":"open","ping_status":"closed","template":"","meta":{"om_disable_all_campaigns":false},"product_brand":[],"product_cat":[131],"product_tag":[],"class_list":{"0":"post-12547","1":"product","2":"type-product","3":"status-publish","4":"has-post-thumbnail","6":"product_cat-vitaminlar","8":"first","9":"instock","10":"shipping-taxable","11":"purchasable","12":"product-type-simple"},"aioseo_notices":[],"jetpack_sharing_enabled":true,"builder_content":"","_links":{"self":[{"href":"https:\/\/piyola.shop\/uz\/wp-json\/wp\/v2\/product\/12547","targetHints":{"allow":["GET"]}}],"collection":[{"href":"https:\/\/piyola.shop\/uz\/wp-json\/wp\/v2\/product"}],"about":[{"href":"https:\/\/piyola.shop\/uz\/wp-json\/wp\/v2\/types\/product"}],"replies":[{"embeddable":true,"href":"https:\/\/piyola.shop\/uz\/wp-json\/wp\/v2\/comments?post=12547"}],"wp:featuredmedia":[{"embeddable":true,"href":"https:\/\/piyola.shop\/uz\/wp-json\/wp\/v2\/media\/13149"}],"wp:attachment":[{"href":"https:\/\/piyola.shop\/uz\/wp-json\/wp\/v2\/media?parent=12547"}],"wp:term":[{"taxonomy":"product_brand","embeddable":true,"href":"https:\/\/piyola.shop\/uz\/wp-json\/wp\/v2\/product_brand?post=12547"},{"taxonomy":"product_cat","embeddable":true,"href":"https:\/\/piyola.shop\/uz\/wp-json\/wp\/v2\/product_cat?post=12547"},{"taxonomy":"product_tag","embeddable":true,"href":"https:\/\/piyola.shop\/uz\/wp-json\/wp\/v2\/product_tag?post=12547"}],"curies":[{"name":"wp","href":"https:\/\/api.w.org\/{rel}","templated":true}]}}