{"id":12565,"date":"2024-05-05T18:21:14","date_gmt":"2024-05-05T16:21:14","guid":{"rendered":"https:\/\/piyola.shop\/?post_type=product&#038;p=12565"},"modified":"2024-05-12T12:10:10","modified_gmt":"2024-05-12T10:10:10","slug":"vitamin-c-1000-d3-sink-100-dona-143-g","status":"publish","type":"product","link":"https:\/\/piyola.shop\/uz\/mahsulot\/vitamin-c-1000-d3-sink-100-dona-143-g\/","title":{"rendered":"Vitamin C 1000 + D3 + Lavabo 100 dona, 143 g"},"content":{"rendered":"<p>1000 mg vitamin C (yuqori doza), 1000 IU vitamin D3 va 12 mg sink<br \/>\nVitamin C, D va sink immunitet tizimining normal faoliyatini qo&#8217;llab-quvvatlaydi<br \/>\nKechiktirilgan chiqarish bilan depo planshet<br \/>\nDoppelherz Vitamin C 1000 + D3 + Sink immunitet tizimining normal ishlashini ta&#8217;minlash uchun 1000 mg vitamin C ni 1000 IU vitamin D3 (= 25 mkg vitamin D3) va 12 mg rux bilan birga beradi.<\/p>\n<p>L-Ascorbins\u00e4ure, F\u00fcllstoff Hydroxypropylmethylcellulose, modifizierte St\u00e4rke, F\u00fcllstoff mikrokristalline Cellulose, Zinksulfat, Trennmittel Speisefetts\u00e4uren, Trennmittel Talkum, Trennmittel Magnesiumsalze der Speisefetts\u00e4uren, Farbstoff Eisenoxide und Eisenhydroxide, Feuchthaltemittel Glycerin, Cholecalciferol<\/p>","protected":false},"excerpt":{"rendered":"<p>1000 mg vitamin C (yuqori doza), 1000 IU vitamin D3&hellip;<\/p>\n<p> <a class=\"more-link\" href=\"https:\/\/piyola.shop\/uz\/mahsulot\/vitamin-c-1000-d3-sink-100-dona-143-g\/\">Ko&#039;proq o&#039;qish<\/a><\/p>","protected":false},"featured_media":13134,"comment_status":"open","ping_status":"closed","template":"","meta":{"om_disable_all_campaigns":false},"product_brand":[],"product_cat":[131],"product_tag":[],"class_list":{"0":"post-12565","1":"product","2":"type-product","3":"status-publish","4":"has-post-thumbnail","6":"product_cat-vitaminlar","8":"first","9":"instock","10":"shipping-taxable","11":"purchasable","12":"product-type-simple"},"aioseo_notices":[],"jetpack_sharing_enabled":true,"builder_content":"","_links":{"self":[{"href":"https:\/\/piyola.shop\/uz\/wp-json\/wp\/v2\/product\/12565","targetHints":{"allow":["GET"]}}],"collection":[{"href":"https:\/\/piyola.shop\/uz\/wp-json\/wp\/v2\/product"}],"about":[{"href":"https:\/\/piyola.shop\/uz\/wp-json\/wp\/v2\/types\/product"}],"replies":[{"embeddable":true,"href":"https:\/\/piyola.shop\/uz\/wp-json\/wp\/v2\/comments?post=12565"}],"wp:featuredmedia":[{"embeddable":true,"href":"https:\/\/piyola.shop\/uz\/wp-json\/wp\/v2\/media\/13134"}],"wp:attachment":[{"href":"https:\/\/piyola.shop\/uz\/wp-json\/wp\/v2\/media?parent=12565"}],"wp:term":[{"taxonomy":"product_brand","embeddable":true,"href":"https:\/\/piyola.shop\/uz\/wp-json\/wp\/v2\/product_brand?post=12565"},{"taxonomy":"product_cat","embeddable":true,"href":"https:\/\/piyola.shop\/uz\/wp-json\/wp\/v2\/product_cat?post=12565"},{"taxonomy":"product_tag","embeddable":true,"href":"https:\/\/piyola.shop\/uz\/wp-json\/wp\/v2\/product_tag?post=12565"}],"curies":[{"name":"wp","href":"https:\/\/api.w.org\/{rel}","templated":true}]}}