{"id":12576,"date":"2024-05-05T18:27:18","date_gmt":"2024-05-05T16:27:18","guid":{"rendered":"https:\/\/piyola.shop\/?post_type=product&#038;p=12576"},"modified":"2024-05-12T12:08:47","modified_gmt":"2024-05-12T10:08:47","slug":"vitamin-b-kompleks-tabletkalari-40-dona-74-g","status":"publish","type":"product","link":"https:\/\/piyola.shop\/uz\/mahsulot\/vitamin-b-kompleks-tabletkalari-40-dona-74-g\/","title":{"rendered":"Vitamin B kompleks tabletkalari 40 dona, 7,4 g"},"content":{"rendered":"<p>Mini tabletkalarni yutish oson<br \/>\ntaxofit B kompleksi + foliy kislotasi B vitaminlari tanlangan kombinatsiyasini o&#8217;z ichiga oladi. 600 mkg foliy kislotasi bilan yuqori dozada<\/p>\n<p>Tavsiya etilgan dozasi: 1 tabletkani ozgina suyuqlik va ovqat bilan butunlay yutib yuboring.<\/p>\n<p>Zutaten: F\u00fcllstoffe (Calciumphosphate, Cellulose), Nicotinamid, Calcium-D-pantothenat, Pyridoxinhydrochlorid, \u00dcberzugsmittel (Hydroxypropylmethylcellulose, Hydroxypropylcellulose, Speisefetts\u00e4uren), Thiaminmononitrat, Riboflavin, Trennmittel (Magnesiumsalze der Speisefetts\u00e4uren, Magnesiumcarbonate, Siliciumdioxid), Pteroylmonoglutamins\u00e4ure (Fols\u00e4ure), Cyanocobalamin (Vitamin B12), Farbstoff Riboflavin<\/p>\n<table class=\"t es v ab b mv mw\" data-designsystem=\"true\">\n<thead>\n<tr>\n<th class=\"t es v bi mx my mz na nb nc nd\">Zusammensetzung<\/th>\n<th class=\"t es v bi mx my mz na nb nc nd\">Pro Tagesdosis*<\/th>\n<th class=\"t es v bi mx my mz na nb nc\">% NRV**<\/th>\n<\/tr>\n<\/thead>\n<tbody>\n<tr>\n<td class=\"t es v ab mx my ne nf nd\">Fols\u00e4ure<\/td>\n<td class=\"t es v ab mx my ne nf nd\">600 mkg<\/td>\n<td class=\"t es v ab mx my ne nf\">300 %<\/td>\n<\/tr>\n<tr>\n<td class=\"t es v ab mx my ne nf nd\">Niatsin<\/td>\n<td class=\"t es v ab mx my ne nf nd\">54 mg<\/td>\n<td class=\"t es v ab mx my ne nf\">338 %<\/td>\n<\/tr>\n<tr>\n<td class=\"t es v ab mx my ne nf nd\">Pantotenza<\/td>\n<td class=\"t es v ab mx my ne nf nd\">18 mg<\/td>\n<td class=\"t es v ab mx my ne nf\">300 %<\/td>\n<\/tr>\n<tr>\n<td class=\"t es v ab mx my ne nf nd\">Vitamin B 2, Riboflavin<\/td>\n<td class=\"t es v ab mx my ne nf nd\">4,8 mg<\/td>\n<td class=\"t es v ab mx my ne nf\">343 %<\/td>\n<\/tr>\n<tr>\n<td class=\"t es v ab mx my ne nf nd\">Vitamin B 1, tiamin<\/td>\n<td class=\"t es v ab mx my ne nf nd\">4,2 mg<\/td>\n<td class=\"t es v ab mx my ne nf\">382 %<\/td>\n<\/tr>\n<tr>\n<td class=\"t es v ab mx my ne nf nd\">Vitamin B 12<\/td>\n<td class=\"t es v ab mx my ne nf nd\">7,5 \u00b5g<\/td>\n<td class=\"t es v ab mx my ne nf\">300 %<\/td>\n<\/tr>\n<tr>\n<td class=\"t es v ab mx my ne nf nd\">Vitamin B 6<\/td>\n<td class=\"t es v ab mx my ne nf nd\">6 mg<\/td>\n<td class=\"t es v ab mx my ne nf\">429 %<\/td>\n<\/tr>\n<\/tbody>\n<\/table>","protected":false},"excerpt":{"rendered":"<p>Mini tabletkalarni yutish oson taxofit B kompleksi + foliy kislotasi&hellip;<\/p>\n<p> <a class=\"more-link\" href=\"https:\/\/piyola.shop\/uz\/mahsulot\/vitamin-b-kompleks-tabletkalari-40-dona-74-g\/\">Ko&#039;proq o&#039;qish<\/a><\/p>","protected":false},"featured_media":13124,"comment_status":"open","ping_status":"closed","template":"","meta":{"om_disable_all_campaigns":false},"product_brand":[],"product_cat":[131],"product_tag":[],"class_list":{"0":"post-12576","1":"product","2":"type-product","3":"status-publish","4":"has-post-thumbnail","6":"product_cat-vitaminlar","8":"first","9":"instock","10":"shipping-taxable","11":"purchasable","12":"product-type-simple"},"aioseo_notices":[],"jetpack_sharing_enabled":true,"builder_content":"","_links":{"self":[{"href":"https:\/\/piyola.shop\/uz\/wp-json\/wp\/v2\/product\/12576","targetHints":{"allow":["GET"]}}],"collection":[{"href":"https:\/\/piyola.shop\/uz\/wp-json\/wp\/v2\/product"}],"about":[{"href":"https:\/\/piyola.shop\/uz\/wp-json\/wp\/v2\/types\/product"}],"replies":[{"embeddable":true,"href":"https:\/\/piyola.shop\/uz\/wp-json\/wp\/v2\/comments?post=12576"}],"wp:featuredmedia":[{"embeddable":true,"href":"https:\/\/piyola.shop\/uz\/wp-json\/wp\/v2\/media\/13124"}],"wp:attachment":[{"href":"https:\/\/piyola.shop\/uz\/wp-json\/wp\/v2\/media?parent=12576"}],"wp:term":[{"taxonomy":"product_brand","embeddable":true,"href":"https:\/\/piyola.shop\/uz\/wp-json\/wp\/v2\/product_brand?post=12576"},{"taxonomy":"product_cat","embeddable":true,"href":"https:\/\/piyola.shop\/uz\/wp-json\/wp\/v2\/product_cat?post=12576"},{"taxonomy":"product_tag","embeddable":true,"href":"https:\/\/piyola.shop\/uz\/wp-json\/wp\/v2\/product_tag?post=12576"}],"curies":[{"name":"wp","href":"https:\/\/api.w.org\/{rel}","templated":true}]}}