{"id":12584,"date":"2024-05-05T18:32:52","date_gmt":"2024-05-05T16:32:52","guid":{"rendered":"https:\/\/piyola.shop\/?post_type=product&#038;p=12584"},"modified":"2024-05-12T12:07:08","modified_gmt":"2024-05-12T10:07:08","slug":"magniy-600-b12-togridan-togri-granulalar-20-dona-40-g","status":"publish","type":"product","link":"https:\/\/piyola.shop\/uz\/mahsulot\/magniy-600-b12-togridan-togri-granulalar-20-dona-40-g\/","title":{"rendered":"Magniy 600 + B12 to&#039;g&#039;ridan-to&#039;g&#039;ri granulalar 20 dona, 40 g"},"content":{"rendered":"<p>Magniyga bo&#8217;lgan ehtiyojning ortishi bilan<br \/>\nTo&#8217;g&#8217;ridan-to&#8217;g&#8217;ri granulalar: suyuqliksiz oling<br \/>\nYuqori dozali magniy va B12<br \/>\nTez samarali<br \/>\nTasofit Magnezium 600 + B12 to&#8217;g&#8217;ridan-to&#8217;g&#8217;ri granulati normal mushaklar faoliyatini qo&#8217;llab-quvvatlash uchun magniyning yuqori dozalarini, shuningdek, normal energiya almashinuviga va charchoqni kamaytirishga yordam beradigan B12 vitaminini o&#8217;z ichiga oladi.<br \/>\nTo&#8217;g&#8217;ridan-to&#8217;g&#8217;ri granulyatsiya mushaklar va tanani tez va ishonchli ta&#8217;minlaydi. Bu yo&#8217;lda ham amaliy va uni suvsiz olish mumkin.<\/p>\n<p>Zutaten: Magnesiumoxid, F\u00fcllstoff Sorbit, S\u00e4uerungsmittel Citronens\u00e4ure, Trennmittel (Magnesiumsalze der Speisefetts\u00e4uren, Calciumphosphate), Aromen, Thiaminhydrochlorid, S\u00fc\u00dfungsmittel (Aspartam, Sucralose, Acesulfam K), Cyanocobalamin (Vitamin B12).<\/p>\n<table class=\"t es v ab b nx ny\" data-designsystem=\"true\">\n<thead>\n<tr>\n<th class=\"t es v bi nz oa ob oc od oe of\">Zusammensetzung<\/th>\n<th class=\"t es v bi nz oa ob oc od oe of\">Pro Tagesdosis*<\/th>\n<th class=\"t es v bi nz oa ob oc od oe\">% NRV**<\/th>\n<\/tr>\n<\/thead>\n<tbody>\n<tr>\n<td class=\"t es v ab nz oa og oh of\">Magniy<\/td>\n<td class=\"t es v ab nz oa og oh of\">600 mg<\/td>\n<td class=\"t es v ab nz oa og oh\">160 %<\/td>\n<\/tr>\n<tr>\n<td class=\"t es v ab nz oa og oh of\">Vitamin B 1, tiamin<\/td>\n<td class=\"t es v ab nz oa og oh of\">4,2 mg<\/td>\n<td class=\"t es v ab nz oa og oh\">382 %<\/td>\n<\/tr>\n<tr>\n<td class=\"t es v ab nz oa og oh of\">Vitamin B 12<\/td>\n<td class=\"t es v ab nz oa og oh of\">100 mkg<\/td>\n<td class=\"t es v ab nz oa og oh\">4.000 %<\/td>\n<\/tr>\n<\/tbody>\n<\/table>","protected":false},"excerpt":{"rendered":"<p>Magniyga bo&#8217;lgan ehtiyojning ortishi bilan To&#8217;g&#8217;ridan-to&#8217;g&#8217;ri granulalar: suyuqliksiz oling Yuqori&hellip;<\/p>\n<p> <a class=\"more-link\" href=\"https:\/\/piyola.shop\/uz\/mahsulot\/magniy-600-b12-togridan-togri-granulalar-20-dona-40-g\/\">Ko&#039;proq o&#039;qish<\/a><\/p>","protected":false},"featured_media":13118,"comment_status":"open","ping_status":"closed","template":"","meta":{"om_disable_all_campaigns":false},"product_brand":[],"product_cat":[131],"product_tag":[],"class_list":{"0":"post-12584","1":"product","2":"type-product","3":"status-publish","4":"has-post-thumbnail","6":"product_cat-vitaminlar","8":"first","9":"instock","10":"shipping-taxable","11":"purchasable","12":"product-type-simple"},"aioseo_notices":[],"jetpack_sharing_enabled":true,"builder_content":"","_links":{"self":[{"href":"https:\/\/piyola.shop\/uz\/wp-json\/wp\/v2\/product\/12584","targetHints":{"allow":["GET"]}}],"collection":[{"href":"https:\/\/piyola.shop\/uz\/wp-json\/wp\/v2\/product"}],"about":[{"href":"https:\/\/piyola.shop\/uz\/wp-json\/wp\/v2\/types\/product"}],"replies":[{"embeddable":true,"href":"https:\/\/piyola.shop\/uz\/wp-json\/wp\/v2\/comments?post=12584"}],"wp:featuredmedia":[{"embeddable":true,"href":"https:\/\/piyola.shop\/uz\/wp-json\/wp\/v2\/media\/13118"}],"wp:attachment":[{"href":"https:\/\/piyola.shop\/uz\/wp-json\/wp\/v2\/media?parent=12584"}],"wp:term":[{"taxonomy":"product_brand","embeddable":true,"href":"https:\/\/piyola.shop\/uz\/wp-json\/wp\/v2\/product_brand?post=12584"},{"taxonomy":"product_cat","embeddable":true,"href":"https:\/\/piyola.shop\/uz\/wp-json\/wp\/v2\/product_cat?post=12584"},{"taxonomy":"product_tag","embeddable":true,"href":"https:\/\/piyola.shop\/uz\/wp-json\/wp\/v2\/product_tag?post=12584"}],"curies":[{"name":"wp","href":"https:\/\/api.w.org\/{rel}","templated":true}]}}