{"id":12589,"date":"2024-05-05T18:35:41","date_gmt":"2024-05-05T16:35:41","guid":{"rendered":"https:\/\/piyola.shop\/?post_type=product&#038;p=12589"},"modified":"2024-05-12T12:06:26","modified_gmt":"2024-05-12T10:06:26","slug":"sink-c-efervesan-tabletkalari-20-dona-82-g","status":"publish","type":"product","link":"https:\/\/piyola.shop\/uz\/mahsulot\/sink-c-efervesan-tabletkalari-20-dona-82-g\/","title":{"rendered":"Sink + C efervesan tabletkalari 20 dona, 82 g"},"content":{"rendered":"<p>immunitet tizimini qo&#8217;llab-quvvatlash uchun<br \/>\nlimon ta&#8217;mi bilan<br \/>\nshakar qo&#039;shilmaydi<br \/>\nissiq + sovuq 3,3 mg sink va 400 mg vitamin C har bir tabletka<br \/>\nMivolis Sink + C ko&#8217;pikli tabletkalari limon kabi tetiklantiruvchi ta&#8217;mga ega. Sink muhim mikroelement bo&#8217;lib, S vitamini bilan birgalikda immunitet tizimining normal faoliyatini qo&#8217;llab-quvvatlaydi.<\/p>\n<p>Bir stakan suvda (taxminan 150 ml) har kuni bitta efervesan tabletkani eritib yuboring. Ichimlikni issiq (qaynoq emas) yoki sovuq suv bilan tayyorlashingiz mumkin. Kundalik iste&#8217;mol miqdori oshib ketmasligi kerak. Xun qo&#8217;shimchalarini turli xil va muvozanatli ovqatlanish yoki sog&#8217;lom turmush tarzi o&#8217;rniga ishlatmaslik kerak. 18 yoshgacha bo&#8217;lgan bolalar va yoshlar uchun mos emas.<\/p>\n<p>S\u00e4uerungsmittel Citronens\u00e4ure, S\u00e4ureregulator Natriumhydrogencarbonat, L-Ascorbins\u00e4ure, F\u00fcllstoff Sorbit, Aromen, S\u00fc\u00dfungsmittel Natriumcyclamat und Natriumsaccharin, Zinkcitrat, Farbstoff Riboflavin.<\/p>","protected":false},"excerpt":{"rendered":"<p>immunitet tizimini qo&#8217;llab-quvvatlash uchun limon ta&#8217;mi bilan shakar qo&#8217;shilmaydi issiq&hellip;<\/p>\n<p> <a class=\"more-link\" href=\"https:\/\/piyola.shop\/uz\/mahsulot\/sink-c-efervesan-tabletkalari-20-dona-82-g\/\">Ko&#039;proq o&#039;qish<\/a><\/p>","protected":false},"featured_media":13115,"comment_status":"open","ping_status":"closed","template":"","meta":{"om_disable_all_campaigns":false},"product_brand":[],"product_cat":[131],"product_tag":[],"class_list":{"0":"post-12589","1":"product","2":"type-product","3":"status-publish","4":"has-post-thumbnail","6":"product_cat-vitaminlar","8":"first","9":"instock","10":"shipping-taxable","11":"purchasable","12":"product-type-simple"},"aioseo_notices":[],"jetpack_sharing_enabled":true,"builder_content":"","_links":{"self":[{"href":"https:\/\/piyola.shop\/uz\/wp-json\/wp\/v2\/product\/12589","targetHints":{"allow":["GET"]}}],"collection":[{"href":"https:\/\/piyola.shop\/uz\/wp-json\/wp\/v2\/product"}],"about":[{"href":"https:\/\/piyola.shop\/uz\/wp-json\/wp\/v2\/types\/product"}],"replies":[{"embeddable":true,"href":"https:\/\/piyola.shop\/uz\/wp-json\/wp\/v2\/comments?post=12589"}],"wp:featuredmedia":[{"embeddable":true,"href":"https:\/\/piyola.shop\/uz\/wp-json\/wp\/v2\/media\/13115"}],"wp:attachment":[{"href":"https:\/\/piyola.shop\/uz\/wp-json\/wp\/v2\/media?parent=12589"}],"wp:term":[{"taxonomy":"product_brand","embeddable":true,"href":"https:\/\/piyola.shop\/uz\/wp-json\/wp\/v2\/product_brand?post=12589"},{"taxonomy":"product_cat","embeddable":true,"href":"https:\/\/piyola.shop\/uz\/wp-json\/wp\/v2\/product_cat?post=12589"},{"taxonomy":"product_tag","embeddable":true,"href":"https:\/\/piyola.shop\/uz\/wp-json\/wp\/v2\/product_tag?post=12589"}],"curies":[{"name":"wp","href":"https:\/\/api.w.org\/{rel}","templated":true}]}}