{"id":12594,"date":"2024-05-05T18:38:11","date_gmt":"2024-05-05T16:38:11","guid":{"rendered":"https:\/\/piyola.shop\/?post_type=product&#038;p=12594"},"modified":"2024-05-12T12:05:41","modified_gmt":"2024-05-12T10:05:41","slug":"b12-vita-energy-suyuqligi-8-dona-911-g","status":"publish","type":"product","link":"https:\/\/piyola.shop\/uz\/mahsulot\/b12-vita-energy-suyuqligi-8-dona-911-g\/","title":{"rendered":"B12 Vita-Energy sog&#039;ligi 8 dona, 91,1 g"},"content":{"rendered":"<p>Malinali ta&#039;mli ichimlik shishasi<br \/>\nB12 vitamini bilan<br \/>\nDoppelherzdan olingan B12 Vita-Energy sifatiga tegishli B12 hamda yana 3 ta B vitamini tavsiyasi, L-gluatamin va L-serin mavjud. Ichimlik taomi ham mazali malina ta&#039;miga ega. Uning tarkibidagi B12 charchoq va charchoqni yordamga yordam beradi.<\/p>\n<p>Wasser, Fruktose, Isomaltulose**, L-Glutamin, Inulin, L-Serin, naturalches Aroma, S\u00e4uerungsmittel Citronens\u00e4ure, Konservierungsstoff Kaliumsorbat, Konservierungsstoff Natriumbenzoat, Holunderbeerextrakt, Maltodextrin, Vitamins B\u00e4stel, Vitamin B6, Trennmittel Siliciumdioxid, Vitamin B1 **Izomaltuloza glyukoza va fruktosekeldir<\/p>\n<table class=\"t es v ab b mv mw\" data-designsystem=\"true\">\n<thead>\n<tr>\n<th class=\"t es v bi mx my mz na nb nc nd\">Zusammensetzung<\/th>\n<th class=\"t es v bi mx my mz na nb nc nd\">Pro Tagesdosis*<\/th>\n<th class=\"t es v bi mx my mz na nb nc\">% NRV**<\/th>\n<\/tr>\n<\/thead>\n<tbody>\n<tr>\n<td class=\"t es v ab mx my ne nf nd\">Niatsin<\/td>\n<td class=\"t es v ab mx my ne nf nd\">2,4 mg<\/td>\n<td class=\"t es v ab mx my ne nf\">15 %<\/td>\n<\/tr>\n<tr>\n<td class=\"t es v ab mx my ne nf nd\">Vitamin B 1, tiamin<\/td>\n<td class=\"t es v ab mx my ne nf nd\">0,275 mg<\/td>\n<td class=\"t es v ab mx my ne nf\">25 %<\/td>\n<\/tr>\n<tr>\n<td class=\"t es v ab mx my ne nf nd\">Vitamin B 12<\/td>\n<td class=\"t es v ab mx my ne nf nd\">450 mkg<\/td>\n<td class=\"t es v ab mx my ne nf\">18.000 %<\/td>\n<\/tr>\n<tr>\n<td class=\"t es v ab mx my ne nf nd\">Vitamin B 6<\/td>\n<td class=\"t es v ab mx my ne nf nd\">0,35 mg<\/td>\n<td class=\"t es v ab mx my ne nf\">25 %<\/td>\n<\/tr>\n<tr>\n<td class=\"t es v ab mx my ne nf nd\">Glutamin<\/td>\n<td class=\"t es v ab mx my ne nf nd\">45 mg<\/td>\n<td class=\"t es v ab mx my ne nf\">****<\/td>\n<\/tr>\n<tr>\n<td class=\"t es v ab mx my ne nf nd\">Serin<\/td>\n<td class=\"t es v ab mx my ne nf nd\">40 mg<\/td>\n<td class=\"t es v ab mx my ne nf\">****<\/td>\n<\/tr>\n<\/tbody>\n<\/table>","protected":false},"excerpt":{"rendered":"<p>Malinali ta&#8217;mli ichimlik shishasi B12 vitamini bilan Doppelherzdan olingan B12&hellip;<\/p>\n<p> <a class=\"more-link\" href=\"https:\/\/piyola.shop\/uz\/mahsulot\/b12-vita-energy-suyuqligi-8-dona-911-g\/\">Ko&#039;proq o&#039;qish<\/a><\/p>","protected":false},"featured_media":13109,"comment_status":"open","ping_status":"closed","template":"","meta":{"om_disable_all_campaigns":false},"product_brand":[],"product_cat":[131],"product_tag":[],"class_list":{"0":"post-12594","1":"product","2":"type-product","3":"status-publish","4":"has-post-thumbnail","6":"product_cat-vitaminlar","8":"first","9":"instock","10":"shipping-taxable","11":"purchasable","12":"product-type-simple"},"aioseo_notices":[],"jetpack_sharing_enabled":true,"builder_content":"","_links":{"self":[{"href":"https:\/\/piyola.shop\/uz\/wp-json\/wp\/v2\/product\/12594","targetHints":{"allow":["GET"]}}],"collection":[{"href":"https:\/\/piyola.shop\/uz\/wp-json\/wp\/v2\/product"}],"about":[{"href":"https:\/\/piyola.shop\/uz\/wp-json\/wp\/v2\/types\/product"}],"replies":[{"embeddable":true,"href":"https:\/\/piyola.shop\/uz\/wp-json\/wp\/v2\/comments?post=12594"}],"wp:featuredmedia":[{"embeddable":true,"href":"https:\/\/piyola.shop\/uz\/wp-json\/wp\/v2\/media\/13109"}],"wp:attachment":[{"href":"https:\/\/piyola.shop\/uz\/wp-json\/wp\/v2\/media?parent=12594"}],"wp:term":[{"taxonomy":"product_brand","embeddable":true,"href":"https:\/\/piyola.shop\/uz\/wp-json\/wp\/v2\/product_brand?post=12594"},{"taxonomy":"product_cat","embeddable":true,"href":"https:\/\/piyola.shop\/uz\/wp-json\/wp\/v2\/product_cat?post=12594"},{"taxonomy":"product_tag","embeddable":true,"href":"https:\/\/piyola.shop\/uz\/wp-json\/wp\/v2\/product_tag?post=12594"}],"curies":[{"name":"wp","href":"https:\/\/api.w.org\/{rel}","templated":true}]}}