{"id":12626,"date":"2024-05-06T10:07:45","date_gmt":"2024-05-06T08:07:45","guid":{"rendered":"https:\/\/piyola.shop\/?post_type=product&#038;p=12626"},"modified":"2024-05-12T11:56:50","modified_gmt":"2024-05-12T09:56:50","slug":"b-kompleksi-magniy-vitamin-d3-tabletkalari-40-dona-25-g","status":"publish","type":"product","link":"https:\/\/piyola.shop\/uz\/mahsulot\/b-kompleksi-magniy-vitamin-d3-tabletkalari-40-dona-25-g\/","title":{"rendered":"B kompleksi + magniy + vitamin D3 tabletkalari 40 dona, 25 gr"},"content":{"rendered":"<p>8 B boshqaruvi bo&#039;lgan planshetlar<br \/>\nO&#039;simlik asosidagi vitamin D3 va magniy bilan<br \/>\nSanotact B kompleksi + magniy + vitamin D3 tabletkalarida turli xil B yordami va magniy mavjud. Pantotenik kislota, niatsin, B2, B6, B12 yordami magniy charchoq va charchoqni qo&#039;shishga, normal energiyaga yordam beradi.<\/p>\n<p>Ko&#039;p orqali bilan kuniga 1 tabletka oling<\/p>\n<p>Tarkibi: magneziumoksid, F\u00fcllstoff kaltsiykarbonat, nikotinamid, F\u00fcllstoff gidroksipropilmetilsel\u00fcloz, F\u00fcllstoff mikrokristalin tsellyuloza, maltodekstrin, kaltsiy-D-pantotenat, ganz geh\u00e4rtetes pflanzliches pflanzliches pflanzliches pflanzlichestochyl, (B6 vitamini), riboflavin (vitamin B2), tiaminmononitrat (vitamin) B1), Trennmittel Magnesiumsalze der Speisefetts\u00e4uren, Pteroylmonoglutamins\u00e4ure (Fols\u00e4ure), Siyanokobalamin (Vitamin B12), Xolekalsiferol (Vitamin D3).<\/p>\n<table class=\"t eu v ab b mv mw\" data-designsystem=\"true\">\n<thead>\n<tr>\n<th class=\"t eu v et mx my mz na nb nc nd\">Zusammensetzung<\/th>\n<th class=\"t eu v et mx my mz na nb nc nd\">Pro Tagesdosis*<\/th>\n<th class=\"t eu v et mx my mz na nb nc\">% NRV**<\/th>\n<\/tr>\n<\/thead>\n<tbody>\n<tr>\n<td class=\"t eu v ab mx my ne nf nd\">Biotin<\/td>\n<td class=\"t eu v ab mx my ne nf nd\">150 mkg<\/td>\n<td class=\"t eu v ab mx my ne nf\">300 %<\/td>\n<\/tr>\n<tr>\n<td class=\"t eu v ab mx my ne nf nd\">Fols\u00e4ure<\/td>\n<td class=\"t eu v ab mx my ne nf nd\">600 mkg<\/td>\n<td class=\"t eu v ab mx my ne nf\">300 %<\/td>\n<\/tr>\n<tr>\n<td class=\"t eu v ab mx my ne nf nd\">Magniy<\/td>\n<td class=\"t eu v ab mx my ne nf nd\">150 mg<\/td>\n<td class=\"t eu v ab mx my ne nf\">40 %<\/td>\n<\/tr>\n<tr>\n<td class=\"t eu v ab mx my ne nf nd\">Niatsin<\/td>\n<td class=\"t eu v ab mx my ne nf nd\">48 mg<\/td>\n<td class=\"t eu v ab mx my ne nf\">300 %<\/td>\n<\/tr>\n<tr>\n<td class=\"t eu v ab mx my ne nf nd\">Pantotenza<\/td>\n<td class=\"t eu v ab mx my ne nf nd\">18 mg<\/td>\n<td class=\"t eu v ab mx my ne nf\">300 %<\/td>\n<\/tr>\n<tr>\n<td class=\"t eu v ab mx my ne nf nd\">Vitamin B 2, Riboflavin<\/td>\n<td class=\"t eu v ab mx my ne nf nd\">4,2 mg<\/td>\n<td class=\"t eu v ab mx my ne nf\">300 %<\/td>\n<\/tr>\n<tr>\n<td class=\"t eu v ab mx my ne nf nd\">Vitamin B 1, tiamin<\/td>\n<td class=\"t eu v ab mx my ne nf nd\">3,3 mg<\/td>\n<td class=\"t eu v ab mx my ne nf\">300 %<\/td>\n<\/tr>\n<tr>\n<td class=\"t eu v ab mx my ne nf nd\">Vitamin B 12<\/td>\n<td class=\"t eu v ab mx my ne nf nd\">25 mkg<\/td>\n<td class=\"t eu v ab mx my ne nf\">1.000 %<\/td>\n<\/tr>\n<tr>\n<td class=\"t eu v ab mx my ne nf nd\">Vitamin B 6<\/td>\n<td class=\"t eu v ab mx my ne nf nd\">4,2 mg<\/td>\n<td class=\"t eu v ab mx my ne nf\">300 %<\/td>\n<\/tr>\n<tr>\n<td class=\"t eu v ab mx my ne nf nd\">D vitamini<\/td>\n<td class=\"t eu v ab mx my ne nf nd\">5 mkg<\/td>\n<td class=\"t eu v ab mx my ne nf\">100 %<\/td>\n<\/tr>\n<\/tbody>\n<\/table>","protected":false},"excerpt":{"rendered":"<p>8 B vitaminlari bo&#8217;lgan planshetlar O&#8217;simlik asosidagi vitamin D3 va&hellip;<\/p>\n<p> <a class=\"more-link\" href=\"https:\/\/piyola.shop\/uz\/mahsulot\/b-kompleksi-magniy-vitamin-d3-tabletkalari-40-dona-25-g\/\">Ko&#039;proq o&#039;qish<\/a><\/p>","protected":false},"featured_media":13082,"comment_status":"open","ping_status":"closed","template":"","meta":{"om_disable_all_campaigns":false},"product_brand":[],"product_cat":[131],"product_tag":[],"class_list":{"0":"post-12626","1":"product","2":"type-product","3":"status-publish","4":"has-post-thumbnail","6":"product_cat-vitaminlar","8":"first","9":"instock","10":"shipping-taxable","11":"purchasable","12":"product-type-simple"},"aioseo_notices":[],"jetpack_sharing_enabled":true,"builder_content":"","_links":{"self":[{"href":"https:\/\/piyola.shop\/uz\/wp-json\/wp\/v2\/product\/12626","targetHints":{"allow":["GET"]}}],"collection":[{"href":"https:\/\/piyola.shop\/uz\/wp-json\/wp\/v2\/product"}],"about":[{"href":"https:\/\/piyola.shop\/uz\/wp-json\/wp\/v2\/types\/product"}],"replies":[{"embeddable":true,"href":"https:\/\/piyola.shop\/uz\/wp-json\/wp\/v2\/comments?post=12626"}],"wp:featuredmedia":[{"embeddable":true,"href":"https:\/\/piyola.shop\/uz\/wp-json\/wp\/v2\/media\/13082"}],"wp:attachment":[{"href":"https:\/\/piyola.shop\/uz\/wp-json\/wp\/v2\/media?parent=12626"}],"wp:term":[{"taxonomy":"product_brand","embeddable":true,"href":"https:\/\/piyola.shop\/uz\/wp-json\/wp\/v2\/product_brand?post=12626"},{"taxonomy":"product_cat","embeddable":true,"href":"https:\/\/piyola.shop\/uz\/wp-json\/wp\/v2\/product_cat?post=12626"},{"taxonomy":"product_tag","embeddable":true,"href":"https:\/\/piyola.shop\/uz\/wp-json\/wp\/v2\/product_tag?post=12626"}],"curies":[{"name":"wp","href":"https:\/\/api.w.org\/{rel}","templated":true}]}}