{"id":12637,"date":"2024-05-06T14:24:09","date_gmt":"2024-05-06T12:24:09","guid":{"rendered":"https:\/\/piyola.shop\/?post_type=product&#038;p=12637"},"modified":"2024-05-12T11:55:16","modified_gmt":"2024-05-12T09:55:16","slug":"tabiiy-vitamin-c-pastillari-30-dona-51-g","status":"publish","type":"product","link":"https:\/\/piyola.shop\/uz\/mahsulot\/tabiiy-vitamin-c-pastillari-30-dona-51-g\/","title":{"rendered":"Tabiiy vitamin C pastillari 30 dona, 51 g"},"content":{"rendered":"<p>Sanotact 100% tabiiy vitamin C pastillari tarkibida S vitaminining tabiiy manbai bo&#8217;lgan acerola gilosidan olingan S vitamini mavjud. S vitamini normal immunitet tizimini qo&#8217;llab-quvvatlaydi. S vitamini, shuningdek, charchoqni kamaytirishga, normal energiya almashinuviga va hujayralarni oksidlovchi stressdan himoya qilishga yordam beradi. Mazali gilos ta&#8217;miga ega pastilliklar butun oila uchun zavq bag&#8217;ishlaydi.<\/p>\n<p>Istalgan vaqtda kuniga 2 ta lozenge oling.<br \/>\nKundalik iste&#8217;mol miqdori oshib ketmasligi kerak.<\/p>\n<p>Zutaten: S\u00fc\u00dfungsmittel Sorbit, Maltodextrin, Acerola-Saftpulver (7,5 %), ganz geh\u00e4rtetes pflanzliches Fett (Raps), Schwarze Johannisbeere-Saftpulver, S\u00e4uerungsmittel Citronens\u00e4ure, Trennmittel Magnesiumsalze der Speisefetts\u00e4uren, Aroma.<\/p>\n<div>\n<table class=\"t ex v ab b ld le\" data-designsystem=\"true\">\n<thead>\n<tr>\n<th class=\"t ex v bi lf lg lh li lj lk ll\">Durchschnittliche N\u00e4hrwertangaben<\/th>\n<th class=\"t ex v bi lf lg lh li lj lk\">pro 100 g<\/th>\n<\/tr>\n<\/thead>\n<tbody>\n<tr>\n<td class=\"t ex v ab lf lg lm ln ll\">Brennwert<\/td>\n<td class=\"t ex v ab lf lg lm ln\">281 kcal \/ 1.173 kJ<\/td>\n<\/tr>\n<tr>\n<td class=\"t ex v ab lf lg lm ln ll\">Fett<\/td>\n<td class=\"t ex v ab lf lg lm ln\">3,5 g<\/td>\n<\/tr>\n<tr>\n<td class=\"t ex v ab lf lg lm ln ll\">davon ges\u00e4ttigte Fetts\u00e4uren<\/td>\n<td class=\"t ex v ab lf lg lm ln\">3,4 g<\/td>\n<\/tr>\n<tr>\n<td class=\"t ex v ab lf lg lm ln ll\">Kohlenhydrate<\/td>\n<td class=\"t ex v ab lf lg lm ln\">88 g<\/td>\n<\/tr>\n<tr>\n<td class=\"t ex v ab lf lg lm ln ll\">davon Zucker<\/td>\n<td class=\"t ex v ab lf lg lm ln\">2,9 g<\/td>\n<\/tr>\n<tr>\n<td class=\"t ex v ab lf lg lm ln ll\">Eiwei\u00df<\/td>\n<td class=\"t ex v ab lf lg lm ln\">0,8 g<\/td>\n<\/tr>\n<tr>\n<td class=\"t ex v ab lf lg lm ln ll\">Salz \u00c4quivalent<\/td>\n<td class=\"t ex v ab lf lg lm ln\">0,03 g<\/td>\n<\/tr>\n<\/tbody>\n<\/table>\n<\/div>\n<div>\n<table class=\"t ex v ab b ld le\" data-designsystem=\"true\">\n<thead>\n<tr>\n<th class=\"t ex v bi lf lg lh li lj lk ll\">Zusammensetzung<\/th>\n<th class=\"t ex v bi lf lg lh li lj lk ll\">Pro Tagesdosis*<\/th>\n<th class=\"t ex v bi lf lg lh li lj lk\">% NRV**<\/th>\n<\/tr>\n<\/thead>\n<tbody>\n<tr>\n<td class=\"t ex v ab lf lg lm ln ll\">S vitamini<\/td>\n<td class=\"t ex v ab lf lg lm ln ll\">80 mg<\/td>\n<td class=\"t ex v ab lf lg lm ln\">100 %<\/td>\n<\/tr>\n<\/tbody>\n<\/table>\n<\/div>","protected":false},"excerpt":{"rendered":"<p>Sanotact 100% tabiiy vitamin C pastillari tarkibida S vitaminining tabiiy&hellip;<\/p>\n<p> <a class=\"more-link\" href=\"https:\/\/piyola.shop\/uz\/mahsulot\/tabiiy-vitamin-c-pastillari-30-dona-51-g\/\">Ko&#039;proq o&#039;qish<\/a><\/p>","protected":false},"featured_media":13070,"comment_status":"open","ping_status":"closed","template":"","meta":{"om_disable_all_campaigns":false},"product_brand":[],"product_cat":[131],"product_tag":[],"class_list":{"0":"post-12637","1":"product","2":"type-product","3":"status-publish","4":"has-post-thumbnail","6":"product_cat-vitaminlar","8":"first","9":"instock","10":"shipping-taxable","11":"purchasable","12":"product-type-simple"},"aioseo_notices":[],"jetpack_sharing_enabled":true,"builder_content":"","_links":{"self":[{"href":"https:\/\/piyola.shop\/uz\/wp-json\/wp\/v2\/product\/12637","targetHints":{"allow":["GET"]}}],"collection":[{"href":"https:\/\/piyola.shop\/uz\/wp-json\/wp\/v2\/product"}],"about":[{"href":"https:\/\/piyola.shop\/uz\/wp-json\/wp\/v2\/types\/product"}],"replies":[{"embeddable":true,"href":"https:\/\/piyola.shop\/uz\/wp-json\/wp\/v2\/comments?post=12637"}],"wp:featuredmedia":[{"embeddable":true,"href":"https:\/\/piyola.shop\/uz\/wp-json\/wp\/v2\/media\/13070"}],"wp:attachment":[{"href":"https:\/\/piyola.shop\/uz\/wp-json\/wp\/v2\/media?parent=12637"}],"wp:term":[{"taxonomy":"product_brand","embeddable":true,"href":"https:\/\/piyola.shop\/uz\/wp-json\/wp\/v2\/product_brand?post=12637"},{"taxonomy":"product_cat","embeddable":true,"href":"https:\/\/piyola.shop\/uz\/wp-json\/wp\/v2\/product_cat?post=12637"},{"taxonomy":"product_tag","embeddable":true,"href":"https:\/\/piyola.shop\/uz\/wp-json\/wp\/v2\/product_tag?post=12637"}],"curies":[{"name":"wp","href":"https:\/\/api.w.org\/{rel}","templated":true}]}}