{"id":12653,"date":"2024-05-06T15:01:44","date_gmt":"2024-05-06T13:01:44","guid":{"rendered":"https:\/\/piyola.shop\/?post_type=product&#038;p=12653"},"modified":"2024-05-12T11:53:03","modified_gmt":"2024-05-12T09:53:03","slug":"erkaklar-salomatligi-kapsulalari-30-dona-282-g","status":"publish","type":"product","link":"https:\/\/piyola.shop\/uz\/mahsulot\/erkaklar-salomatligi-kapsulalari-30-dona-282-g\/","title":{"rendered":"Erkaklar kapsulalari 30 dona, 28,2 g"},"content":{"rendered":"<p>Erkaklar uchun parhez qo&#8217;shimchalari<br \/>\nSink bilan<br \/>\nS vitamini o&#8217;z ichiga oladi<br \/>\nAnor va qovoq urug&#8217;i ekstrakti bilan<br \/>\nDoppelherzdan erkaklar salomatligi uchun kapsulalar sink, vitaminlar va anor va qovoq urug&#8217;i ekstraktining kombinatsiyasini o&#8217;z ichiga oladi. Sink normal testosteron darajasini saqlab turish va immunitet tizimining normal ishlashini qo&#8217;llab-quvvatlasa-da, uning tarkibidagi S vitamini\u00a0 charchoqni kamaytirishga yordam beradi.<\/p>\n<p>Har kuni 1 kapsuladan ozgina narsa bilan chaynamasdan oling.<\/p>\n<p>Zutaten: Granatapfelextrakt, F\u00fcllstoff Dicalciumphosphat, L-Ascorbins\u00e4ure, K\u00fcrbiskernextrakt, Gelatine (Rind), Maltodextrin, Zinkgluconat, Trennmittel Magnesiumsalze der Speisefetts\u00e4uren, Trennmittel Siliciumdioxid, Thiaminhydrochlorid, Pyridoxinhydrochlorid, Kupfergluconat, Farbstoff Eisenoxide und Eisenhydroxide, Natriumselenit, Cyanocobalamin<\/p>\n<table class=\"t es v ab b nx ny\" data-designsystem=\"true\">\n<thead>\n<tr>\n<th class=\"t es v eh nz oa ob oc od oe of\">Zusammensetzung<\/th>\n<th class=\"t es v eh nz oa ob oc od oe of\">Pro Tagesdosis*<\/th>\n<th class=\"t es v eh nz oa ob oc od oe\">% NRV**<\/th>\n<\/tr>\n<\/thead>\n<tbody>\n<tr>\n<td class=\"t es v ab nz oa og oh of\">Kupfer<\/td>\n<td class=\"t es v ab nz oa og oh of\">0,3 mg<\/td>\n<td class=\"t es v ab nz oa og oh\">30 %<\/td>\n<\/tr>\n<tr>\n<td class=\"t es v ab nz oa og oh of\">Selen<\/td>\n<td class=\"t es v ab nz oa og oh of\">27,5 \u00b5g<\/td>\n<td class=\"t es v ab nz oa og oh\">50 %<\/td>\n<\/tr>\n<tr>\n<td class=\"t es v ab nz oa og oh of\">Vitamin B 1, tiamin<\/td>\n<td class=\"t es v ab nz oa og oh of\">2,75 mg<\/td>\n<td class=\"t es v ab nz oa og oh\">250 %<\/td>\n<\/tr>\n<tr>\n<td class=\"t es v ab nz oa og oh of\">Vitamin B 12<\/td>\n<td class=\"t es v ab nz oa og oh of\">2,5 mkg<\/td>\n<td class=\"t es v ab nz oa og oh\">100 %<\/td>\n<\/tr>\n<tr>\n<td class=\"t es v ab nz oa og oh of\">Vitamin B 6<\/td>\n<td class=\"t es v ab nz oa og oh of\">2,1 mg<\/td>\n<td class=\"t es v ab nz oa og oh\">150 %<\/td>\n<\/tr>\n<tr>\n<td class=\"t es v ab nz oa og oh of\">S vitamini<\/td>\n<td class=\"t es v ab nz oa og oh of\">120 mg<\/td>\n<td class=\"t es v ab nz oa og oh\">150 %<\/td>\n<\/tr>\n<tr>\n<td class=\"t es v ab nz oa og oh of\">Sink<\/td>\n<td class=\"t es v ab nz oa og oh of\">5 mg<\/td>\n<td class=\"t es v ab nz oa og oh\">50 %<\/td>\n<\/tr>\n<tr>\n<td class=\"t es v ab nz oa og oh of\">Granatapfelextrakt<\/td>\n<td class=\"t es v ab nz oa og oh of\">270 mg<\/td>\n<td class=\"t es v ab nz oa og oh\">****<\/td>\n<\/tr>\n<tr>\n<td class=\"t es v ab nz oa og oh of\">K\u00fcrbiskernextrakt<\/td>\n<td class=\"t es v ab nz oa og oh of\">120 mg<\/td>\n<td class=\"t es v ab nz oa og oh\">****<\/td>\n<\/tr>\n<\/tbody>\n<\/table>","protected":false},"excerpt":{"rendered":"<p>Erkaklar uchun parhez qo&#8217;shimchalari Sink bilan S vitamini o&#8217;z ichiga&hellip;<\/p>\n<p> <a class=\"more-link\" href=\"https:\/\/piyola.shop\/uz\/mahsulot\/erkaklar-salomatligi-kapsulalari-30-dona-282-g\/\">Ko&#039;proq o&#039;qish<\/a><\/p>","protected":false},"featured_media":13058,"comment_status":"open","ping_status":"closed","template":"","meta":{"om_disable_all_campaigns":false},"product_brand":[],"product_cat":[131],"product_tag":[],"class_list":{"0":"post-12653","1":"product","2":"type-product","3":"status-publish","4":"has-post-thumbnail","6":"product_cat-vitaminlar","8":"first","9":"instock","10":"shipping-taxable","11":"purchasable","12":"product-type-simple"},"aioseo_notices":[],"jetpack_sharing_enabled":true,"builder_content":"","_links":{"self":[{"href":"https:\/\/piyola.shop\/uz\/wp-json\/wp\/v2\/product\/12653","targetHints":{"allow":["GET"]}}],"collection":[{"href":"https:\/\/piyola.shop\/uz\/wp-json\/wp\/v2\/product"}],"about":[{"href":"https:\/\/piyola.shop\/uz\/wp-json\/wp\/v2\/types\/product"}],"replies":[{"embeddable":true,"href":"https:\/\/piyola.shop\/uz\/wp-json\/wp\/v2\/comments?post=12653"}],"wp:featuredmedia":[{"embeddable":true,"href":"https:\/\/piyola.shop\/uz\/wp-json\/wp\/v2\/media\/13058"}],"wp:attachment":[{"href":"https:\/\/piyola.shop\/uz\/wp-json\/wp\/v2\/media?parent=12653"}],"wp:term":[{"taxonomy":"product_brand","embeddable":true,"href":"https:\/\/piyola.shop\/uz\/wp-json\/wp\/v2\/product_brand?post=12653"},{"taxonomy":"product_cat","embeddable":true,"href":"https:\/\/piyola.shop\/uz\/wp-json\/wp\/v2\/product_cat?post=12653"},{"taxonomy":"product_tag","embeddable":true,"href":"https:\/\/piyola.shop\/uz\/wp-json\/wp\/v2\/product_tag?post=12653"}],"curies":[{"name":"wp","href":"https:\/\/api.w.org\/{rel}","templated":true}]}}