{"id":12661,"date":"2024-05-06T15:07:39","date_gmt":"2024-05-06T13:07:39","guid":{"rendered":"https:\/\/piyola.shop\/?post_type=product&#038;p=12661"},"modified":"2024-05-12T11:51:44","modified_gmt":"2024-05-12T09:51:44","slug":"tabletkalar-multivitaminlar-minerallar-365-dona-5256-g","status":"publish","type":"product","link":"https:\/\/piyola.shop\/uz\/mahsulot\/tabletkalar-multivitaminlar-minerallar-365-dona-5256-g\/","title":{"rendered":"Tabletkalar multivitaminlar + minerallar 365 dona, 525,6 g"},"content":{"rendered":"<p>Laktoza, kleykovina va titan dioksidi (oziq-ovqat bo&#8217;yoqlari) kabi keraksiz qo&#8217;shimchalardan xoli.<br \/>\nBir qutidagi yillik ta&#8217;minot<br \/>\nKuniga faqat bitta tabletka<br \/>\nVegetarian<br \/>\nN1 multivitaminli + mineral tabletkalar (365 dona) bilan siz yil davomida yaxshi ta&#8217;minlanasiz. Vitamin va minerallarning N1 yillik to&#8217;plami optimal tarzda tuzilgan. Uning tarkibidagi ingredientlar qiyin yoki stressli paytlarda ham tanamizni normal holatda saqlashga ko&#8217;p jihatdan yordam beradi. Masalan, ular normal aqliy faoliyatga (pantotenik kislota), normal energiya almashinuviga (biotin, niatsin, pantotenik kislota, riboflavin, tiamin, vitamin B6 va B12) hissa qo&#8217;shadilar. normal psixologik funktsiya uchun (biotin, foliy kislotasi, niatsin, tiamin, vitamin B6 va B12).<\/p>\n<p>Etarli suyuqlik bilan chaynamasdan kuniga 1 tabletka oling. Ovqat paytida<\/p>\n<p>Dicalciumphosphat, F F\u00fcllstoff mikrokristalline Cellulose, L Ascorbins\u00e4ure, \u00dcberzugsmittel ( Hydroxypropylcellulose, Talkum, modifizierte St\u00e4rke, Triglyceride), Trennmittel (Magnesiumsalze der Speisefetts\u00e4uren, Silicium dioxid), DL alpha Tocopherylacetat, Nicotinamid, Calcium D pantothenat, Retinylacetat, Zinkoxid, Pyridoxinhydrochlorid, Riboflavin, Thiaminmononitrat, Pteroylmonoglutamins\u00e4ure, D Biotin, Natriumselenit, Cholecalciferol, Cyanocobalamin<\/p>\n<table class=\"t es v ab b nv nw\" data-designsystem=\"true\">\n<thead>\n<tr>\n<th class=\"t es v bi nx ny nz oa ob oc od\">Zusammensetzung<\/th>\n<th class=\"t es v bi nx ny nz oa ob oc od\">Pro Tagesdosis*<\/th>\n<th class=\"t es v bi nx ny nz oa ob oc\">% NRV**<\/th>\n<\/tr>\n<\/thead>\n<tbody>\n<tr>\n<td class=\"t es v ab nx ny oe of od\">Biotin<\/td>\n<td class=\"t es v ab nx ny oe of od\">50 mkg<\/td>\n<td class=\"t es v ab nx ny oe of\">100 %<\/td>\n<\/tr>\n<tr>\n<td class=\"t es v ab nx ny oe of od\">Kaltsiy<\/td>\n<td class=\"t es v ab nx ny oe of od\">258 mg<\/td>\n<td class=\"t es v ab nx ny oe of\">32 %<\/td>\n<\/tr>\n<tr>\n<td class=\"t es v ab nx ny oe of od\">Fols\u00e4ure<\/td>\n<td class=\"t es v ab nx ny oe of od\">200 mkg<\/td>\n<td class=\"t es v ab nx ny oe of\">100 %<\/td>\n<\/tr>\n<tr>\n<td class=\"t es v ab nx ny oe of od\">Niatsin<\/td>\n<td class=\"t es v ab nx ny oe of od\">16 mg<\/td>\n<td class=\"t es v ab nx ny oe of\">100 %<\/td>\n<\/tr>\n<tr>\n<td class=\"t es v ab nx ny oe of od\">Pantotenza<\/td>\n<td class=\"t es v ab nx ny oe of od\">6 mg<\/td>\n<td class=\"t es v ab nx ny oe of\">100 %<\/td>\n<\/tr>\n<tr>\n<td class=\"t es v ab nx ny oe of od\">Fosfor<\/td>\n<td class=\"t es v ab nx ny oe of od\">200 mg<\/td>\n<td class=\"t es v ab nx ny oe of\">28 %<\/td>\n<\/tr>\n<tr>\n<td class=\"t es v ab nx ny oe of od\">Vitamin B 2, Riboflavin<\/td>\n<td class=\"t es v ab nx ny oe of od\">1,4 mg<\/td>\n<td class=\"t es v ab nx ny oe of\">100 %<\/td>\n<\/tr>\n<tr>\n<td class=\"t es v ab nx ny oe of od\">Selen<\/td>\n<td class=\"t es v ab nx ny oe of od\">8,3 \u00b5g<\/td>\n<td class=\"t es v ab nx ny oe of\">15 %<\/td>\n<\/tr>\n<tr>\n<td class=\"t es v ab nx ny oe of od\">A vitamini<\/td>\n<td class=\"t es v ab nx ny oe of od\">800 mkg<\/td>\n<td class=\"t es v ab nx ny oe of\">100 %<\/td>\n<\/tr>\n<tr>\n<td class=\"t es v ab nx ny oe of od\">Vitamin B 1, tiamin<\/td>\n<td class=\"t es v ab nx ny oe of od\">1,1 mg<\/td>\n<td class=\"t es v ab nx ny oe of\">100 %<\/td>\n<\/tr>\n<tr>\n<td class=\"t es v ab nx ny oe of od\">Vitamin B 12<\/td>\n<td class=\"t es v ab nx ny oe of od\">2,5 mkg<\/td>\n<td class=\"t es v ab nx ny oe of\">100 %<\/td>\n<\/tr>\n<tr>\n<td class=\"t es v ab nx ny oe of od\">Vitamin B 6<\/td>\n<td class=\"t es v ab nx ny oe of od\">1,4 mg<\/td>\n<td class=\"t es v ab nx ny oe of\">100 %<\/td>\n<\/tr>\n<tr>\n<td class=\"t es v ab nx ny oe of od\">S vitamini<\/td>\n<td class=\"t es v ab nx ny oe of od\">80 mg<\/td>\n<td class=\"t es v ab nx ny oe of\">100 %<\/td>\n<\/tr>\n<tr>\n<td class=\"t es v ab nx ny oe of od\">D vitamini<\/td>\n<td class=\"t es v ab nx ny oe of od\">5 mkg<\/td>\n<td class=\"t es v ab nx ny oe of\">100 %<\/td>\n<\/tr>\n<tr>\n<td class=\"t es v ab nx ny oe of od\">E vitamini<\/td>\n<td class=\"t es v ab nx ny oe of od\">12 mg<\/td>\n<td class=\"t es v ab nx ny oe of\">100 %<\/td>\n<\/tr>\n<tr>\n<td class=\"t es v ab nx ny oe of od\">Sink<\/td>\n<td class=\"t es v ab nx ny oe of od\">1,5 mg<\/td>\n<td class=\"t es v ab nx ny oe of\">15 %<\/td>\n<\/tr>\n<\/tbody>\n<\/table>","protected":false},"excerpt":{"rendered":"<p>Laktoza, kleykovina va titan dioksidi (oziq-ovqat bo&#8217;yoqlari) kabi keraksiz qo&#8217;shimchalardan&hellip;<\/p>\n<p> <a class=\"more-link\" href=\"https:\/\/piyola.shop\/uz\/mahsulot\/tabletkalar-multivitaminlar-minerallar-365-dona-5256-g\/\">Ko&#039;proq o&#039;qish<\/a><\/p>","protected":false},"featured_media":13055,"comment_status":"open","ping_status":"closed","template":"","meta":{"om_disable_all_campaigns":false},"product_brand":[],"product_cat":[131],"product_tag":[],"class_list":{"0":"post-12661","1":"product","2":"type-product","3":"status-publish","4":"has-post-thumbnail","6":"product_cat-vitaminlar","8":"first","9":"instock","10":"shipping-taxable","11":"purchasable","12":"product-type-simple"},"aioseo_notices":[],"jetpack_sharing_enabled":true,"builder_content":"","_links":{"self":[{"href":"https:\/\/piyola.shop\/uz\/wp-json\/wp\/v2\/product\/12661","targetHints":{"allow":["GET"]}}],"collection":[{"href":"https:\/\/piyola.shop\/uz\/wp-json\/wp\/v2\/product"}],"about":[{"href":"https:\/\/piyola.shop\/uz\/wp-json\/wp\/v2\/types\/product"}],"replies":[{"embeddable":true,"href":"https:\/\/piyola.shop\/uz\/wp-json\/wp\/v2\/comments?post=12661"}],"wp:featuredmedia":[{"embeddable":true,"href":"https:\/\/piyola.shop\/uz\/wp-json\/wp\/v2\/media\/13055"}],"wp:attachment":[{"href":"https:\/\/piyola.shop\/uz\/wp-json\/wp\/v2\/media?parent=12661"}],"wp:term":[{"taxonomy":"product_brand","embeddable":true,"href":"https:\/\/piyola.shop\/uz\/wp-json\/wp\/v2\/product_brand?post=12661"},{"taxonomy":"product_cat","embeddable":true,"href":"https:\/\/piyola.shop\/uz\/wp-json\/wp\/v2\/product_cat?post=12661"},{"taxonomy":"product_tag","embeddable":true,"href":"https:\/\/piyola.shop\/uz\/wp-json\/wp\/v2\/product_tag?post=12661"}],"curies":[{"name":"wp","href":"https:\/\/api.w.org\/{rel}","templated":true}]}}