{"id":12670,"date":"2024-05-06T15:14:24","date_gmt":"2024-05-06T13:14:24","guid":{"rendered":"https:\/\/piyola.shop\/?post_type=product&#038;p=12670"},"modified":"2024-05-12T11:50:14","modified_gmt":"2024-05-12T09:50:14","slug":"vitamin-b12-500-mini-tabletkalar-30-dona-47-g","status":"publish","type":"product","link":"https:\/\/piyola.shop\/uz\/mahsulot\/vitamin-b12-500-mini-tabletkalar-30-dona-47-g\/","title":{"rendered":"Vitamin B12 500 mini tabletkalar 30 dona, 4,7 g"},"content":{"rendered":"<p>Diyetik qo&#039;shimchalar<br \/>\nB12 vitamini bilan<br \/>\nKichkina, yutish oson mini tabletkalar<br \/>\nVegetarianlar va vegetarianlar uchun ayniqsa mos<br \/>\nTasofitdan olingan yuqori dozali vitamin B12 500 tabletkalari vegetarianlar va vegetarianlar uchun ideal. Kichik mini tabletkalar tufayli ularni yutish juda oson va ular tarkibidagi B12 vitamini tufayli normal energiya almashinuviga hissa qo&#8217;shadi.<\/p>\n<p>Zutaten: F\u00fcllstoffe (Cellulose, Calciumphosphate), Calcium-D-pantothenat, \u00dcberzugsmittel (Hydroxypropylmethylcellulose, Hydroxypropylcellulose, Speisefetts\u00e4uren, Polyethylenglycol), Trennmittel (Siliciumdioxid, Magnesiumsalze der Speisefetts\u00e4uren), Reisst\u00e4rke, Cyanocobalamin (Vitamin B12), Farbstoff Betenrot, f\u00e4rbendes Lebensmittel Konzentrat aus F\u00e4rberdistel und Zitrone.<\/p>","protected":false},"excerpt":{"rendered":"<p>Diyetik qo&#8217;shimchalar B12 vitamini bilan Kichkina, yutish oson mini tabletkalar&hellip;<\/p>\n<p> <a class=\"more-link\" href=\"https:\/\/piyola.shop\/uz\/mahsulot\/vitamin-b12-500-mini-tabletkalar-30-dona-47-g\/\">Ko&#039;proq o&#039;qish<\/a><\/p>","protected":false},"featured_media":13045,"comment_status":"open","ping_status":"closed","template":"","meta":{"om_disable_all_campaigns":false},"product_brand":[],"product_cat":[131],"product_tag":[],"class_list":{"0":"post-12670","1":"product","2":"type-product","3":"status-publish","4":"has-post-thumbnail","6":"product_cat-vitaminlar","8":"first","9":"instock","10":"shipping-taxable","11":"purchasable","12":"product-type-simple"},"aioseo_notices":[],"jetpack_sharing_enabled":true,"builder_content":"","_links":{"self":[{"href":"https:\/\/piyola.shop\/uz\/wp-json\/wp\/v2\/product\/12670","targetHints":{"allow":["GET"]}}],"collection":[{"href":"https:\/\/piyola.shop\/uz\/wp-json\/wp\/v2\/product"}],"about":[{"href":"https:\/\/piyola.shop\/uz\/wp-json\/wp\/v2\/types\/product"}],"replies":[{"embeddable":true,"href":"https:\/\/piyola.shop\/uz\/wp-json\/wp\/v2\/comments?post=12670"}],"wp:featuredmedia":[{"embeddable":true,"href":"https:\/\/piyola.shop\/uz\/wp-json\/wp\/v2\/media\/13045"}],"wp:attachment":[{"href":"https:\/\/piyola.shop\/uz\/wp-json\/wp\/v2\/media?parent=12670"}],"wp:term":[{"taxonomy":"product_brand","embeddable":true,"href":"https:\/\/piyola.shop\/uz\/wp-json\/wp\/v2\/product_brand?post=12670"},{"taxonomy":"product_cat","embeddable":true,"href":"https:\/\/piyola.shop\/uz\/wp-json\/wp\/v2\/product_cat?post=12670"},{"taxonomy":"product_tag","embeddable":true,"href":"https:\/\/piyola.shop\/uz\/wp-json\/wp\/v2\/product_tag?post=12670"}],"curies":[{"name":"wp","href":"https:\/\/api.w.org\/{rel}","templated":true}]}}