{"id":12688,"date":"2024-05-06T15:33:38","date_gmt":"2024-05-06T13:33:38","guid":{"rendered":"https:\/\/piyola.shop\/?post_type=product&#038;p=12688"},"modified":"2024-05-12T11:46:56","modified_gmt":"2024-05-12T09:46:56","slug":"issiq-murver-porsiya-tayoqchalari-20-dona-100-g","status":"publish","type":"product","link":"https:\/\/piyola.shop\/uz\/mahsulot\/issiq-murver-porsiya-tayoqchalari-20-dona-100-g\/","title":{"rendered":"Issiq murver, porsiya tayoqchalari 20 dona, 100 g"},"content":{"rendered":"<p>Immunitet tizimini va antioksidant hujayralarni himoya qilishni qo&#8217;llab-quvvatlash uchun vitamin C va sink bilan<br \/>\nIssiq va sovuqdan zavqlaning<br \/>\nHar bir tayoq uchun 300 mg vitamin C + 5 mg sink<br \/>\nMivolis Hot Elderberry immunitet tizimining normal faoliyatini qo&#8217;llab-quvvatlash uchun vitamin C va sinkni o&#8217;z ichiga oladi. S vitamini tanadagi turli vazifalarni bajaradi, jumladan, hujayralarni oksidlovchi stressdan himoya qilishga yordam beradi. Tana o&#8217;zi S vitamini ishlab chiqara olmaydi yoki uni uzoq vaqt saqlay olmaydi. Shuning uchun etarli ta&#8217;minot mantiqiy. Sink ko&#8217;plab metabolik jarayonlarda ishtirok etadigan muhim iz element hisoblanadi. Bu immunitet tizimini qo&#8217;llab-quvvatlaydi va shuningdek, hujayra tarkibiy qismlarini oksidlovchi stressdan himoya qilishga hissa qo&#8217;shadi. Issiq ichimlik sifatida, Mivolining Hot Elderberry, ayniqsa sovuq mavsumda tinchlantiruvchi va isitadi. Sovuq ichilgan, mazali ichimlik hatto issiq kunlarda ham tetiklashtiradi. Stevia o&#8217;simlikidagi steviol glikozidlari yoqimli mevali ta&#8217;mni yaxlitlaydi.<\/p>\n<p>Issiq va sovuq ichimlik tayyorlash uchun. Kuniga bir marta bitta tayoqning tarkibiga 150 ml issiq yoki sovuq suv quying, aralashtiring va iching. Tavsiya etilgan sutkalik dozadan oshib ketmaslik kerak. Sinkni o&#8217;z ichiga olgan boshqa takviyelarini qabul qilishdan saqlaning. Diyetik qo&#8217;shimchalar turli xil va muvozanatli ovqatlanish yoki sog&#8217;lom turmush tarzi o&#8217;rnini bosa olmaydi. Kichik bolalar qo&#8217;li etmaydigan joyda saqlang. 18 yoshgacha bo&#8217;lgan bolalar va yoshlar uchun mos emas.<\/p>\n<p>Zucker, L-Ascorbins\u00e4ure (Vitamin C), Holunderbeeren Pulver (4,4%), S\u00e4uerungsmittel: Citronens\u00e4ure, f\u00e4rbendes Lebensmittel (Konzentrat aus Karotte und Hibiskus), Aroma Holunderbeere, Zinkcitrat, Trennmittel: Tricalciumphosphat, S\u00fc\u00dfungsmittel: Steviolglycoside, Trennmittel: Magnesiumsalze der Speisefetts\u00e4uren.<\/p>\n<table class=\"t es v ab b nx ny\" data-designsystem=\"true\">\n<thead>\n<tr>\n<th class=\"t es v bi nz oa ob oc od oe of\">Durchschnittliche N\u00e4hrwertangaben<\/th>\n<th class=\"t es v bi nz oa ob oc od oe\">pro 100 g*<\/th>\n<\/tr>\n<\/thead>\n<tbody>\n<tr>\n<td class=\"t es v ab nz oa og oh of\">Brennwert<\/td>\n<td class=\"t es v ab nz oa og oh\">377 kcal \/ 1.583 kJ<\/td>\n<\/tr>\n<tr>\n<td class=\"t es v ab nz oa og oh of\">Fett<\/td>\n<td class=\"t es v ab nz oa og oh\">&lt; 0,5 g<\/td>\n<\/tr>\n<tr>\n<td class=\"t es v ab nz oa og oh of\">davon ges\u00e4ttigte Fetts\u00e4uren<\/td>\n<td class=\"t es v ab nz oa og oh\">&lt; 0,1 g<\/td>\n<\/tr>\n<tr>\n<td class=\"t es v ab nz oa og oh of\">Kohlenhydrate<\/td>\n<td class=\"t es v ab nz oa og oh\">86 g<\/td>\n<\/tr>\n<tr>\n<td class=\"t es v ab nz oa og oh of\">davon Zucker<\/td>\n<td class=\"t es v ab nz oa og oh\">83 g<\/td>\n<\/tr>\n<tr>\n<td class=\"t es v ab nz oa og oh of\">Eiwei\u00df<\/td>\n<td class=\"t es v ab nz oa og oh\">&lt; 0,5 g<\/td>\n<\/tr>\n<tr>\n<td class=\"t es v ab nz oa og oh of\">Salz \u00c4quivalent<\/td>\n<td class=\"t es v ab nz oa og oh\">&lt; 0,01 g<\/td>\n<\/tr>\n<\/tbody>\n<\/table>","protected":false},"excerpt":{"rendered":"<p>Immunitet tizimini va antioksidant hujayralarni himoya qilishni qo&#8217;llab-quvvatlash uchun vitamin&hellip;<\/p>\n<p> <a class=\"more-link\" href=\"https:\/\/piyola.shop\/uz\/mahsulot\/issiq-murver-porsiya-tayoqchalari-20-dona-100-g\/\">Ko&#039;proq o&#039;qish<\/a><\/p>","protected":false},"featured_media":13030,"comment_status":"open","ping_status":"closed","template":"","meta":{"om_disable_all_campaigns":false},"product_brand":[],"product_cat":[131],"product_tag":[],"class_list":{"0":"post-12688","1":"product","2":"type-product","3":"status-publish","4":"has-post-thumbnail","6":"product_cat-vitaminlar","8":"first","9":"instock","10":"shipping-taxable","11":"purchasable","12":"product-type-simple"},"aioseo_notices":[],"jetpack_sharing_enabled":true,"builder_content":"","_links":{"self":[{"href":"https:\/\/piyola.shop\/uz\/wp-json\/wp\/v2\/product\/12688","targetHints":{"allow":["GET"]}}],"collection":[{"href":"https:\/\/piyola.shop\/uz\/wp-json\/wp\/v2\/product"}],"about":[{"href":"https:\/\/piyola.shop\/uz\/wp-json\/wp\/v2\/types\/product"}],"replies":[{"embeddable":true,"href":"https:\/\/piyola.shop\/uz\/wp-json\/wp\/v2\/comments?post=12688"}],"wp:featuredmedia":[{"embeddable":true,"href":"https:\/\/piyola.shop\/uz\/wp-json\/wp\/v2\/media\/13030"}],"wp:attachment":[{"href":"https:\/\/piyola.shop\/uz\/wp-json\/wp\/v2\/media?parent=12688"}],"wp:term":[{"taxonomy":"product_brand","embeddable":true,"href":"https:\/\/piyola.shop\/uz\/wp-json\/wp\/v2\/product_brand?post=12688"},{"taxonomy":"product_cat","embeddable":true,"href":"https:\/\/piyola.shop\/uz\/wp-json\/wp\/v2\/product_cat?post=12688"},{"taxonomy":"product_tag","embeddable":true,"href":"https:\/\/piyola.shop\/uz\/wp-json\/wp\/v2\/product_tag?post=12688"}],"curies":[{"name":"wp","href":"https:\/\/api.w.org\/{rel}","templated":true}]}}