{"id":12703,"date":"2024-05-06T19:15:36","date_gmt":"2024-05-06T17:15:36","guid":{"rendered":"https:\/\/piyola.shop\/?post_type=product&#038;p=12703"},"modified":"2024-05-12T11:44:21","modified_gmt":"2024-05-12T09:44:21","slug":"a-z-toliq-vitaminlar-100-dona-138-g","status":"publish","type":"product","link":"https:\/\/piyola.shop\/uz\/mahsulot\/a-z-toliq-vitaminlar-100-dona-138-g\/","title":{"rendered":"AZ to&#039;liq Vitaminlar, 100 dona, 138 g"},"content":{"rendered":"<p>24 vitamin va minerallar bilan<br \/>\nkuniga 1 marta<br \/>\nUzoq saqlash bilan depo effekti<br \/>\nDepo ingrediyentlarni o&#039;z vaqtida olib tashlash imkonini beradi va shu tariqa va minerallarni bir necha soat ichida muhim vitamin va minerallarni beradi.<\/p>\n<p>Kuniga 1 tabletkani ko&#039;p orqali, yaxshisi ovqatdan keyin oling. Tavsiya qilingan sutkalik dozadan oshib ketmas kerak. Mahsulot A vitamini o&#039;z ichiga oladi. Homilador ayollar ishlab iste&#039;mol qilishdan oldin A vitamini o&#039;z olgan boshqa oziq-ovqat qo&#039;shimchalarini olishdan saqlaning. Antikoagulyant dori-darmonni qabul qiladigan odamlar K vitamini o&#039;z ichiga olgan oziq-ovqat mahsulotlarini iste&#039;mol qilishdan qo&#039;shimcha bilan maslahatlashishlari kerak. Erkaklar, postmenopozal ayollar va homilador ayollar faqat qabul bilan maslahatlashganidan keyin temirni qilishlari kerak. Uch mahsulot 1-8 yig&#039;ilgan bolalar va yoshlar uchun mos emas.<\/p>\n<p>Kaltsiyfosfat, magniyoksid, F\u00fcllstoff gidroksipropilmetiltsellyuloza, kaltsiykarbonat, L-askorbins\u00e4ure (Vitamin C), maltodekstrin, F\u00fcllstoff mikrokristalin tsellyuloza, DL-a-tokoferilasetat (E vitamini), nisenatsima, eisenatsima kalamush, Trennmittel Magnesiumsalze der Speisefetts\u00e4uren, Uberzugsmittel gidroksipropiltsellyuloza, kupfersulfat, piridoksinhidroklorid (vitamin B6), Farbstoff eyzenoksid va eyzengidroksid, mangansulfat, riboflavin (vitamin B2), tiaminmononitrat (vitamin B1), Trennmittel, silisium (P) xlorid, Retinylacetat (Vitamin A) , Kaliumiodat, Natriummolibdat, Phyllochinon (Vitamin K), D-Biotin, Natriumselenit, Xolekalsiferol (Vitamin D3), Siyanokobalamin (Vitamin B12).<\/p>\n<table class=\"t es v ab b nx ny\" data-designsystem=\"true\">\n<thead>\n<tr>\n<th class=\"t es v bi nz oa ob oc od oe of\">Zusammensetzung<\/th>\n<th class=\"t es v bi nz oa ob oc od oe of\">Pro Tagesdosis*<\/th>\n<th class=\"t es v bi nz oa ob oc od oe\">% NRV**<\/th>\n<\/tr>\n<\/thead>\n<tbody>\n<tr>\n<td class=\"t es v ab nz oa og oh of\">Biotin<\/td>\n<td class=\"t es v ab nz oa og oh of\">50 mkg<\/td>\n<td class=\"t es v ab nz oa og oh\">100 %<\/td>\n<\/tr>\n<tr>\n<td class=\"t es v ab nz oa og oh of\">Kaltsiy<\/td>\n<td class=\"t es v ab nz oa og oh of\">200 mg<\/td>\n<td class=\"t es v ab nz oa og oh\">25 %<\/td>\n<\/tr>\n<tr>\n<td class=\"t es v ab nz oa og oh of\">Chrom<\/td>\n<td class=\"t es v ab nz oa og oh of\">40 mkg<\/td>\n<td class=\"t es v ab nz oa og oh\">100 %<\/td>\n<\/tr>\n<tr>\n<td class=\"t es v ab nz oa og oh of\">Eyzen<\/td>\n<td class=\"t es v ab nz oa og oh of\">6 mg<\/td>\n<td class=\"t es v ab nz oa og oh\">43 %<\/td>\n<\/tr>\n<tr>\n<td class=\"t es v ab nz oa og oh of\">Fols\u00e4ure<\/td>\n<td class=\"t es v ab nz oa og oh of\">200 mkg<\/td>\n<td class=\"t es v ab nz oa og oh\">100 %<\/td>\n<\/tr>\n<tr>\n<td class=\"t es v ab nz oa og oh of\">Jod<\/td>\n<td class=\"t es v ab nz oa og oh of\">100 mkg<\/td>\n<td class=\"t es v ab nz oa og oh\">67 %<\/td>\n<\/tr>\n<tr>\n<td class=\"t es v ab nz oa og oh of\">Kupfer<\/td>\n<td class=\"t es v ab nz oa og oh of\">1 mg<\/td>\n<td class=\"t es v ab nz oa og oh\">100 %<\/td>\n<\/tr>\n<tr>\n<td class=\"t es v ab nz oa og oh of\">Magniy<\/td>\n<td class=\"t es v ab nz oa og oh of\">100 mg<\/td>\n<td class=\"t es v ab nz oa og oh\">27 %<\/td>\n<\/tr>\n<tr>\n<td class=\"t es v ab nz oa og oh of\">Mangan<\/td>\n<td class=\"t es v ab nz oa og oh of\">0,5 mg<\/td>\n<td class=\"t es v ab nz oa og oh\">25 %<\/td>\n<\/tr>\n<tr>\n<td class=\"t es v ab nz oa og oh of\">Molibdan<\/td>\n<td class=\"t es v ab nz oa og oh of\">50 mkg<\/td>\n<td class=\"t es v ab nz oa og oh\">100 %<\/td>\n<\/tr>\n<tr>\n<td class=\"t es v ab nz oa og oh of\">Niatsin<\/td>\n<td class=\"t es v ab nz oa og oh of\">16 mg<\/td>\n<td class=\"t es v ab nz oa og oh\">100 %<\/td>\n<\/tr>\n<tr>\n<td class=\"t es v ab nz oa og oh of\">Pantotenza<\/td>\n<td class=\"t es v ab nz oa og oh of\">6 mg<\/td>\n<td class=\"t es v ab nz oa og oh\">100 %<\/td>\n<\/tr>\n<tr>\n<td class=\"t es v ab nz oa og oh of\">Fosfor<\/td>\n<td class=\"t es v ab nz oa og oh of\">125 mg<\/td>\n<td class=\"t es v ab nz oa og oh\">18 %<\/td>\n<\/tr>\n<tr>\n<td class=\"t es v ab nz oa og oh of\">Vitamin B 2, Riboflavin<\/td>\n<td class=\"t es v ab nz oa og oh of\">1,4 mg<\/td>\n<td class=\"t es v ab nz oa og oh\">100 %<\/td>\n<\/tr>\n<tr>\n<td class=\"t es v ab nz oa og oh of\">Selen<\/td>\n<td class=\"t es v ab nz oa og oh of\">25 mkg<\/td>\n<td class=\"t es v ab nz oa og oh\">45 %<\/td>\n<\/tr>\n<tr>\n<td class=\"t es v ab nz oa og oh of\">A vitamini<\/td>\n<td class=\"t es v ab nz oa og oh of\">200 mkg<\/td>\n<td class=\"t es v ab nz oa og oh\">25 %<\/td>\n<\/tr>\n<tr>\n<td class=\"t es v ab nz oa og oh of\">Vitamin B 1, tiamin<\/td>\n<td class=\"t es v ab nz oa og oh of\">1,1 mg<\/td>\n<td class=\"t es v ab nz oa og oh\">100 %<\/td>\n<\/tr>\n<tr>\n<td class=\"t es v ab nz oa og oh of\">Vitamin B 12<\/td>\n<td class=\"t es v ab nz oa og oh of\">2,5 mkg<\/td>\n<td class=\"t es v ab nz oa og oh\">100 %<\/td>\n<\/tr>\n<tr>\n<td class=\"t es v ab nz oa og oh of\">Vitamin B 6<\/td>\n<td class=\"t es v ab nz oa og oh of\">1,4 mg<\/td>\n<td class=\"t es v ab nz oa og oh\">100 %<\/td>\n<\/tr>\n<tr>\n<td class=\"t es v ab nz oa og oh of\">S vitamini<\/td>\n<td class=\"t es v ab nz oa og oh of\">80 mg<\/td>\n<td class=\"t es v ab nz oa og oh\">100 %<\/td>\n<\/tr>\n<tr>\n<td class=\"t es v ab nz oa og oh of\">D vitamini<\/td>\n<td class=\"t es v ab nz oa og oh of\">5 mkg<\/td>\n<td class=\"t es v ab nz oa og oh\">100 %<\/td>\n<\/tr>\n<tr>\n<td class=\"t es v ab nz oa og oh of\">E vitamini<\/td>\n<td class=\"t es v ab nz oa og oh of\">12 mg<\/td>\n<td class=\"t es v ab nz oa og oh\">100 %<\/td>\n<\/tr>\n<tr>\n<td class=\"t es v ab nz oa og oh of\">K vitamini<\/td>\n<td class=\"t es v ab nz oa og oh of\">75 mkg<\/td>\n<td class=\"t es v ab nz oa og oh\">100 %<\/td>\n<\/tr>\n<tr>\n<td class=\"t es v ab nz oa og oh of\">Sink<\/td>\n<td class=\"t es v ab nz oa og oh of\">2,25 mg<\/td>\n<td class=\"t es v ab nz oa og oh\">23 %<\/td>\n<\/tr>\n<\/tbody>\n<\/table>","protected":false},"excerpt":{"rendered":"<p>24 vitamin va minerallar bilan kuniga 1 marta Uzoq muddatli&hellip;<\/p>\n<p> <a class=\"more-link\" href=\"https:\/\/piyola.shop\/uz\/mahsulot\/a-z-toliq-vitaminlar-100-dona-138-g\/\">Ko&#039;proq o&#039;qish<\/a><\/p>","protected":false},"featured_media":13014,"comment_status":"open","ping_status":"closed","template":"","meta":{"om_disable_all_campaigns":false},"product_brand":[],"product_cat":[131],"product_tag":[],"class_list":{"0":"post-12703","1":"product","2":"type-product","3":"status-publish","4":"has-post-thumbnail","6":"product_cat-vitaminlar","8":"first","9":"instock","10":"shipping-taxable","11":"purchasable","12":"product-type-simple"},"aioseo_notices":[],"jetpack_sharing_enabled":true,"builder_content":"","_links":{"self":[{"href":"https:\/\/piyola.shop\/uz\/wp-json\/wp\/v2\/product\/12703","targetHints":{"allow":["GET"]}}],"collection":[{"href":"https:\/\/piyola.shop\/uz\/wp-json\/wp\/v2\/product"}],"about":[{"href":"https:\/\/piyola.shop\/uz\/wp-json\/wp\/v2\/types\/product"}],"replies":[{"embeddable":true,"href":"https:\/\/piyola.shop\/uz\/wp-json\/wp\/v2\/comments?post=12703"}],"wp:featuredmedia":[{"embeddable":true,"href":"https:\/\/piyola.shop\/uz\/wp-json\/wp\/v2\/media\/13014"}],"wp:attachment":[{"href":"https:\/\/piyola.shop\/uz\/wp-json\/wp\/v2\/media?parent=12703"}],"wp:term":[{"taxonomy":"product_brand","embeddable":true,"href":"https:\/\/piyola.shop\/uz\/wp-json\/wp\/v2\/product_brand?post=12703"},{"taxonomy":"product_cat","embeddable":true,"href":"https:\/\/piyola.shop\/uz\/wp-json\/wp\/v2\/product_cat?post=12703"},{"taxonomy":"product_tag","embeddable":true,"href":"https:\/\/piyola.shop\/uz\/wp-json\/wp\/v2\/product_tag?post=12703"}],"curies":[{"name":"wp","href":"https:\/\/api.w.org\/{rel}","templated":true}]}}