{"id":12726,"date":"2024-05-06T19:45:17","date_gmt":"2024-05-06T17:45:17","guid":{"rendered":"https:\/\/piyola.shop\/?post_type=product&#038;p=12726"},"modified":"2024-05-12T10:50:10","modified_gmt":"2024-05-12T08:50:10","slug":"vitamin-b12-c-d3-tabletkalari-30-dona-332-g","status":"publish","type":"product","link":"https:\/\/piyola.shop\/uz\/mahsulot\/vitamin-b12-c-d3-tabletkalari-30-dona-332-g\/","title":{"rendered":"Vitamin B12 + C + D3 tabletkalari 30 dona, 33,2 g"},"content":{"rendered":"<p>B12 vitamini normal energiya almashinuviga yordam beradi<br \/>\nImmunitet tizimining normal faoliyatini qo&#8217;llab-quvvatlash uchun vitamin C, D va B12 bilan birgalikda<br \/>\nVitamin B12 charchoqni\u00a0 kamaytirishga yordam beradi<br \/>\nDoppelherz Vitamin B12 + C + D3 DEPOT immunitet tizimining normal faoliyatini qo&#8217;llab-quvvatlash uchun vitamin C va D vitamini bilan birgalikda energiya almashinuvi uchun B12 vitamini o&#8217;z ichiga oladi. Shunday qilib, agar ehtiyoj ortib borayotgan bo&#8217;lsa, muvozanatsiz ovqatlanish yoki keksalikda B12 vitamini iste&#8217;moli kamaysa, vitaminlar bilan yaxshi ta&#8217;minlanishi mumkin.<\/p>\n<p>Ovqat paytida etarli miqdorda suyuqlik bilan chaynamasdan kuniga 1 tabletka oling.<\/p>\n<p>Zutaten: F\u00fcllstoff mikrokristalline Cellulose, L-Ascorbins\u00e4ure, F\u00fcllstoff Dicalciumphosphat, F\u00fcllstoff Hydroxypropylmethylcellulose, modifizierte St\u00e4rke, Trennmittel Speisefetts\u00e4uren, Trennmittel Magnesiumsalze der Speisefetts\u00e4uren, St\u00e4rke, Trennmittel Talkum, Trennmittel Siliciumdioxid, Feuchthaltemittel Glycerin, Farbstoff Eisenoxide und Eisenhydroxide, Cyanocobalamin, Cholecalciferol<\/p>\n<table class=\"t es v ab b mv mw\" data-designsystem=\"true\">\n<thead>\n<tr>\n<th class=\"t es v bi mx my mz na nb nc nd\">Zusammensetzung<\/th>\n<th class=\"t es v bi mx my mz na nb nc nd\">Pro Tagesdosis*<\/th>\n<th class=\"t es v bi mx my mz na nb nc\">% NRV**<\/th>\n<\/tr>\n<\/thead>\n<tbody>\n<tr>\n<td class=\"t es v ab mx my ne nf nd\">Vitamin B 12<\/td>\n<td class=\"t es v ab mx my ne nf nd\">200 mkg<\/td>\n<td class=\"t es v ab mx my ne nf\">8.000 %<\/td>\n<\/tr>\n<tr>\n<td class=\"t es v ab mx my ne nf nd\">S vitamini<\/td>\n<td class=\"t es v ab mx my ne nf nd\">300 mg<\/td>\n<td class=\"t es v ab mx my ne nf\">375 %<\/td>\n<\/tr>\n<tr>\n<td class=\"t es v ab mx my ne nf nd\">D vitamini<\/td>\n<td class=\"t es v ab mx my ne nf nd\">37,5 mkg<\/td>\n<td class=\"t es v ab mx my ne nf\">750 %<\/td>\n<\/tr>\n<\/tbody>\n<\/table>","protected":false},"excerpt":{"rendered":"<p>B12 vitamini normal energiya almashinuviga yordam beradi Immunitet tizimining normal&hellip;<\/p>\n<p> <a class=\"more-link\" href=\"https:\/\/piyola.shop\/uz\/mahsulot\/vitamin-b12-c-d3-tabletkalari-30-dona-332-g\/\">Ko&#039;proq o&#039;qish<\/a><\/p>","protected":false},"featured_media":12991,"comment_status":"open","ping_status":"closed","template":"","meta":{"om_disable_all_campaigns":false},"product_brand":[],"product_cat":[131],"product_tag":[],"class_list":{"0":"post-12726","1":"product","2":"type-product","3":"status-publish","4":"has-post-thumbnail","6":"product_cat-vitaminlar","8":"first","9":"instock","10":"shipping-taxable","11":"purchasable","12":"product-type-simple"},"aioseo_notices":[],"jetpack_sharing_enabled":true,"builder_content":"","_links":{"self":[{"href":"https:\/\/piyola.shop\/uz\/wp-json\/wp\/v2\/product\/12726","targetHints":{"allow":["GET"]}}],"collection":[{"href":"https:\/\/piyola.shop\/uz\/wp-json\/wp\/v2\/product"}],"about":[{"href":"https:\/\/piyola.shop\/uz\/wp-json\/wp\/v2\/types\/product"}],"replies":[{"embeddable":true,"href":"https:\/\/piyola.shop\/uz\/wp-json\/wp\/v2\/comments?post=12726"}],"wp:featuredmedia":[{"embeddable":true,"href":"https:\/\/piyola.shop\/uz\/wp-json\/wp\/v2\/media\/12991"}],"wp:attachment":[{"href":"https:\/\/piyola.shop\/uz\/wp-json\/wp\/v2\/media?parent=12726"}],"wp:term":[{"taxonomy":"product_brand","embeddable":true,"href":"https:\/\/piyola.shop\/uz\/wp-json\/wp\/v2\/product_brand?post=12726"},{"taxonomy":"product_cat","embeddable":true,"href":"https:\/\/piyola.shop\/uz\/wp-json\/wp\/v2\/product_cat?post=12726"},{"taxonomy":"product_tag","embeddable":true,"href":"https:\/\/piyola.shop\/uz\/wp-json\/wp\/v2\/product_tag?post=12726"}],"curies":[{"name":"wp","href":"https:\/\/api.w.org\/{rel}","templated":true}]}}