{"id":12751,"date":"2024-05-06T21:08:15","date_gmt":"2024-05-06T19:08:15","guid":{"rendered":"https:\/\/piyola.shop\/?post_type=product&#038;p=12751"},"modified":"2024-05-12T10:41:17","modified_gmt":"2024-05-12T08:41:17","slug":"vitamin-b-kompleksi-forte-tabletkalari-50-dona-116-g","status":"publish","type":"product","link":"https:\/\/piyola.shop\/uz\/mahsulot\/vitamin-b-kompleksi-forte-tabletkalari-50-dona-116-g\/","title":{"rendered":"Vitamin B kompleksi forte tabletkalari 50 don, 11,6 g"},"content":{"rendered":"<p>Oson iste&#039;mol qilish uchun vegan mini planshetlari<br \/>\nKuniga faqat bir marta<br \/>\nBarcha 8 ta qimmatli B yordami bilan<br \/>\nGluten va laktozasiz<br \/>\nAbbey Vitamin B Complex forte tabletkalari 50 dona ichida barcha 8 B dozai mavjud, hozirda biotin majmua va ayniqsa yuqori vitamin B12. B1 vitamini normal qo&#039;llab-quvvatlash hissa qo&#039;shadi B2, B6 va sog&#039;lom yordami, biotin niatsin asab tizimi normal hissaga qo&#039;shadi va sog&#039;lom energiya olishini qo&#039;llab- olish. B6 va B12 oziq-ovqati ham konsentratsiya va xotira kabi normal tibbiy funktsiyani qo&#039;llab-quvvatlash. Pantotenik kislota normal aqliy faoliyatini qo&#039;llab- va charchoqni yordamga beradi. Folik kislota qon va immunitetni qo&#039;llab- olish.<\/p>\n<p>Zutaten: maltodekstrin; nikotinamid; Kaltsiy D-pantotenat; \u00dcberzugmittel gidroksipropilmetiltsellyuloza; B6 vitamini; B1 vitamini; B2 vitamini; Uberzugmittel polidekstroz, mikrokristalin tsellyuloza; Trennmittel Siliciumdioxid, Speisefetts\u00e4uren, Magnesiumsalze der Speisefetts\u00e4uren, Talkum; Farbstoff Riboflavin, Kaltsiykarbonat; Stabilizator Speisefetts\u00e4uren; Fols\u00e4ure; biotin; pflanzliche \u00d6le (Kokos, Palmkern); Vitamin B12<\/p>\n<p>Tarkibida laktoza bor<\/p>\n<table class=\"t es v ab b mv mw\" data-designsystem=\"true\">\n<thead>\n<tr>\n<th class=\"t es v bi mx my mz na nb nc nd\">Zusammensetzung<\/th>\n<th class=\"t es v bi mx my mz na nb nc nd\">Pro Tagesdosis*<\/th>\n<th class=\"t es v bi mx my mz na nb nc\">% NRV**<\/th>\n<\/tr>\n<\/thead>\n<tbody>\n<tr>\n<td class=\"t es v ab mx my ne nf nd\">Biotin<\/td>\n<td class=\"t es v ab mx my ne nf nd\">300 mkg<\/td>\n<td class=\"t es v ab mx my ne nf\">600 %<\/td>\n<\/tr>\n<tr>\n<td class=\"t es v ab mx my ne nf nd\">Fols\u00e4ure<\/td>\n<td class=\"t es v ab mx my ne nf nd\">800 mkg<\/td>\n<td class=\"t es v ab mx my ne nf\">400 %<\/td>\n<\/tr>\n<tr>\n<td class=\"t es v ab mx my ne nf nd\">Niatsin<\/td>\n<td class=\"t es v ab mx my ne nf nd\">36 mg<\/td>\n<td class=\"t es v ab mx my ne nf\">225 %<\/td>\n<\/tr>\n<tr>\n<td class=\"t es v ab mx my ne nf nd\">Pantotenza<\/td>\n<td class=\"t es v ab mx my ne nf nd\">24 mg<\/td>\n<td class=\"t es v ab mx my ne nf\">400 %<\/td>\n<\/tr>\n<tr>\n<td class=\"t es v ab mx my ne nf nd\">Vitamin B 2, Riboflavin<\/td>\n<td class=\"t es v ab mx my ne nf nd\">4,8 mg<\/td>\n<td class=\"t es v ab mx my ne nf\">343 %<\/td>\n<\/tr>\n<tr>\n<td class=\"t es v ab mx my ne nf nd\">Vitamin B 1, tiamin<\/td>\n<td class=\"t es v ab mx my ne nf nd\">4,2 mg<\/td>\n<td class=\"t es v ab mx my ne nf\">382 %<\/td>\n<\/tr>\n<tr>\n<td class=\"t es v ab mx my ne nf nd\">Vitamin B 12<\/td>\n<td class=\"t es v ab mx my ne nf nd\">100 mkg<\/td>\n<td class=\"t es v ab mx my ne nf\">4.000 %<\/td>\n<\/tr>\n<tr>\n<td class=\"t es v ab mx my ne nf nd\">Vitamin B 6<\/td>\n<td class=\"t es v ab mx my ne nf nd\">6 mg<\/td>\n<td class=\"t es v ab mx my ne nf\">429 %<\/td>\n<\/tr>\n<\/tbody>\n<\/table>","protected":false},"excerpt":{"rendered":"<p>Oson iste&#039;mol qilish uchun vegan mini planshetlari Kuniga faqat bir\u2026<\/p>\n<p> <a class=\"more-link\" href=\"https:\/\/piyola.shop\/uz\/mahsulot\/vitamin-b-kompleksi-forte-tabletkalari-50-dona-116-g\/\">Ko&#039;proq o&#039;qish<\/a><\/p>","protected":false},"featured_media":12964,"comment_status":"open","ping_status":"closed","template":"","meta":{"om_disable_all_campaigns":false},"product_brand":[],"product_cat":[131],"product_tag":[],"class_list":{"0":"post-12751","1":"product","2":"type-product","3":"status-publish","4":"has-post-thumbnail","6":"product_cat-vitaminlar","8":"first","9":"instock","10":"shipping-taxable","11":"purchasable","12":"product-type-simple"},"aioseo_notices":[],"jetpack_sharing_enabled":true,"builder_content":"","_links":{"self":[{"href":"https:\/\/piyola.shop\/uz\/wp-json\/wp\/v2\/product\/12751","targetHints":{"allow":["GET"]}}],"collection":[{"href":"https:\/\/piyola.shop\/uz\/wp-json\/wp\/v2\/product"}],"about":[{"href":"https:\/\/piyola.shop\/uz\/wp-json\/wp\/v2\/types\/product"}],"replies":[{"embeddable":true,"href":"https:\/\/piyola.shop\/uz\/wp-json\/wp\/v2\/comments?post=12751"}],"wp:featuredmedia":[{"embeddable":true,"href":"https:\/\/piyola.shop\/uz\/wp-json\/wp\/v2\/media\/12964"}],"wp:attachment":[{"href":"https:\/\/piyola.shop\/uz\/wp-json\/wp\/v2\/media?parent=12751"}],"wp:term":[{"taxonomy":"product_brand","embeddable":true,"href":"https:\/\/piyola.shop\/uz\/wp-json\/wp\/v2\/product_brand?post=12751"},{"taxonomy":"product_cat","embeddable":true,"href":"https:\/\/piyola.shop\/uz\/wp-json\/wp\/v2\/product_cat?post=12751"},{"taxonomy":"product_tag","embeddable":true,"href":"https:\/\/piyola.shop\/uz\/wp-json\/wp\/v2\/product_tag?post=12751"}],"curies":[{"name":"wp","href":"https:\/\/api.w.org\/{rel}","templated":true}]}}