{"id":12756,"date":"2024-05-06T21:13:27","date_gmt":"2024-05-06T19:13:27","guid":{"rendered":"https:\/\/piyola.shop\/?post_type=product&#038;p=12756"},"modified":"2024-05-12T18:09:08","modified_gmt":"2024-05-12T16:09:08","slug":"a-z-barcha-vitaminlar-toliq-ombor-50-dan-planshetlar-100-dona-150-g","status":"publish","type":"product","link":"https:\/\/piyola.shop\/uz\/mahsulot\/a-z-barcha-vitaminlar-toliq-ombor-50-dan-planshetlar-100-dona-150-g\/","title":{"rendered":"AZ barcha mahsulot to&#039;liq ombor 50 dan, planshetlar, 100 dona, 150 g"},"content":{"rendered":"<p>24 vitamin va minerallar + lutein bilan<br \/>\nkuniga 1 marta<br \/>\nUzoq saqlash bilan depo effekti<br \/>\nDepo ingrediyentlarni o&#039;z vaqtida olib tashlash imkonini beradi va shu tariqa minerallarni bir necha soat vitamin yordam beradi. unga, 50 va undan katta odamlar uchun.<\/p>\n<p>Kuniga 1 tabletkani ko&#039;p orqali, yaxshisi ovqatdan keyin oling. Tavsiya qilingan sutkalik dozadan oshib ketmas kerak. Diyetik&#039;shimchalar turli xil va qo&#039;shimcha ovqatlanish yoki sog&#039;lom turmush tarzi o&#039;rnini bosa olmaydi. mahsulotlar A vitamini mavjud. Homilador ayollar ishlab iste&#039;mol qilishdan oldin bilan maslahatlashishlari kerak. A vitamini o&#039;z ichiga olgan boshqa oziq-ovqat qo&#039;shimchalarini olishdan saqlaning. Antikoagulyant dori-darmonni qabul qiladigan odamlar K vitamini o&#039;z ichiga olgan oziq-ovqat mahsulotlarini iste&#039;mol qilishdan qo&#039;shimcha bilan maslahatlashishlari kerak. Erkaklar, postmenopozal ayollar va homilador ayollar faqat qabul bilan maslahatlashganidan keyin temirni qilishlari kerak. Uch mahsulot 18 dan bo&#039;lgan bolalar va yoshlar uchun mos emas. mahsulotlar A vitamini mavjud. Homilador ayollar ishlab iste&#039;mol qilishdan oldin bilan maslahatlashishlari kerak. A vitamini o&#039;z ichiga olgan boshqa oziq-ovqat qo&#039;shimchalarini olishdan saqlaning. Antikoagulyant dori-darmonni qabul qiladigan odamlar K vitamini o&#039;z ichiga olgan oziq-ovqat mahsulotlarini iste&#039;mol qilishdan qo&#039;shimcha bilan maslahatlashishlari kerak. Erkaklar, postmenopozal ayollar va homilador ayollar faqat qabul bilan maslahatlashganidan keyin temirni qilishlari kerak. Uch mahsulot 18 dan bo&#039;lgan bolalar va yoshlar uchun mos emas.<\/p>\n<p>Tarkibi: Kaltsiyfosfat, Magniyoksid, F\u00fcllstoff gidroksipropilmetilsel\u00fcloza, L-Askorbins\u00e4ure (Vitamin C), F\u00fcllstoff mikrokristalin tsellyuloza, Maltodekstrin, Kaltsiykarbonat, Eisenfumarat, DL-a-Tokoferilatsi-E inkcitrat, Trennmittel Magnesiumsalze der Speisefetts\u00e4uren, Pyridoxinhydrochlorid (Vitamin B6), Kupfersulfat, Riboflavin (Vitamin B2), Thiaminmononitrat (Vitamin B1), Mangansulfat, Trennmittel Siliciumdioxid, Farbstoff Eisenoxide va Eisenhydroxide (E 172V lutinilatintaints), (Fols\u00e4ure), Chrom (III)-xlorid, Kaliumiodat, Natriummolibdat, D-Biotin, Natriumselenit, Filloqunon (K1 vitamini), Xolekalsiferol (Vitamin D3), Siyanokobalamin (Vitamin B12).<\/p>\n<table class=\"t es v ab b oh oi\" data-designsystem=\"true\">\n<thead>\n<tr>\n<th class=\"t es v bi oj ok ol om on oo op\">Zusammensetzung<\/th>\n<th class=\"t es v bi oj ok ol om on oo op\">Pro Tagesdosis*<\/th>\n<th class=\"t es v bi oj ok ol om on oo\">% NRV**<\/th>\n<\/tr>\n<\/thead>\n<tbody>\n<tr>\n<td class=\"t es v ab oj ok oq or op\">Biotin<\/td>\n<td class=\"t es v ab oj ok oq or op\">50 mkg<\/td>\n<td class=\"t es v ab oj ok oq or\">100 %<\/td>\n<\/tr>\n<tr>\n<td class=\"t es v ab oj ok oq or op\">Kaltsiy<\/td>\n<td class=\"t es v ab oj ok oq or op\">180 mg<\/td>\n<td class=\"t es v ab oj ok oq or\">23 %<\/td>\n<\/tr>\n<tr>\n<td class=\"t es v ab oj ok oq or op\">Chrom<\/td>\n<td class=\"t es v ab oj ok oq or op\">40 mkg<\/td>\n<td class=\"t es v ab oj ok oq or\">100 %<\/td>\n<\/tr>\n<tr>\n<td class=\"t es v ab oj ok oq or op\">Eyzen<\/td>\n<td class=\"t es v ab oj ok oq or op\">6 mg<\/td>\n<td class=\"t es v ab oj ok oq or\">43 %<\/td>\n<\/tr>\n<tr>\n<td class=\"t es v ab oj ok oq or op\">Fols\u00e4ure<\/td>\n<td class=\"t es v ab oj ok oq or op\">200 mkg<\/td>\n<td class=\"t es v ab oj ok oq or\">100 %<\/td>\n<\/tr>\n<tr>\n<td class=\"t es v ab oj ok oq or op\">Jod<\/td>\n<td class=\"t es v ab oj ok oq or op\">100 mkg<\/td>\n<td class=\"t es v ab oj ok oq or\">67 %<\/td>\n<\/tr>\n<tr>\n<td class=\"t es v ab oj ok oq or op\">Kupfer<\/td>\n<td class=\"t es v ab oj ok oq or op\">1 mg<\/td>\n<td class=\"t es v ab oj ok oq or\">100 %<\/td>\n<\/tr>\n<tr>\n<td class=\"t es v ab oj ok oq or op\">Magniy<\/td>\n<td class=\"t es v ab oj ok oq or op\">100 mg<\/td>\n<td class=\"t es v ab oj ok oq or\">27 %<\/td>\n<\/tr>\n<tr>\n<td class=\"t es v ab oj ok oq or op\">Mangan<\/td>\n<td class=\"t es v ab oj ok oq or op\">0,5 mg<\/td>\n<td class=\"t es v ab oj ok oq or\">25 %<\/td>\n<\/tr>\n<tr>\n<td class=\"t es v ab oj ok oq or op\">Molibdan<\/td>\n<td class=\"t es v ab oj ok oq or op\">50 mkg<\/td>\n<td class=\"t es v ab oj ok oq or\">100 %<\/td>\n<\/tr>\n<tr>\n<td class=\"t es v ab oj ok oq or op\">Niatsin<\/td>\n<td class=\"t es v ab oj ok oq or op\">16 mg<\/td>\n<td class=\"t es v ab oj ok oq or\">100 %<\/td>\n<\/tr>\n<tr>\n<td class=\"t es v ab oj ok oq or op\">Pantotenza<\/td>\n<td class=\"t es v ab oj ok oq or op\">6 mg<\/td>\n<td class=\"t es v ab oj ok oq or\">100 %<\/td>\n<\/tr>\n<tr>\n<td class=\"t es v ab oj ok oq or op\">Fosfor<\/td>\n<td class=\"t es v ab oj ok oq or op\">125 mg<\/td>\n<td class=\"t es v ab oj ok oq or\">18 %<\/td>\n<\/tr>\n<tr>\n<td class=\"t es v ab oj ok oq or op\">Vitamin B 2, Riboflavin<\/td>\n<td class=\"t es v ab oj ok oq or op\">2,1 mg<\/td>\n<td class=\"t es v ab oj ok oq or\">150 %<\/td>\n<\/tr>\n<tr>\n<td class=\"t es v ab oj ok oq or op\">Selen<\/td>\n<td class=\"t es v ab oj ok oq or op\">25 mkg<\/td>\n<td class=\"t es v ab oj ok oq or\">45 %<\/td>\n<\/tr>\n<tr>\n<td class=\"t es v ab oj ok oq or op\">A vitamini<\/td>\n<td class=\"t es v ab oj ok oq or op\">200 mkg<\/td>\n<td class=\"t es v ab oj ok oq or\">25 %<\/td>\n<\/tr>\n<tr>\n<td class=\"t es v ab oj ok oq or op\">Vitamin B 1, tiamin<\/td>\n<td class=\"t es v ab oj ok oq or op\">1,65 mg<\/td>\n<td class=\"t es v ab oj ok oq or\">150 %<\/td>\n<\/tr>\n<tr>\n<td class=\"t es v ab oj ok oq or op\">Vitamin B 12<\/td>\n<td class=\"t es v ab oj ok oq or op\">3 mkg<\/td>\n<td class=\"t es v ab oj ok oq or\">120 %<\/td>\n<\/tr>\n<tr>\n<td class=\"t es v ab oj ok oq or op\">Vitamin B 6<\/td>\n<td class=\"t es v ab oj ok oq or op\">2,1 mg<\/td>\n<td class=\"t es v ab oj ok oq or\">150 %<\/td>\n<\/tr>\n<tr>\n<td class=\"t es v ab oj ok oq or op\">S vitamini<\/td>\n<td class=\"t es v ab oj ok oq or op\">120 mg<\/td>\n<td class=\"t es v ab oj ok oq or\">150 %<\/td>\n<\/tr>\n<tr>\n<td class=\"t es v ab oj ok oq or op\">D vitamini<\/td>\n<td class=\"t es v ab oj ok oq or op\">5 mkg<\/td>\n<td class=\"t es v ab oj ok oq or\">100 %<\/td>\n<\/tr>\n<tr>\n<td class=\"t es v ab oj ok oq or op\">E vitamini<\/td>\n<td class=\"t es v ab oj ok oq or op\">12 mg<\/td>\n<td class=\"t es v ab oj ok oq or\">100 %<\/td>\n<\/tr>\n<tr>\n<td class=\"t es v ab oj ok oq or op\">K vitamini<\/td>\n<td class=\"t es v ab oj ok oq or op\">30 mkg<\/td>\n<td class=\"t es v ab oj ok oq or\">40 %<\/td>\n<\/tr>\n<tr>\n<td class=\"t es v ab oj ok oq or op\">Sink<\/td>\n<td class=\"t es v ab oj ok oq or op\">2,25 mg<\/td>\n<td class=\"t es v ab oj ok oq or\">23 %<\/td>\n<\/tr>\n<tr>\n<td class=\"t es v ab oj ok oq or op\">Lutein<\/td>\n<td class=\"t es v ab oj ok oq or op\">1000 mkg<\/td>\n<td class=\"t es v ab oj ok oq or\">****<\/td>\n<\/tr>\n<\/tbody>\n<\/table>","protected":false},"excerpt":{"rendered":"<p>24 vitamin va minerallar + lutein bilan kuniga 1 marta\u2026<\/p>\n<p> <a class=\"more-link\" href=\"https:\/\/piyola.shop\/uz\/mahsulot\/a-z-barcha-vitaminlar-toliq-ombor-50-dan-planshetlar-100-dona-150-g\/\">Ko&#039;proq o&#039;qish<\/a><\/p>","protected":false},"featured_media":13386,"comment_status":"open","ping_status":"closed","template":"","meta":{"om_disable_all_campaigns":false},"product_brand":[],"product_cat":[131],"product_tag":[],"class_list":{"0":"post-12756","1":"product","2":"type-product","3":"status-publish","4":"has-post-thumbnail","6":"product_cat-vitaminlar","8":"first","9":"instock","10":"shipping-taxable","11":"purchasable","12":"product-type-simple"},"aioseo_notices":[],"jetpack_sharing_enabled":true,"builder_content":"","_links":{"self":[{"href":"https:\/\/piyola.shop\/uz\/wp-json\/wp\/v2\/product\/12756","targetHints":{"allow":["GET"]}}],"collection":[{"href":"https:\/\/piyola.shop\/uz\/wp-json\/wp\/v2\/product"}],"about":[{"href":"https:\/\/piyola.shop\/uz\/wp-json\/wp\/v2\/types\/product"}],"replies":[{"embeddable":true,"href":"https:\/\/piyola.shop\/uz\/wp-json\/wp\/v2\/comments?post=12756"}],"wp:featuredmedia":[{"embeddable":true,"href":"https:\/\/piyola.shop\/uz\/wp-json\/wp\/v2\/media\/13386"}],"wp:attachment":[{"href":"https:\/\/piyola.shop\/uz\/wp-json\/wp\/v2\/media?parent=12756"}],"wp:term":[{"taxonomy":"product_brand","embeddable":true,"href":"https:\/\/piyola.shop\/uz\/wp-json\/wp\/v2\/product_brand?post=12756"},{"taxonomy":"product_cat","embeddable":true,"href":"https:\/\/piyola.shop\/uz\/wp-json\/wp\/v2\/product_cat?post=12756"},{"taxonomy":"product_tag","embeddable":true,"href":"https:\/\/piyola.shop\/uz\/wp-json\/wp\/v2\/product_tag?post=12756"}],"curies":[{"name":"wp","href":"https:\/\/api.w.org\/{rel}","templated":true}]}}