{"id":12769,"date":"2024-05-06T21:37:31","date_gmt":"2024-05-06T19:37:31","guid":{"rendered":"https:\/\/piyola.shop\/?post_type=product&#038;p=12769"},"modified":"2024-05-12T10:38:36","modified_gmt":"2024-05-12T08:38:36","slug":"vitamin-b12-efervesan-tabletkalari-20-dona-82-g","status":"publish","type":"product","link":"https:\/\/piyola.shop\/uz\/mahsulot\/vitamin-b12-efervesan-tabletkalari-20-dona-82-g\/","title":{"rendered":"Vitamin B12 efervesan tabletkalari, 20 dona, 82 gr"},"content":{"rendered":"<p>Holsizlik va charchoqni kuchi<br \/>\nshakar qo&#039;shilmaydi<br \/>\nMalinali-qulupnay ta&#039;mi<br \/>\nB12 vitamini Holsizlik va charchoqni tiklashga, normal energiya olishiga va normal funktsiyaga yordam beradi.<\/p>\n<p>Har kuni bir stakan suvda (200 ml) bitta ko&#039;pikli tabletkani eritib oling \u2013 u tetik kiyim va yoqimli ta&#039;m beradi. Agar siz B12 vitaminiga bo&#039;lganingiz ortib olib bo&#039;lsa, kun bog&#039;langan ikkita efervesan tabletka oling. Kundalik iste&#039;mol miqdori oshib ketmasligi kerak.<\/p>\n<p>S\u00e4uerungsmittel Citronens\u00e4ure, S\u00e4ureregulator Natriumhydrogencarbonat, F\u00fcllstoff Sorbit, Aromen, Maisst\u00e4rke, S\u00fc\u00dfungsmittel Natriumcyclamat va Natriumsaccharin, Rote Bete Pulver, Farbstoff Riboflavin, Cyanocobalamin1V (Siyanokobalamin).<\/p>","protected":false},"excerpt":{"rendered":"<p>Holsizlik va charchoqni shakar qo&#039;shilmaydi Malinali-qulupnay ta&#039;mi B12 vitamini\u2026<\/p>\n<p> <a class=\"more-link\" href=\"https:\/\/piyola.shop\/uz\/mahsulot\/vitamin-b12-efervesan-tabletkalari-20-dona-82-g\/\">Ko&#039;proq o&#039;qish<\/a><\/p>","protected":false},"featured_media":12948,"comment_status":"open","ping_status":"closed","template":"","meta":{"om_disable_all_campaigns":false},"product_brand":[],"product_cat":[131],"product_tag":[],"class_list":{"0":"post-12769","1":"product","2":"type-product","3":"status-publish","4":"has-post-thumbnail","6":"product_cat-vitaminlar","8":"first","9":"instock","10":"shipping-taxable","11":"purchasable","12":"product-type-simple"},"aioseo_notices":[],"jetpack_sharing_enabled":true,"builder_content":"","_links":{"self":[{"href":"https:\/\/piyola.shop\/uz\/wp-json\/wp\/v2\/product\/12769","targetHints":{"allow":["GET"]}}],"collection":[{"href":"https:\/\/piyola.shop\/uz\/wp-json\/wp\/v2\/product"}],"about":[{"href":"https:\/\/piyola.shop\/uz\/wp-json\/wp\/v2\/types\/product"}],"replies":[{"embeddable":true,"href":"https:\/\/piyola.shop\/uz\/wp-json\/wp\/v2\/comments?post=12769"}],"wp:featuredmedia":[{"embeddable":true,"href":"https:\/\/piyola.shop\/uz\/wp-json\/wp\/v2\/media\/12948"}],"wp:attachment":[{"href":"https:\/\/piyola.shop\/uz\/wp-json\/wp\/v2\/media?parent=12769"}],"wp:term":[{"taxonomy":"product_brand","embeddable":true,"href":"https:\/\/piyola.shop\/uz\/wp-json\/wp\/v2\/product_brand?post=12769"},{"taxonomy":"product_cat","embeddable":true,"href":"https:\/\/piyola.shop\/uz\/wp-json\/wp\/v2\/product_cat?post=12769"},{"taxonomy":"product_tag","embeddable":true,"href":"https:\/\/piyola.shop\/uz\/wp-json\/wp\/v2\/product_tag?post=12769"}],"curies":[{"name":"wp","href":"https:\/\/api.w.org\/{rel}","templated":true}]}}