{"id":12774,"date":"2024-05-06T21:40:37","date_gmt":"2024-05-06T19:40:37","guid":{"rendered":"https:\/\/piyola.shop\/?post_type=product&#038;p=12774"},"modified":"2024-05-12T10:37:37","modified_gmt":"2024-05-12T08:37:37","slug":"multivitaminli-efervesan-tabletkalar-20-dona","status":"publish","type":"product","link":"https:\/\/piyola.shop\/uz\/mahsulot\/multivitaminli-efervesan-tabletkalar-20-dona\/","title":{"rendered":"Multivitaminli efervesan tabletkalar, 20 dona"},"content":{"rendered":"<p>10 ta muhim vitamin bilan<br \/>\nQo&#039;shilgan shakar yo&#039;q<br \/>\nTropik lazzat<\/p>\n<p>Har kuni bir stakan suvda (200 ml) bitta ko&#039;pikli planshetni eritib yuboring \u2013 u tetik tarkib va yoqimli ta&#039;mga ega. Kundalik iste&#039;mol miqdori oshib ketmasligi kerak.<\/p>\n<p>S\u00e4uerungsmittel Citronens\u00e4ure, S\u00e4ureregulator Natriumhydrogencarbonat, Su\u00dfungsmittel Sorbit, Maisst\u00e4rke, Aromen, L-Ascorbins\u00e4ure (Vitamin C), Rote-Bete-Pulver, S\u00fc\u00dfungsmittel Natriumcyclamat und Natriumcyclamat und Natriumcyclamat und Saccharin-V-L-V kotinamid, kaltsiy-D- pantotenat, Pyridoxinhydrochlorid (Vitamin B6), Farbstoff Riboflavin, Riboflavin (Vitamin B2), Thiaminmononitrat (Vitamin B1), Pteroylmonoglutamins\u00e4ure (Fols\u00e4ure), D-Biotin, Cyanocobalamin (Vitamin B12).<\/p>\n<table class=\"t es v ab b nx ny\" data-designsystem=\"true\">\n<thead>\n<tr>\n<th class=\"t es v bi nz oa ob oc od oe of\">Zusammensetzung<\/th>\n<th class=\"t es v bi nz oa ob oc od oe of\">Pro Tagesdosis*<\/th>\n<th class=\"t es v bi nz oa ob oc od oe\">% NRV**<\/th>\n<\/tr>\n<\/thead>\n<tbody>\n<tr>\n<td class=\"t es v ab nz oa og oh of\">Biotin<\/td>\n<td class=\"t es v ab nz oa og oh of\">50 mkg<\/td>\n<td class=\"t es v ab nz oa og oh\">100 %<\/td>\n<\/tr>\n<tr>\n<td class=\"t es v ab nz oa og oh of\">Fols\u00e4ure<\/td>\n<td class=\"t es v ab nz oa og oh of\">200 mkg<\/td>\n<td class=\"t es v ab nz oa og oh\">100 %<\/td>\n<\/tr>\n<tr>\n<td class=\"t es v ab nz oa og oh of\">Niatsin<\/td>\n<td class=\"t es v ab nz oa og oh of\">16 mg<\/td>\n<td class=\"t es v ab nz oa og oh\">100 %<\/td>\n<\/tr>\n<tr>\n<td class=\"t es v ab nz oa og oh of\">Pantotenza<\/td>\n<td class=\"t es v ab nz oa og oh of\">6 mg<\/td>\n<td class=\"t es v ab nz oa og oh\">100 %<\/td>\n<\/tr>\n<tr>\n<td class=\"t es v ab nz oa og oh of\">Vitamin B 2, Riboflavin<\/td>\n<td class=\"t es v ab nz oa og oh of\">1,4 mg<\/td>\n<td class=\"t es v ab nz oa og oh\">100 %<\/td>\n<\/tr>\n<tr>\n<td class=\"t es v ab nz oa og oh of\">Vitamin B 1, tiamin<\/td>\n<td class=\"t es v ab nz oa og oh of\">1,1 mg<\/td>\n<td class=\"t es v ab nz oa og oh\">100 %<\/td>\n<\/tr>\n<tr>\n<td class=\"t es v ab nz oa og oh of\">Vitamin B 12<\/td>\n<td class=\"t es v ab nz oa og oh of\">2,5 mkg<\/td>\n<td class=\"t es v ab nz oa og oh\">100 %<\/td>\n<\/tr>\n<tr>\n<td class=\"t es v ab nz oa og oh of\">Vitamin B 6<\/td>\n<td class=\"t es v ab nz oa og oh of\">1,4 mg<\/td>\n<td class=\"t es v ab nz oa og oh\">100 %<\/td>\n<\/tr>\n<tr>\n<td class=\"t es v ab nz oa og oh of\">S vitamini<\/td>\n<td class=\"t es v ab nz oa og oh of\">80 mg<\/td>\n<td class=\"t es v ab nz oa og oh\">100 %<\/td>\n<\/tr>\n<tr>\n<td class=\"t es v ab nz oa og oh of\">E vitamini<\/td>\n<td class=\"t es v ab nz oa og oh of\">12 mg<\/td>\n<td class=\"t es v ab nz oa og oh\">100 %<\/td>\n<\/tr>\n<\/tbody>\n<\/table>","protected":false},"excerpt":{"rendered":"<p>10 ta muhim vitamin bilan Qo&#039;shilgan shakar yo&#039;q Tropik lazzat\u2026<\/p>\n<p> <a class=\"more-link\" href=\"https:\/\/piyola.shop\/uz\/mahsulot\/multivitaminli-efervesan-tabletkalar-20-dona\/\">Ko&#039;proq o&#039;qish<\/a><\/p>","protected":false},"featured_media":12945,"comment_status":"open","ping_status":"closed","template":"","meta":{"om_disable_all_campaigns":false},"product_brand":[],"product_cat":[131],"product_tag":[],"class_list":{"0":"post-12774","1":"product","2":"type-product","3":"status-publish","4":"has-post-thumbnail","6":"product_cat-vitaminlar","8":"first","9":"instock","10":"shipping-taxable","11":"purchasable","12":"product-type-simple"},"aioseo_notices":[],"jetpack_sharing_enabled":true,"builder_content":"","_links":{"self":[{"href":"https:\/\/piyola.shop\/uz\/wp-json\/wp\/v2\/product\/12774","targetHints":{"allow":["GET"]}}],"collection":[{"href":"https:\/\/piyola.shop\/uz\/wp-json\/wp\/v2\/product"}],"about":[{"href":"https:\/\/piyola.shop\/uz\/wp-json\/wp\/v2\/types\/product"}],"replies":[{"embeddable":true,"href":"https:\/\/piyola.shop\/uz\/wp-json\/wp\/v2\/comments?post=12774"}],"wp:featuredmedia":[{"embeddable":true,"href":"https:\/\/piyola.shop\/uz\/wp-json\/wp\/v2\/media\/12945"}],"wp:attachment":[{"href":"https:\/\/piyola.shop\/uz\/wp-json\/wp\/v2\/media?parent=12774"}],"wp:term":[{"taxonomy":"product_brand","embeddable":true,"href":"https:\/\/piyola.shop\/uz\/wp-json\/wp\/v2\/product_brand?post=12774"},{"taxonomy":"product_cat","embeddable":true,"href":"https:\/\/piyola.shop\/uz\/wp-json\/wp\/v2\/product_cat?post=12774"},{"taxonomy":"product_tag","embeddable":true,"href":"https:\/\/piyola.shop\/uz\/wp-json\/wp\/v2\/product_tag?post=12774"}],"curies":[{"name":"wp","href":"https:\/\/api.w.org\/{rel}","templated":true}]}}