{"id":12778,"date":"2024-05-06T21:43:02","date_gmt":"2024-05-06T19:43:02","guid":{"rendered":"https:\/\/piyola.shop\/?post_type=product&#038;p=12778"},"modified":"2024-05-12T10:36:03","modified_gmt":"2024-05-12T08:36:03","slug":"vitamin-c-efervesan-tabletkalari-20-dona-82-g","status":"publish","type":"product","link":"https:\/\/piyola.shop\/uz\/mahsulot\/vitamin-c-efervesan-tabletkalari-20-dona-82-g\/","title":{"rendered":"Vitamin C efervesan tabletkalari, 20 dona, 82 g"},"content":{"rendered":"<p>Bir tabletkada 240 mg vitamin C<br \/>\nQo&#039;shilgan shakar yo&#039;q<br \/>\nApelsin ta&#039;mi<br \/>\nS vitamini immuniteti normal qo&#039;llab-quvvatlanadi.<\/p>\n<p>Har kuni bir stakan suvda (200 ml) bitta ko&#039;pikli planshetni eritib yuboring \u2013 u tetik tarkib va yoqimli ta&#039;mga ega. Kundalik iste&#039;mol miqdori oshib ketmasligi kerak. Xun qo&#039;shimchalarini turli xil va toza ovqatlanish yoki sog&#039;lom turmush tarzi o&#039;rniga ishlatmas kerak.<\/p>\n<p>S\u00e4uerungsmittel Citronens\u00e4ure, S\u00e4ureregulator Natriumhydrogencarbonat, Su\u00dfungsmittel Sorbit, L-Ascorbins\u00e4ure (Vitamin C), Aromen, Rote-Bete-Pulver, Maisst\u00e4rke, S\u00fc\u00dfungsmittel Natriumcyclamat und Saccharinb-Natriumbst.<\/p>\n<p>Enth\u00e4lt S\u00e4uerungsmittel Enth\u00e4lt S\u00e4ureregulator Enth\u00e4lt F\u00fcllstoff Enth\u00e4lt Farbstoffe Enth\u00e4lt S\u00fc\u00dfungsmittel Aroma \/ Aromen mit Farbstoff mit S\u00fc\u00dfungsmittel (n)<\/p>","protected":false},"excerpt":{"rendered":"<p>Bir tabletkada 240 mg vitamin C Qo&#039;shilgan shakar yo&#039;q Apelsin\u2026<\/p>\n<p> <a class=\"more-link\" href=\"https:\/\/piyola.shop\/uz\/mahsulot\/vitamin-c-efervesan-tabletkalari-20-dona-82-g\/\">Ko&#039;proq o&#039;qish<\/a><\/p>","protected":false},"featured_media":12940,"comment_status":"open","ping_status":"closed","template":"","meta":{"om_disable_all_campaigns":false},"product_brand":[],"product_cat":[131],"product_tag":[],"class_list":{"0":"post-12778","1":"product","2":"type-product","3":"status-publish","4":"has-post-thumbnail","6":"product_cat-vitaminlar","8":"first","9":"instock","10":"shipping-taxable","11":"purchasable","12":"product-type-simple"},"aioseo_notices":[],"jetpack_sharing_enabled":true,"builder_content":"","_links":{"self":[{"href":"https:\/\/piyola.shop\/uz\/wp-json\/wp\/v2\/product\/12778","targetHints":{"allow":["GET"]}}],"collection":[{"href":"https:\/\/piyola.shop\/uz\/wp-json\/wp\/v2\/product"}],"about":[{"href":"https:\/\/piyola.shop\/uz\/wp-json\/wp\/v2\/types\/product"}],"replies":[{"embeddable":true,"href":"https:\/\/piyola.shop\/uz\/wp-json\/wp\/v2\/comments?post=12778"}],"wp:featuredmedia":[{"embeddable":true,"href":"https:\/\/piyola.shop\/uz\/wp-json\/wp\/v2\/media\/12940"}],"wp:attachment":[{"href":"https:\/\/piyola.shop\/uz\/wp-json\/wp\/v2\/media?parent=12778"}],"wp:term":[{"taxonomy":"product_brand","embeddable":true,"href":"https:\/\/piyola.shop\/uz\/wp-json\/wp\/v2\/product_brand?post=12778"},{"taxonomy":"product_cat","embeddable":true,"href":"https:\/\/piyola.shop\/uz\/wp-json\/wp\/v2\/product_cat?post=12778"},{"taxonomy":"product_tag","embeddable":true,"href":"https:\/\/piyola.shop\/uz\/wp-json\/wp\/v2\/product_tag?post=12778"}],"curies":[{"name":"wp","href":"https:\/\/api.w.org\/{rel}","templated":true}]}}