{"id":14014,"date":"2024-05-17T12:22:07","date_gmt":"2024-05-17T10:22:07","guid":{"rendered":"https:\/\/piyola.shop\/?post_type=product&#038;p=14014"},"modified":"2024-05-17T12:22:07","modified_gmt":"2024-05-17T10:22:07","slug":"epilator-silk-epil-3-277","status":"publish","type":"product","link":"https:\/\/piyola.shop\/uz\/mahsulot\/epilator-silk-epil-3-277\/","title":{"rendered":"Epilator, Silk-\u00e9pil 3-277"},"content":{"rendered":"<p>Yumshoq: Ayollar uchun epilator, epilatsiyani boshlayotganlar uchun ideal, bir harakatda tuklarni 100% gacha yumshoq olib tashlash<br \/>\nHar bir tuk: Smartlight texnologiyasi eng nozik tuklarni ham aniq ko&#8217;rinadigan qilib qo&#8217;yadi<br \/>\nUzoq muddatli: bir necha kun emas, balki haftalar davomida ipakdek silliq teri<br \/>\nKamroq og&#8217;riqli: epilatsiyani qulayroq qilish uchun terini yumshoq rag&#8217;batlantirish va massaj qilish uchun massaj roliklaridan foydalaning.<br \/>\nBraun Silk-\u00e9pil 3-277 epilatsiyani boshlayotganlar uchun yumshoq tuklarni olib tashlash uchun ideal. 20 ta c\u0131mb\u0131z tizimi tufayli tuklar muloyimlik bilan ildizdan chiqariladi &#8211; bir necha hafta davomida silliq teri uchun. Trimmer moslamasi nozik joylarga mos keladi va massaj roliklari epilatsiya qilinadigan hududni rag&#8217;batlantiradi va dasturni kamroq og&#8217;riqli qiladi. Simli ilova tufayli epilatoringiz istalgan vaqtda \u2013 zaryadsizlanishsiz, bir martada foydalanishga tayyor. Yetkazib berish tarkibiga kiradi: 1x epilator, 1x tukolish uchun moslama, 1x trimmer moslamasi, 1x zaryadlash moslamasi.<\/p>\n<p>Gigiena nuqtai nazaridan siz qurilmani boshqa odamlar bilan birga ishlatmasligingiz kerak. Ushbu qurilma qo&#8217;shimcha past kuchlanish xavfsizligi uchun o&#8217;rnatilgan quvvat manbaiga ega maxsus kabel bilan ta&#8217;minlangan. Hech qanday qismlarni almashtirish yoki o&#8217;zgartirish mumkin emas, aks holda elektr toki urishi xavfi mavjud. Elektr spetsifikatsiyalari uchun maxsus kabeldagi bosmaga qarang. 8 yoshdan oshgan bolalar va jismoniy, kognitiv yoki psixologik qobiliyatlari cheklangan yoki tajribasi va bilimi kam odamlar, agar ular nazorat ostida bo&#8217;lsa yoki qurilmadan xavfsiz foydalanish bo&#8217;yicha ko&#8217;rsatmalar olgan bo&#8217;lsa va u bilan bog&#8217;liq muammolar Xatarlarni tushunsa, qurilmadan foydalanishi mumkin. Bolalarga qurilma bilan o&#8217;ynashga ruxsat berilmaydi. Tozalash va foydalanuvchiga texnik xizmat ko&#8217;rsatish, agar ular 8 yoshdan katta bo&#8217;lmasa va nazorat ostida bo&#8217;lmasa, bolalar tomonidan amalga oshirilmasligi kerak. Qurilma yoqilganda, u bosh sochlari, kirpiklar, soch bog&#8217;ichlari va boshqalar bilan aloqa qilmasligi kerak. qurilmaning shikastlanishi, bloklanishi yoki shikastlanishi xavfini oldini olish uchun.<\/p>","protected":false},"excerpt":{"rendered":"<p>Yumshoq: Ayollar uchun epilator, epilatsiyani boshlayotganlar uchun ideal, bir harakatda&hellip;<\/p>\n<p> <a class=\"more-link\" href=\"https:\/\/piyola.shop\/uz\/mahsulot\/epilator-silk-epil-3-277\/\">Ko&#039;proq o&#039;qish<\/a><\/p>","protected":false},"featured_media":14015,"comment_status":"open","ping_status":"closed","template":"","meta":{"om_disable_all_campaigns":false},"product_brand":[],"product_cat":[173],"product_tag":[],"class_list":{"0":"post-14014","1":"product","2":"type-product","3":"status-publish","4":"has-post-thumbnail","6":"product_cat-tuklarni-tozalash-epilier","8":"first","9":"instock","10":"shipping-taxable","11":"purchasable","12":"product-type-simple"},"aioseo_notices":[],"jetpack_sharing_enabled":true,"builder_content":"","_links":{"self":[{"href":"https:\/\/piyola.shop\/uz\/wp-json\/wp\/v2\/product\/14014","targetHints":{"allow":["GET"]}}],"collection":[{"href":"https:\/\/piyola.shop\/uz\/wp-json\/wp\/v2\/product"}],"about":[{"href":"https:\/\/piyola.shop\/uz\/wp-json\/wp\/v2\/types\/product"}],"replies":[{"embeddable":true,"href":"https:\/\/piyola.shop\/uz\/wp-json\/wp\/v2\/comments?post=14014"}],"wp:featuredmedia":[{"embeddable":true,"href":"https:\/\/piyola.shop\/uz\/wp-json\/wp\/v2\/media\/14015"}],"wp:attachment":[{"href":"https:\/\/piyola.shop\/uz\/wp-json\/wp\/v2\/media?parent=14014"}],"wp:term":[{"taxonomy":"product_brand","embeddable":true,"href":"https:\/\/piyola.shop\/uz\/wp-json\/wp\/v2\/product_brand?post=14014"},{"taxonomy":"product_cat","embeddable":true,"href":"https:\/\/piyola.shop\/uz\/wp-json\/wp\/v2\/product_cat?post=14014"},{"taxonomy":"product_tag","embeddable":true,"href":"https:\/\/piyola.shop\/uz\/wp-json\/wp\/v2\/product_tag?post=14014"}],"curies":[{"name":"wp","href":"https:\/\/api.w.org\/{rel}","templated":true}]}}