{"id":14140,"date":"2024-05-17T22:57:12","date_gmt":"2024-05-17T20:57:12","guid":{"rendered":"https:\/\/piyola.shop\/?post_type=product&#038;p=14140"},"modified":"2024-05-17T22:57:13","modified_gmt":"2024-05-17T20:57:13","slug":"feli-videozeugs-tana-spreyi-150-ml","status":"publish","type":"product","link":"https:\/\/piyola.shop\/uz\/mahsulot\/feli-videozeugs-tana-spreyi-150-ml\/","title":{"rendered":"Feli Videozeugs tana spreyi, 150 ml"},"content":{"rendered":"<p>Yaltiroq tana spreyi<br \/>\nVanil, yovvoyi qulupnay va k\u0131z\u0131lc\u0131k hidlari<br \/>\nNiatsinamid va glitserin bilan boyitilgan<br \/>\nYangilangan va yaxshi hidli teri uchun<br \/>\nTetiklantiruvchi bilou Shimmer Body Spray teriga tetiklantiruvchi tuyg&#8217;u va yaltiroq zarrachalar tufayli juda tabiiy porlashni beradi. Sprey tarkibida vanil, yovvoyi qulupnay va k\u0131z\u0131lc\u0131k hidi mavjud va glitserin va niatsinamid bilan boyitilgan. Ushbu ingredientlar nafaqat yangilanish va salqinlash, balki yuz rangini yaxshilashga yordam beradi.<\/p>\n<p>Ilova: Ishlatishdan oldin shishani yaxshilab silkiting. Taxminan 15 sm masofadan tanaga p\u00fcsk\u00fcrt\u00fcn. Iltimos, kiyimga yoki ko&#8217;zlarga sepmang.<\/p>","protected":false},"excerpt":{"rendered":"<p>Yaltiroq tana spreyi Vanil, yovvoyi qulupnay va k\u0131z\u0131lc\u0131k hidlari Niatsinamid&hellip;<\/p>\n<p> <a class=\"more-link\" href=\"https:\/\/piyola.shop\/uz\/mahsulot\/feli-videozeugs-tana-spreyi-150-ml\/\">Ko&#039;proq o&#039;qish<\/a><\/p>","protected":false},"featured_media":14141,"comment_status":"open","ping_status":"closed","template":"","meta":{"om_disable_all_campaigns":false},"product_brand":[],"product_cat":[189],"product_tag":[],"class_list":{"0":"post-14140","1":"product","2":"type-product","3":"status-publish","4":"has-post-thumbnail","6":"product_cat-ayollar-lotion-krem","8":"first","9":"instock","10":"shipping-taxable","11":"purchasable","12":"product-type-simple"},"aioseo_notices":[],"jetpack_sharing_enabled":true,"builder_content":"","_links":{"self":[{"href":"https:\/\/piyola.shop\/uz\/wp-json\/wp\/v2\/product\/14140","targetHints":{"allow":["GET"]}}],"collection":[{"href":"https:\/\/piyola.shop\/uz\/wp-json\/wp\/v2\/product"}],"about":[{"href":"https:\/\/piyola.shop\/uz\/wp-json\/wp\/v2\/types\/product"}],"replies":[{"embeddable":true,"href":"https:\/\/piyola.shop\/uz\/wp-json\/wp\/v2\/comments?post=14140"}],"wp:featuredmedia":[{"embeddable":true,"href":"https:\/\/piyola.shop\/uz\/wp-json\/wp\/v2\/media\/14141"}],"wp:attachment":[{"href":"https:\/\/piyola.shop\/uz\/wp-json\/wp\/v2\/media?parent=14140"}],"wp:term":[{"taxonomy":"product_brand","embeddable":true,"href":"https:\/\/piyola.shop\/uz\/wp-json\/wp\/v2\/product_brand?post=14140"},{"taxonomy":"product_cat","embeddable":true,"href":"https:\/\/piyola.shop\/uz\/wp-json\/wp\/v2\/product_cat?post=14140"},{"taxonomy":"product_tag","embeddable":true,"href":"https:\/\/piyola.shop\/uz\/wp-json\/wp\/v2\/product_tag?post=14140"}],"curies":[{"name":"wp","href":"https:\/\/api.w.org\/{rel}","templated":true}]}}