{"id":14168,"date":"2024-05-17T23:17:26","date_gmt":"2024-05-17T21:17:26","guid":{"rendered":"https:\/\/piyola.shop\/?post_type=product&#038;p=14168"},"modified":"2024-05-17T23:17:26","modified_gmt":"2024-05-17T21:17:26","slug":"mango-hibiscus-150-ml","status":"publish","type":"product","link":"https:\/\/piyola.shop\/uz\/mahsulot\/mango-hibiscus-150-ml\/","title":{"rendered":"Mango hibiskus, 150 ml"},"content":{"rendered":"<p>Mango va gibiskus hidi<br \/>\nYuz va tanaga mos keladi<br \/>\nYo&#8217;lda yurish uchun ideal<br \/>\nBir oz tetiklik istaysizmi? Balea Mango Hibiscus suv spreyi nafaqat mango va gibiskusning mevali, yangi hidini beradi, balki tana va yuzga yangi shabada ham beradi. Sprey ham yo&#8217;lda foydalanish uchun ideal va tetiklantiruvchi tazelik qoldiradi<\/p>\n<p>Yuz va tanaga p\u00fcsk\u00fcrt\u00fcn, ishlasin va quriting. Optimal foydalanish uchun: bankani tik holatda saqlang. Maslahat: Maxsus yangilik uchun: bankani muzlatgichda saqlang.<\/p>","protected":false},"excerpt":{"rendered":"<p>Mango va gibiskus hidi Yuz va tanaga mos keladi Yo&#8217;lda&hellip;<\/p>\n<p> <a class=\"more-link\" href=\"https:\/\/piyola.shop\/uz\/mahsulot\/mango-hibiscus-150-ml\/\">Ko&#039;proq o&#039;qish<\/a><\/p>","protected":false},"featured_media":14169,"comment_status":"open","ping_status":"closed","template":"","meta":{"om_disable_all_campaigns":false},"product_brand":[],"product_cat":[189],"product_tag":[],"class_list":{"0":"post-14168","1":"product","2":"type-product","3":"status-publish","4":"has-post-thumbnail","6":"product_cat-ayollar-lotion-krem","8":"first","9":"instock","10":"shipping-taxable","11":"purchasable","12":"product-type-simple"},"aioseo_notices":[],"jetpack_sharing_enabled":true,"builder_content":"","_links":{"self":[{"href":"https:\/\/piyola.shop\/uz\/wp-json\/wp\/v2\/product\/14168","targetHints":{"allow":["GET"]}}],"collection":[{"href":"https:\/\/piyola.shop\/uz\/wp-json\/wp\/v2\/product"}],"about":[{"href":"https:\/\/piyola.shop\/uz\/wp-json\/wp\/v2\/types\/product"}],"replies":[{"embeddable":true,"href":"https:\/\/piyola.shop\/uz\/wp-json\/wp\/v2\/comments?post=14168"}],"wp:featuredmedia":[{"embeddable":true,"href":"https:\/\/piyola.shop\/uz\/wp-json\/wp\/v2\/media\/14169"}],"wp:attachment":[{"href":"https:\/\/piyola.shop\/uz\/wp-json\/wp\/v2\/media?parent=14168"}],"wp:term":[{"taxonomy":"product_brand","embeddable":true,"href":"https:\/\/piyola.shop\/uz\/wp-json\/wp\/v2\/product_brand?post=14168"},{"taxonomy":"product_cat","embeddable":true,"href":"https:\/\/piyola.shop\/uz\/wp-json\/wp\/v2\/product_cat?post=14168"},{"taxonomy":"product_tag","embeddable":true,"href":"https:\/\/piyola.shop\/uz\/wp-json\/wp\/v2\/product_tag?post=14168"}],"curies":[{"name":"wp","href":"https:\/\/api.w.org\/{rel}","templated":true}]}}