{"id":14811,"date":"2024-05-20T19:47:32","date_gmt":"2024-05-20T17:47:32","guid":{"rendered":"https:\/\/piyola.shop\/?post_type=product&#038;p=14811"},"modified":"2024-05-20T19:47:32","modified_gmt":"2024-05-20T17:47:32","slug":"immun-wochenkur-ampullen-7-st-175-ml","status":"publish","type":"product","link":"https:\/\/piyola.shop\/uz\/mahsulot\/immun-wochenkur-ampullen-7-st-175-ml\/","title":{"rendered":"Immun Wochenkur Ampullen 7 St., 175 ml"},"content":{"rendered":"<p>Ortomolekulyar oziq moddalar tushunchasi<br \/>\nvitaminlar, ikkilamchi o&#8217;simlik moddalari va minerallar bilan<br \/>\nVitamin C, D vitamini, sink va selen immunitet tizimining normal ishlashiga hissa qo&#8217;shadi<br \/>\nMivolis Immune Weekly Treatment tanangizni muhim vitaminlar va mikroelementlar bilan ta&#8217;minlaydi. A, B6, C va D vitaminlari, shuningdek, mis, selen, sink va temir immunitet tizimining normal ishlashiga hissa qo&#8217;shadi. Marganets, yod, B1 va B2 vitaminlari, shuningdek, biotin, niatsin va pantotenik kislota normal energiya almashinuviga yordam beradi. C va B6 vitaminlari va temir charchoq va charchoqni kamaytirishga yordam beradi. Ushbu oziq moddalarning etarli miqdori haftalik davolanishning bir qismi sifatida farovonlikni qo&#8217;llab-quvvatlashi mumkin. Muhim vitaminlar va minerallarga qo&#8217;shimcha ravishda, Immunitet haftalik davolashda ikkilamchi o&#8217;simlik moddalari mavjud. Mevali apelsin ta&#8217;miga ega ichimlik ampulalari ham yo&#8217;lda ichish uchun idealdir.<\/p>\n<p>Ichimlik ampulasining tarkibini kuniga bir marta ovqat paytida yoki undan keyin iching, agar kerak bo&#8217;lsa, suv yoki sharbat bilan suyultiriladi. Ishlatishdan oldin yaxshilab silkiting. Ma&#8217;lum bo&#8217;lgan mis saqlash kasalligi (Wilson kasalligi) bo&#8217;lgan odamlarda haftalik immunitetni davolashdan foydalanmaslik kerak. Siydikning sarg&#8217;ayishi va \/ yoki og&#8217;irroq ichak harakati paydo bo&#8217;lishi mumkin. Ushbu yon ta&#8217;sirlar zararsizdir. Immunitet haftasiga qo&#8217;shimcha ravishda boshqa yuqori dozali ozuqaviy qo&#8217;shimchalarni qo&#8217;shimcha qabul qilish tavsiya etilmaydi. A vitaminini o&#8217;z ichiga oladi homilador ayollar faqat shifokor bilan maslahatlashganidan keyin foydalaning. Antikoagulyant dorilarni (kumarin turi) qabul qiladigan odamlar K vitamini o&#8217;z ichiga olgan xun takviyelarini iste&#8217;mol qilishdan oldin shifokor bilan maslahatlashishlari kerak. Erkaklar, menopauzadagi ayollar va homilador ayollar faqat shifokor bilan maslahatlashganidan keyin temir o&#8217;z ichiga olgan parhez qo&#8217;shimchalaridan foydalanishlari kerak. Sinkni o&#8217;z ichiga olgan boshqa xun takviyelaridan qochish kerak. Xun qo&#8217;shimchalari turli xil va muvozanatli ovqatlanish yoki sog&#8217;lom turmush tarzi o&#8217;rnini bosmasligi kerak. 18 yoshgacha bo&#8217;lgan bolalar va yoshlar uchun mos emas.<\/p>\n<p>Suv, apelsin sharbati konsentrati (20%), vitamin C, fruktoza, lazzat, E vitamini, kislotalilik regulyatori: natriy gidroksid, niatsin, quyuqlashtiruvchi moddalar: ksantan saqich, sink glyukonat, konservant: kaliy sorbat, kaltsiy D-pantotenat, tatland\u0131r\u0131c\u0131lar: natriy siklamat , sukraloza, sakarin va neohesperidin DC; Temir glyukonat, sitrus bioflavonoidlari, A vitamini, marganets sulfat, vitamin B6, vitamin B1, vitamin B2, mis glyukonat, maltodekstrin, rang: beta-karotin, kaliy yodid, D-biotin, xrom (III) xlorid, natriy molibdat, , K1 vitamini, D3 vitamini.<\/p>\n<p>Kislota regulyatorini o&#8217;z ichiga oladi<br \/>\nBo&#8217;yoqlarni o&#8217;z ichiga oladi<br \/>\nKonservantlarni o&#8217;z ichiga oladi<br \/>\nTarkibida tatland\u0131r\u0131c\u0131lar mavjud<br \/>\nQalinlashtiruvchi moddalarni o&#8217;z ichiga oladi<br \/>\nAroma \/ tatlar<br \/>\nshakar(lar) va tatland\u0131r\u0131c\u0131(lar) bilan<br \/>\nTarkibida beta-karotin mavjud<\/p>","protected":false},"excerpt":{"rendered":"<p>Ortomolekulyar oziq-ovqat mahsuloti tavsiyasi, ikkilamchi o&#039;simlik ozuqasi va minerallar\u2026<\/p>\n<p> <a class=\"more-link\" href=\"https:\/\/piyola.shop\/uz\/mahsulot\/immun-wochenkur-ampullen-7-st-175-ml\/\">Ko&#039;proq o&#039;qish<\/a><\/p>","protected":false},"featured_media":14812,"comment_status":"open","ping_status":"closed","template":"","meta":{"om_disable_all_campaigns":false},"product_brand":[],"product_cat":[210,131],"product_tag":[],"class_list":{"0":"post-14811","1":"product","2":"type-product","3":"status-publish","4":"has-post-thumbnail","6":"product_cat-immun-tizimi-uchun","7":"product_cat-vitaminlar","9":"first","10":"instock","11":"shipping-taxable","12":"purchasable","13":"product-type-simple"},"aioseo_notices":[],"jetpack_sharing_enabled":true,"builder_content":"","_links":{"self":[{"href":"https:\/\/piyola.shop\/uz\/wp-json\/wp\/v2\/product\/14811","targetHints":{"allow":["GET"]}}],"collection":[{"href":"https:\/\/piyola.shop\/uz\/wp-json\/wp\/v2\/product"}],"about":[{"href":"https:\/\/piyola.shop\/uz\/wp-json\/wp\/v2\/types\/product"}],"replies":[{"embeddable":true,"href":"https:\/\/piyola.shop\/uz\/wp-json\/wp\/v2\/comments?post=14811"}],"wp:featuredmedia":[{"embeddable":true,"href":"https:\/\/piyola.shop\/uz\/wp-json\/wp\/v2\/media\/14812"}],"wp:attachment":[{"href":"https:\/\/piyola.shop\/uz\/wp-json\/wp\/v2\/media?parent=14811"}],"wp:term":[{"taxonomy":"product_brand","embeddable":true,"href":"https:\/\/piyola.shop\/uz\/wp-json\/wp\/v2\/product_brand?post=14811"},{"taxonomy":"product_cat","embeddable":true,"href":"https:\/\/piyola.shop\/uz\/wp-json\/wp\/v2\/product_cat?post=14811"},{"taxonomy":"product_tag","embeddable":true,"href":"https:\/\/piyola.shop\/uz\/wp-json\/wp\/v2\/product_tag?post=14811"}],"curies":[{"name":"wp","href":"https:\/\/api.w.org\/{rel}","templated":true}]}}