{"id":14842,"date":"2024-05-21T10:25:24","date_gmt":"2024-05-21T08:25:24","guid":{"rendered":"https:\/\/piyola.shop\/?post_type=product&#038;p=14842"},"modified":"2024-05-21T10:25:24","modified_gmt":"2024-05-21T08:25:24","slug":"boyin-va-tomoq-spreyi-30-ml","status":"publish","type":"product","link":"https:\/\/piyola.shop\/uz\/mahsulot\/boyin-va-tomoq-spreyi-30-ml\/","title":{"rendered":"Bo&#8217;yin va tomoq spreyi, 30 ml"},"content":{"rendered":"<p>tomoq og&#8217;rig&#8217;i va xirillashga qarshi<br \/>\ntez tirnash xususiyati bartaraf etish<br \/>\ntabiiy sho&#8217;r suvga asoslangan, sink, romashka va yalpiz aromati bilan<br \/>\nOg&#8217;ir ovozli zo&#8217;riqish yoki sovuq ko&#8217;pincha tomoq og&#8217;rig&#8217;i, yo&#8217;tal, tovush va tomoq og&#8217;rig&#8217;i kabi bezovta qiluvchi va og&#8217;riqli alomatlarga olib kelishi mumkin. Tabiiy sho&#8217;r suvli Mivolis bo&#8217;yin va tomoq spreyi tez va to&#8217;g&#8217;ridan-to&#8217;g&#8217;ri yordam beradi. Tabiiy sho&#8217;r suv tirnash xususiyati beruvchi shilliq qavatni namlaydi va og&#8217;iz va tomoqqa tez yordam beradi. Islandiya moxi tirnash xususiyati beruvchi shilliq qavatlarda yumshoq himoya plyonka hosil qiladi. Bundan tashqari, namlikni bog&#8217;laydigan dekspantenol shilliq qavatni oziqlantiradi. Yangi yalpiz aromati yoqimli ozodlik hissi beradi. Mivolis bo&#8217;yin va tomoq spreyi tabiiy sho&#8217;r suv bilan ayniqsa tomoq va tomoq muammolariga yordam beradi. .<\/p>\n<p>Belgilangan yaroqlilik muddatidan keyin foydalanmang. Shishani ochgandan keyin 6 haftadan ortiq foydalanmang. Foydalanish bo&#8217;yicha ko&#8217;rsatmalar: Shishadagi yig&#8217;ma nayni yon tomonga burang va nasos tugmasini bosing. Iltimos, dastlabki foydalanishdan oldin bir nechta nasoslar talab qilinishini unutmang. 3 yosh va undan katta bolalar, maktab o&#8217;quvchilari va o&#8217;smirlar: og&#8217;iz va tomoqqa kuniga jami 5-7 marta og&#8217;iz ochiq holda 1-2 spreydan p\u00fcsk\u00fcrt\u00fcn. Gigiena sabablarga ko&#8217;ra, Mivolis tomoq va tomoq spreyi faqat bir kishi tomonidan ishlatilishi kerak. Agar orofarenkdagi simptomlar 4-7 kun ichida yaxshilanmasa, siz shifokor va\/yoki farmatsevtdan maslahat olishingiz kerak. Eslatmalar: Konservant natriy benzoat va tatland\u0131r\u0131c\u0131lar neohesperidin DC va asesulfam kaliyni o&#8217;z ichiga oladi. Agar sizda Mivolis tomoq va tomoq spreyi yoki uning tarkibiy qismlaridan biriga ma&#8217;lum allergiya yoki yuqori sezuvchanlik bo&#8217;lsa, mahsulotni ishlatmaslik kerak. Mahsulot og&#8217;iz orqali qabul qilinadigan dorilar bilan bir vaqtda qabul qilinmasligi kerak. Kamida 30 daqiqalik mos keladigan vaqt oralig&#8217;i ta&#8217;minlanishi kerak. Homiladorlik va emizishda foydalanish tajribasi yo&#8217;q, shuning uchun uni faqat shifokor bilan maslahatlashganidan keyin qo&#8217;llang.<\/p>","protected":false},"excerpt":{"rendered":"<p>tomoq og&#8217;rig&#8217;i va xirillashga qarshi tez tirnash xususiyati bartaraf etish&hellip;<\/p>\n<p> <a class=\"more-link\" href=\"https:\/\/piyola.shop\/uz\/mahsulot\/boyin-va-tomoq-spreyi-30-ml\/\">Ko&#039;proq o&#039;qish<\/a><\/p>","protected":false},"featured_media":14843,"comment_status":"open","ping_status":"closed","template":"","meta":{"om_disable_all_campaigns":false},"product_brand":[],"product_cat":[213],"product_tag":[],"class_list":{"0":"post-14842","1":"product","2":"type-product","3":"status-publish","4":"has-post-thumbnail","6":"product_cat-tomoq-ogrigi-yutish-qiyinligi","8":"first","9":"instock","10":"shipping-taxable","11":"purchasable","12":"product-type-simple"},"aioseo_notices":[],"jetpack_sharing_enabled":true,"builder_content":"","_links":{"self":[{"href":"https:\/\/piyola.shop\/uz\/wp-json\/wp\/v2\/product\/14842","targetHints":{"allow":["GET"]}}],"collection":[{"href":"https:\/\/piyola.shop\/uz\/wp-json\/wp\/v2\/product"}],"about":[{"href":"https:\/\/piyola.shop\/uz\/wp-json\/wp\/v2\/types\/product"}],"replies":[{"embeddable":true,"href":"https:\/\/piyola.shop\/uz\/wp-json\/wp\/v2\/comments?post=14842"}],"wp:featuredmedia":[{"embeddable":true,"href":"https:\/\/piyola.shop\/uz\/wp-json\/wp\/v2\/media\/14843"}],"wp:attachment":[{"href":"https:\/\/piyola.shop\/uz\/wp-json\/wp\/v2\/media?parent=14842"}],"wp:term":[{"taxonomy":"product_brand","embeddable":true,"href":"https:\/\/piyola.shop\/uz\/wp-json\/wp\/v2\/product_brand?post=14842"},{"taxonomy":"product_cat","embeddable":true,"href":"https:\/\/piyola.shop\/uz\/wp-json\/wp\/v2\/product_cat?post=14842"},{"taxonomy":"product_tag","embeddable":true,"href":"https:\/\/piyola.shop\/uz\/wp-json\/wp\/v2\/product_tag?post=14842"}],"curies":[{"name":"wp","href":"https:\/\/api.w.org\/{rel}","templated":true}]}}