{"id":14854,"date":"2024-05-21T10:30:54","date_gmt":"2024-05-21T08:30:54","guid":{"rendered":"https:\/\/piyola.shop\/?post_type=product&#038;p=14854"},"modified":"2024-05-21T10:30:55","modified_gmt":"2024-05-21T08:30:55","slug":"islandiya-moxi-bilan-boyin-va-tomoq-spreyi-30-ml","status":"publish","type":"product","link":"https:\/\/piyola.shop\/uz\/mahsulot\/islandiya-moxi-bilan-boyin-va-tomoq-spreyi-30-ml\/","title":{"rendered":"Islandiya moxi bilan bo&#8217;yin va tomoq spreyi, 30 ml"},"content":{"rendered":"<p>Shilliq pardalarning yangilanishini rag&#8217;batlantiradi<br \/>\nTomoq og&#8217;rig&#8217;i va yo&#8217;talni engillashtiradi<br \/>\nSpirtli ichimliklar va gazsiz<br \/>\nTetesept Icelandic mox tomoq va tomoq spreyi tomoq og&#8217;rig&#8217;i va yo&#8217;tal uchun tavsiya etiladi, chunki u tinchlantiruvchi ta&#8217;sirga ega. Bu tirnash xususiyati beruvchi shilliq pardalarning yangilanishiga yordam beradi.<\/p>\n<p>Ehtiyojlaringizga qarab, kattalar va maktab o&#8217;quvchilari kuniga bir necha marta tomoqqa 1-2 spreyi p\u00fcsk\u00fcrt\u00fcl\u00fcr. Hatto uzoq vaqt davomida kundalik foydalanish uchun javob beradi. Agar tomoq va tomoqdagi simptomlar 14 kundan keyin yaxshilanmasa, shifokor yoki farmatsevt bilan maslahatlashing kerak. Iltimos, varaqaga e&#8217;tibor bering.<\/p>","protected":false},"excerpt":{"rendered":"<p>Shilliq pardalarning yangilanishini rag&#8217;batlantiradi Tomoq og&#8217;rig&#8217;i va yo&#8217;talni engillashtiradi Spirtli&hellip;<\/p>\n<p> <a class=\"more-link\" href=\"https:\/\/piyola.shop\/uz\/mahsulot\/islandiya-moxi-bilan-boyin-va-tomoq-spreyi-30-ml\/\">Ko&#039;proq o&#039;qish<\/a><\/p>","protected":false},"featured_media":14855,"comment_status":"open","ping_status":"closed","template":"","meta":{"om_disable_all_campaigns":false},"product_brand":[],"product_cat":[213],"product_tag":[],"class_list":{"0":"post-14854","1":"product","2":"type-product","3":"status-publish","4":"has-post-thumbnail","6":"product_cat-tomoq-ogrigi-yutish-qiyinligi","8":"first","9":"instock","10":"shipping-taxable","11":"purchasable","12":"product-type-simple"},"aioseo_notices":[],"jetpack_sharing_enabled":true,"builder_content":"","_links":{"self":[{"href":"https:\/\/piyola.shop\/uz\/wp-json\/wp\/v2\/product\/14854","targetHints":{"allow":["GET"]}}],"collection":[{"href":"https:\/\/piyola.shop\/uz\/wp-json\/wp\/v2\/product"}],"about":[{"href":"https:\/\/piyola.shop\/uz\/wp-json\/wp\/v2\/types\/product"}],"replies":[{"embeddable":true,"href":"https:\/\/piyola.shop\/uz\/wp-json\/wp\/v2\/comments?post=14854"}],"wp:featuredmedia":[{"embeddable":true,"href":"https:\/\/piyola.shop\/uz\/wp-json\/wp\/v2\/media\/14855"}],"wp:attachment":[{"href":"https:\/\/piyola.shop\/uz\/wp-json\/wp\/v2\/media?parent=14854"}],"wp:term":[{"taxonomy":"product_brand","embeddable":true,"href":"https:\/\/piyola.shop\/uz\/wp-json\/wp\/v2\/product_brand?post=14854"},{"taxonomy":"product_cat","embeddable":true,"href":"https:\/\/piyola.shop\/uz\/wp-json\/wp\/v2\/product_cat?post=14854"},{"taxonomy":"product_tag","embeddable":true,"href":"https:\/\/piyola.shop\/uz\/wp-json\/wp\/v2\/product_tag?post=14854"}],"curies":[{"name":"wp","href":"https:\/\/api.w.org\/{rel}","templated":true}]}}