{"id":14857,"date":"2024-05-21T10:34:36","date_gmt":"2024-05-21T08:34:36","guid":{"rendered":"https:\/\/piyola.shop\/?post_type=product&#038;p=14857"},"modified":"2024-05-21T10:34:36","modified_gmt":"2024-05-21T08:34:36","slug":"tomoq-spreyi-junior-20-ml","status":"publish","type":"product","link":"https:\/\/piyola.shop\/uz\/mahsulot\/tomoq-spreyi-junior-20-ml\/","title":{"rendered":"Tomoq spreyi junior, 20 ml"},"content":{"rendered":"<p>3 yoshdan oshgan bolalar uchun tomoq spreyi<br \/>\nTomoq og&#039;rig&#039;i va quruq yo&#039;tal uchun ideal<br \/>\nMevali gilos ta&#039;mi bilan<br \/>\nAnginetten\u00ae neck sprey junior bo&#039;yin va tomoq og&#039;rig&#039;ini tinchlantiradi va engillashtirish. uchun, quruq yo&#039;tal uchun asal retsepti va mazali gilos ta&#039;mi bilan buz amallar tomoq og&#039;rig&#039;i shirin alomatlarini engillashtiradigan va tirnash xususiyati beruvchi terini himoya qiladi. Kechasi va kunduzi maqsadli yurish uchun.<\/p>\n<p>Foydalanishdan oldin nimani bilishingiz kerak? Anginetten junior tomoq spreyi qanday sharoitda qo&#039;llani olish kerak: \u2013 siz yoki farzandingizdagi qismlardan biriga yuqori sezuvchan bo&#039;lsa \u2013 sizda yoki farzandingizdagi kasallik bronxit, astma, amfizema, xavf obstruktiv o&#039;pka kasalligi (KOAH) tufayli yo&#039;tal bo&#039;ladi. &#039;agar ko&#039;p miqdordalimshiq yo&#039;talayotgan bo&#039;lsa \u2013 yoki bolangizda doimiy yoki sizda shunday yo&#039;tal bor, bu yurak urishi yoki kasallikdan kelib chiqadi.<br \/>\nqaysi vaqt davomida siz bilan maslahatlashing: sizda yoki farzandingizda qandli diabet bo&#039;lsa (3 marta purkash suv 0,05 BE) \u2013 davolash jarayonida yo&#039;tal kuchaysa \u2013 shilimshiqning ko&#039;p ishlab chiqarilishi va\/yoki yuqori isitma bo&#039;lgan doimiy yo&#039; tal \u2013 uzoq davom etgan xirillash yoki ovoz bilan bog&#039;liq muammolar \u2013 sizda yutishda og&#039;ir qiyinchilik bo&#039;lsa. \u2013 siz yoki bolangiz yutishda qattiq qiynalayotgan bo&#039;lsangiz \u2013 siz yoki bolangiz spreyni qo&#039;llaganingizdan so&#039;ng noxush ta&#039;sirni sezasiz \u2013 siz yoki farzandingiz shaxsiy hujjat ko&#039;ziga sprey tushib qolgan.<br \/>\nTibbiy zarar bilan bog&#039;liq ma&#039;lumotlar, zararli yoki soxta mahsulotlar haqida distribyutorga, xabar ishlab chiqarishga yoki tegishli organga bering va bizga xavfsiz va samarali mahsulotni ta&#039;minlashga yordam bering.<br \/>\nAgar qadoq shikastlangan bo&#039;lsa, foydalanmang. Sprey va kartonda ko&#039;rinish yaroqlilik muddati o&#039;tganidan keyin foydalanmang. Birinchi ochilgandan so&#039;ng, buzadigan amallar muddati 6 oy, yaroqlilik muddatidan tiklanish kerak.<br \/>\nSprey o&#039;yinchoq emas, balki tibbiy asbobdir.<\/p>\n<p>Anginetten\u00ae bo&#039;yin purkagichidan kimga yuklash mumkin? Sprey 3 yoshdan katta bolalarni boshqarish mumkin. Bolalarda sprey har doim kattalar nazorati ostida qo&#039;y kerak. tibbiy yoki emizish orqali transport noma&#039;lum. Spreyni oshirishdan oldinga yordamingiz bilan maslahating.<br \/>\nTomoqqa qarshi spreyi boshqa muolajalar yoki etkazib berish bilan birga: etkazib berish bo&#039;yicha ko&#039;p tarmoqqa ulanganda boshqa yo&#039;tal mahsulotlari bilan o&#039;zaro ta&#039;siri ma&#039;lum emas. Lekin, spreyni boshqa muolajalar bilan birlashtirishdan oldin farmatsevtingiz yoki narxingiz bilan maslahatlashish tavsiya qiling.<br \/>\nTomoq og&#039;rig&#039;i spreyi junior qanday qurilma? Ishlatishdan oldin yaxshilab silkiting. \u2013 Fil quloqlarini ushlab turgan quloqlarning kichik qismiga qaragan ushlang, so&#039;ngra halqani shishaning bo&#039;yniga qo&#039;sh joy qolmaguncha bosing va bosing. \u2013 Chiqib ketish tovushini eshitmaguningizcha, purkagich boshining nozulini bosing. \u2013 Ko\u2018krakni erga parallel bo\u2018lishi uchun gorizontal relsli aylantiring va ko\u2018krak uchidan o\u2018zgartirishni olib tashlash. \u2013 To\u2018g\u2018ridan-to\u2018g\u2018ri tomoqning orqa qismiga p\u00fcsk\u00fcrt\u00fcn. Har 3 soatda yoki kerak bo&#039;lganda 2-3 marta p\u00fcsk\u00fcrt\u00fcn. Foydalanishdan keyin foydalanishni qo&#039;llash.<\/p>","protected":false},"excerpt":{"rendered":"<p>3 yoshdan oshgan bolalar uchun tomoq spreyi Tomoq og&#8217;rig&#8217;i va&hellip;<\/p>\n<p> <a class=\"more-link\" href=\"https:\/\/piyola.shop\/uz\/mahsulot\/tomoq-spreyi-junior-20-ml\/\">Ko&#039;proq o&#039;qish<\/a><\/p>","protected":false},"featured_media":14858,"comment_status":"open","ping_status":"closed","template":"","meta":{"om_disable_all_campaigns":false},"product_brand":[],"product_cat":[213],"product_tag":[],"class_list":{"0":"post-14857","1":"product","2":"type-product","3":"status-publish","4":"has-post-thumbnail","6":"product_cat-tomoq-ogrigi-yutish-qiyinligi","8":"first","9":"instock","10":"shipping-taxable","11":"purchasable","12":"product-type-simple"},"aioseo_notices":[],"jetpack_sharing_enabled":true,"builder_content":"","_links":{"self":[{"href":"https:\/\/piyola.shop\/uz\/wp-json\/wp\/v2\/product\/14857","targetHints":{"allow":["GET"]}}],"collection":[{"href":"https:\/\/piyola.shop\/uz\/wp-json\/wp\/v2\/product"}],"about":[{"href":"https:\/\/piyola.shop\/uz\/wp-json\/wp\/v2\/types\/product"}],"replies":[{"embeddable":true,"href":"https:\/\/piyola.shop\/uz\/wp-json\/wp\/v2\/comments?post=14857"}],"wp:featuredmedia":[{"embeddable":true,"href":"https:\/\/piyola.shop\/uz\/wp-json\/wp\/v2\/media\/14858"}],"wp:attachment":[{"href":"https:\/\/piyola.shop\/uz\/wp-json\/wp\/v2\/media?parent=14857"}],"wp:term":[{"taxonomy":"product_brand","embeddable":true,"href":"https:\/\/piyola.shop\/uz\/wp-json\/wp\/v2\/product_brand?post=14857"},{"taxonomy":"product_cat","embeddable":true,"href":"https:\/\/piyola.shop\/uz\/wp-json\/wp\/v2\/product_cat?post=14857"},{"taxonomy":"product_tag","embeddable":true,"href":"https:\/\/piyola.shop\/uz\/wp-json\/wp\/v2\/product_tag?post=14857"}],"curies":[{"name":"wp","href":"https:\/\/api.w.org\/{rel}","templated":true}]}}