{"id":14889,"date":"2024-05-21T10:58:50","date_gmt":"2024-05-21T08:58:50","guid":{"rendered":"https:\/\/piyola.shop\/?post_type=product&#038;p=14889"},"modified":"2024-05-21T10:58:50","modified_gmt":"2024-05-21T08:58:50","slug":"burun-spreyi-va-chayish-uchun-2si-1-tada-burun-tiqilib-qolgan-chaqaloq-50-ml","status":"publish","type":"product","link":"https:\/\/piyola.shop\/uz\/mahsulot\/burun-spreyi-va-chayish-uchun-2si-1-tada-burun-tiqilib-qolgan-chaqaloq-50-ml\/","title":{"rendered":"Burun spreyi va chayish uchun 2&#039;si 1 tada, burun tiqilib qolgan chaqaloq, 50 ml"},"content":{"rendered":"<p>Chaqaloqlar uchun burun spreyi<br \/>\nBurun tiqilib qolganlar uchun ideal<br \/>\nSpray boshini o&#8217;z ichiga oladi<br \/>\n100% tabiiy dengiz suvidan tayyorlangan<br \/>\nST\u00c9RIMAR-dan chaqaloqlar uchun burun tiqilib qolgan 2-si 1-da burun spreyi va chayqash vositasi kichkintoylarda sovuqni davolash uchun ideal yordamdir. Tibbiy mahsulot, shuningdek, amaliy purkagichni ham o&#8217;z ichiga oladi, shuning uchun dasturni ayniqsa yumshoq bajarish mumkin.<\/p>\n<p>OGOHLANTIRISH: Agar burun tepa qavati tirnash sifatli bo&#039;lsa, oldinga burun chayqalishi mumkin. Bosim idishi qizdirilsa yorib keta mumkin. Issiqlik, issiq yuzalar, uchqunlar, ochiq olov va boshqa tutashuv manbalaridan uzoqroq tuting. Foydalanishda chekmang. Foydalanishdan keyin ham teshmang yoki kuymang. Quyosh nurlaridan himoya qiling. 50 \u00b0 C dan yuqori haroratga ta&#039;sir qiladi. Bolalar qo&#039;li etmaydigan joyda saqlanadi.<\/p>\n<p>FOYDALANISH BO&#8217;YICHA TAVSIYA: Birinchi marta ishlatishdan oldin havoga bir marta p\u00fcsk\u00fcrt\u00fcn, keyin sprey foydalanishga tayyor. Sprey sifatida: boshingizni tik tuting va purkagich boshini burun teshigiga ehtiyotkorlik bilan kiriting. Har bir burun teshigiga bir yoki ikkita qisqa spreylar bering. Ortiqcha eritmani buruningizdan oqishiga ruxsat bering va keyin burningizni puflang. Durulama sifatida: chaqaloqni orqa tomoniga qo&#8217;ying (2 yoshgacha) yoki o&#8217;tiring (2 yoshdan). Bolaning boshini yon tomonga (hech qachon orqaga) egib, purkagich boshini yuqori burun teshigiga ehtiyotkorlik bilan kiriting. Uzunroq spreyi yuboring. Ortiqcha eritmaning boshqa burun teshigidan oqib chiqishiga ruxsat bering va. agar kerak bo&#8217;lsa, boshqa burun teshigida takrorlang. Har foydalanishdan keyin purkagich boshini issiq suv bilan tozalang. Patogenlarni yuqtirmaslik uchun har bir shisha faqat bitta foydalanuvchi tomonidan ishlatilishi kerak. DOZI: burun shilliq qavati yo&#8217;qolguncha kuniga 2 dan 6 marta foydalaning. Vaqtinchalik foydalanish uchun 3 oylik chaqaloqlar va bolalar uchun tavsiya etiladi: \u2022 Burun shilliq qavatining shishishini kamaytirish \u2022 Burun bo&#8217;shliqlarini chayish orqali sovuqni davolashda yordam berish.<\/p>","protected":false},"excerpt":{"rendered":"<p>Chaqaloqlar uchun burun spreyi Burun tiqilib qolganlar uchun ideal Spray&hellip;<\/p>\n<p> <a class=\"more-link\" href=\"https:\/\/piyola.shop\/uz\/mahsulot\/burun-spreyi-va-chayish-uchun-2si-1-tada-burun-tiqilib-qolgan-chaqaloq-50-ml\/\">Ko&#039;proq o&#039;qish<\/a><\/p>","protected":false},"featured_media":14892,"comment_status":"open","ping_status":"closed","template":"","meta":{"om_disable_all_campaigns":false},"product_brand":[],"product_cat":[214,212],"product_tag":[],"class_list":{"0":"post-14889","1":"product","2":"type-product","3":"status-publish","4":"has-post-thumbnail","6":"product_cat-shamollash-burun","7":"product_cat-shamollashga-qarshi","9":"first","10":"instock","11":"shipping-taxable","12":"purchasable","13":"product-type-simple"},"aioseo_notices":[],"jetpack_sharing_enabled":true,"builder_content":"","_links":{"self":[{"href":"https:\/\/piyola.shop\/uz\/wp-json\/wp\/v2\/product\/14889","targetHints":{"allow":["GET"]}}],"collection":[{"href":"https:\/\/piyola.shop\/uz\/wp-json\/wp\/v2\/product"}],"about":[{"href":"https:\/\/piyola.shop\/uz\/wp-json\/wp\/v2\/types\/product"}],"replies":[{"embeddable":true,"href":"https:\/\/piyola.shop\/uz\/wp-json\/wp\/v2\/comments?post=14889"}],"wp:featuredmedia":[{"embeddable":true,"href":"https:\/\/piyola.shop\/uz\/wp-json\/wp\/v2\/media\/14892"}],"wp:attachment":[{"href":"https:\/\/piyola.shop\/uz\/wp-json\/wp\/v2\/media?parent=14889"}],"wp:term":[{"taxonomy":"product_brand","embeddable":true,"href":"https:\/\/piyola.shop\/uz\/wp-json\/wp\/v2\/product_brand?post=14889"},{"taxonomy":"product_cat","embeddable":true,"href":"https:\/\/piyola.shop\/uz\/wp-json\/wp\/v2\/product_cat?post=14889"},{"taxonomy":"product_tag","embeddable":true,"href":"https:\/\/piyola.shop\/uz\/wp-json\/wp\/v2\/product_tag?post=14889"}],"curies":[{"name":"wp","href":"https:\/\/api.w.org\/{rel}","templated":true}]}}