{"id":14901,"date":"2024-05-21T11:31:11","date_gmt":"2024-05-21T09:31:11","guid":{"rendered":"https:\/\/piyola.shop\/?post_type=product&#038;p=14901"},"modified":"2024-05-21T11:31:11","modified_gmt":"2024-05-21T09:31:11","slug":"burunni-dengiz-tuzi-bilan-yuvish-100-ml","status":"publish","type":"product","link":"https:\/\/piyola.shop\/uz\/mahsulot\/burunni-dengiz-tuzi-bilan-yuvish-100-ml\/","title":{"rendered":"Burunni dengiz tuzi bilan yuvish, 100 ml"},"content":{"rendered":"<p>Foydalanishga tayyor<br \/>\nBurunni muloyimlik bilan tozalaydi va tozalaydi<br \/>\nAllergiya va shamollash uchun<br \/>\nAllergenlarni, viruslarni va bakteriyalarni yo&#8217;q qiladi<br \/>\nBurun shilliq qavatini namlash uchun<br \/>\nAbtei burunni dengiz tuzi bilan yuvish vositasi shamollash, allergiya holatlarida yoki kundalik burun gigienasi uchun foydalanish uchun tabiiy dengiz suvi bilan izotonik spreydir. U foydalanishga tayyor &#8211; unga tegmaslik kerak.<\/p>\n<p>Dozalash bo&#8217;yicha ko&#8217;rsatmalar: Iltimos, ishlatishdan oldin qadoqdagi varaqni o&#8217;qing. \u2022 Kundalik profilaktik foydalanish uchun: Kuniga 1-2 marta har burun teshigiga 1-2 martadan sekundlar davomida p\u00fcsk\u00fcrt\u00fcn \u2022 Sovuq bilan qo&#8217;llash uchun: Har burun teshigiga kuniga 4-6 marta 1-2 marta p\u00fcsk\u00fcrt\u00fcn. Aplikatorni olib tashlang va yuving. har foydalanishdan keyin yaxshilab. Homiladorlik va emizish davrida foydalanish mumkin.<\/p>","protected":false},"excerpt":{"rendered":"<p>Foydalanishga tayyor Burunni muloyimlik bilan tozalaydi va tozalaydi Allergiya va&hellip;<\/p>\n<p> <a class=\"more-link\" href=\"https:\/\/piyola.shop\/uz\/mahsulot\/burunni-dengiz-tuzi-bilan-yuvish-100-ml\/\">Ko&#039;proq o&#039;qish<\/a><\/p>","protected":false},"featured_media":14902,"comment_status":"open","ping_status":"closed","template":"","meta":{"om_disable_all_campaigns":false},"product_brand":[],"product_cat":[214],"product_tag":[],"class_list":{"0":"post-14901","1":"product","2":"type-product","3":"status-publish","4":"has-post-thumbnail","6":"product_cat-shamollash-burun","8":"first","9":"instock","10":"shipping-taxable","11":"purchasable","12":"product-type-simple"},"aioseo_notices":[],"jetpack_sharing_enabled":true,"builder_content":"","_links":{"self":[{"href":"https:\/\/piyola.shop\/uz\/wp-json\/wp\/v2\/product\/14901","targetHints":{"allow":["GET"]}}],"collection":[{"href":"https:\/\/piyola.shop\/uz\/wp-json\/wp\/v2\/product"}],"about":[{"href":"https:\/\/piyola.shop\/uz\/wp-json\/wp\/v2\/types\/product"}],"replies":[{"embeddable":true,"href":"https:\/\/piyola.shop\/uz\/wp-json\/wp\/v2\/comments?post=14901"}],"wp:featuredmedia":[{"embeddable":true,"href":"https:\/\/piyola.shop\/uz\/wp-json\/wp\/v2\/media\/14902"}],"wp:attachment":[{"href":"https:\/\/piyola.shop\/uz\/wp-json\/wp\/v2\/media?parent=14901"}],"wp:term":[{"taxonomy":"product_brand","embeddable":true,"href":"https:\/\/piyola.shop\/uz\/wp-json\/wp\/v2\/product_brand?post=14901"},{"taxonomy":"product_cat","embeddable":true,"href":"https:\/\/piyola.shop\/uz\/wp-json\/wp\/v2\/product_cat?post=14901"},{"taxonomy":"product_tag","embeddable":true,"href":"https:\/\/piyola.shop\/uz\/wp-json\/wp\/v2\/product_tag?post=14901"}],"curies":[{"name":"wp","href":"https:\/\/api.w.org\/{rel}","templated":true}]}}