{"id":14905,"date":"2024-05-21T11:35:21","date_gmt":"2024-05-21T09:35:21","guid":{"rendered":"https:\/\/piyola.shop\/?post_type=product&#038;p=14905"},"modified":"2024-05-21T11:35:21","modified_gmt":"2024-05-21T09:35:21","slug":"dekonjestan-burun-spreyi-15-ml","status":"publish","type":"product","link":"https:\/\/piyola.shop\/uz\/mahsulot\/dekonjestan-burun-spreyi-15-ml\/","title":{"rendered":"Dekonjestan burun spreyi, 15 ml"},"content":{"rendered":"<p>Dekonjestan burun spreyi<br \/>\nOdatlanish effektisiz<br \/>\nUzoq muddatli yengillikni ta&#8217;minlaydi<br \/>\nKlosterfrau sinulind\u00ae dekonjestan burun spreyi gipertonik tuz eritmasi bo&#8217;lib, tabiiy osmotik ta&#8217;sir orqali burunni tozalaydi. Bu burun shilliq qavatidan ortiqcha suvni olib tashlaydi va ayni paytda siliya harakatini yaxshilaydi. Mukus va polen, chang va boshqalar kabi begona jismlar shu tarzda osonroq olib tashlanishi mumkin. Bundan tashqari, dekspantenol tirnash xususiyati beruvchi burun shilliq qavatini oziqlantiradi va namlaydi. Burun spreyining maxsus tarkibi burunning uzoq muddatli tiniqligini ta&#8217;minlaydi va shilliq qavatni himoya qiladi.<\/p>\n<p>Qo&#8217;llash mumkin bo&#8217;lmagan holatlar:<br \/>\nsinulind dekonjestan burun spreyi ishlatilmasligi kerak<br \/>\n&#8211; agar sizda tarkibiy qismlardan biriga yuqori sezuvchanlik (allergiya) bo&#8217;lsa<br \/>\n&#8211; operatsiyalar, jarohatlar yoki burun va tomoqdagi og&#8217;ir yallig&#8217;lanishdan keyin.<br \/>\nHomiladorlik va emizish davri:<br \/>\nHomilador ayollar va emizikli onalar sinulind dekonjestan burun spreyini faqat tajriba etishmasligi sababli shifokor bilan maslahatlashganidan keyin qo&#8217;llashlari kerak.<br \/>\nO&#8217;zaro ta&#8217;sirlar:<br \/>\nHech qanday o&#8217;zaro ta&#8217;sirlar ma&#8217;lum emas. Shunga qaramay, sinulind dekonjestan burun spreyi burun va tomoqdagi boshqa vositalar bilan bir vaqtda ishlatilmasligi kerak. Etarli vaqt oralig&#8217;i mavjudligiga ishonch hosil qiling.<br \/>\nYon effektlar:<br \/>\nMaqsadga muvofiq foydalanilganda, ma&#8217;lum yon ta&#8217;siri yo&#8217;q.<br \/>\nXabar:<br \/>\nKaliy sorbat burun shilliq qavatining mahalliy tirnash xususiyati keltirib chiqarishi mumkin.<\/p>\n<p>Foydalanish sohasi:<br \/>\nSovuq, pichan isitmasi, yallig&#8217;langan burun shilliq qavati va tiqilib qolgan burunni qo&#8217;llab-quvvatlovchi davolash uchun. Burun shilliq qavatining shishishini kamaytirish uchun. Burun shilliq qavatiga g&#8217;amxo&#8217;rlik qilish uchun dekspantenol bilan.<br \/>\nIlova:<br \/>\n&#8211; Himoya qopqog&#8217;ini echib oling va qanot purkagich boshini pastga bosing. Iltimos, dastlabki foydalanishdan oldin bir nechta nasoslar talab qilinishini unutmang.<br \/>\n&#8211; To&#8217;g&#8217;ri ishlashini ta&#8217;minlash uchun foydalanish paytida buzadigan amallar shishasi tik holatda saqlanishi kerak.<br \/>\n&#8211; Ishlatilgandan so&#8217;ng, himoya qopqog&#8217;ini qayta kiyish kerak.<br \/>\n&#8211; Mikroblarning yuqishini oldini olish uchun sinulind dekonjestan burun spreyi faqat bir kishi tomonidan ishlatilishi kerak.<br \/>\nDozaj:<br \/>\n&#8211; Kattalar va o&#8217;smirlar, agar kerak bo&#8217;lsa, kuniga bir necha marta 1-2 marta buzadigan amallar<br \/>\n&#8211; 6 yosh va undan katta bolalar: agar kerak bo&#8217;lsa, kuniga bir necha marta 1 marta p\u00fcsk\u00fcrt\u00fcn<br \/>\nAgar semptomlar 1 haftadan ortiq davom etsa, shifokoringizga xabar bering. Yaroqlilik muddati o&#8217;tganidan keyin foydalanmang.<\/p>","protected":false},"excerpt":{"rendered":"<p>Dekonjestan burun spreyi Odatlanish effektisiz Uzoq muddatli yengillikni ta&#8217;minlaydi Klosterfrau&hellip;<\/p>\n<p> <a class=\"more-link\" href=\"https:\/\/piyola.shop\/uz\/mahsulot\/dekonjestan-burun-spreyi-15-ml\/\">Ko&#039;proq o&#039;qish<\/a><\/p>","protected":false},"featured_media":14906,"comment_status":"open","ping_status":"closed","template":"","meta":{"om_disable_all_campaigns":false},"product_brand":[],"product_cat":[214],"product_tag":[],"class_list":{"0":"post-14905","1":"product","2":"type-product","3":"status-publish","4":"has-post-thumbnail","6":"product_cat-shamollash-burun","8":"first","9":"instock","10":"shipping-taxable","11":"purchasable","12":"product-type-simple"},"aioseo_notices":[],"jetpack_sharing_enabled":true,"builder_content":"","_links":{"self":[{"href":"https:\/\/piyola.shop\/uz\/wp-json\/wp\/v2\/product\/14905","targetHints":{"allow":["GET"]}}],"collection":[{"href":"https:\/\/piyola.shop\/uz\/wp-json\/wp\/v2\/product"}],"about":[{"href":"https:\/\/piyola.shop\/uz\/wp-json\/wp\/v2\/types\/product"}],"replies":[{"embeddable":true,"href":"https:\/\/piyola.shop\/uz\/wp-json\/wp\/v2\/comments?post=14905"}],"wp:featuredmedia":[{"embeddable":true,"href":"https:\/\/piyola.shop\/uz\/wp-json\/wp\/v2\/media\/14906"}],"wp:attachment":[{"href":"https:\/\/piyola.shop\/uz\/wp-json\/wp\/v2\/media?parent=14905"}],"wp:term":[{"taxonomy":"product_brand","embeddable":true,"href":"https:\/\/piyola.shop\/uz\/wp-json\/wp\/v2\/product_brand?post=14905"},{"taxonomy":"product_cat","embeddable":true,"href":"https:\/\/piyola.shop\/uz\/wp-json\/wp\/v2\/product_cat?post=14905"},{"taxonomy":"product_tag","embeddable":true,"href":"https:\/\/piyola.shop\/uz\/wp-json\/wp\/v2\/product_tag?post=14905"}],"curies":[{"name":"wp","href":"https:\/\/api.w.org\/{rel}","templated":true}]}}